{"id":129,"date":"2020-03-04T13:15:02","date_gmt":"2020-03-04T16:15:02","guid":{"rendered":"https:\/\/municipalidadpucon.cl\/?page_id=129"},"modified":"2024-12-26T11:19:43","modified_gmt":"2024-12-26T14:19:43","slug":"direccion-de-transito-2","status":"publish","type":"page","link":"https:\/\/municipalidadpucon.cl\/?page_id=129","title":{"rendered":"Tr\u00e1mites Direcci\u00f3n de Tr\u00e1nsito"},"content":{"rendered":"<p><div class=\"fusion-fullwidth fullwidth-box fusion-builder-row-1 nonhundred-percent-fullwidth non-hundred-percent-height-scrolling\" style=\"--awb-border-radius-top-left:0px;--awb-border-radius-top-right:0px;--awb-border-radius-bottom-right:0px;--awb-border-radius-bottom-left:0px;--awb-flex-wrap:wrap;\" ><div class=\"fusion-builder-row fusion-row\"><div class=\"fusion-layout-column fusion_builder_column fusion-builder-column-0 fusion_builder_column_1_1 1_1 fusion-one-full fusion-column-first fusion-column-last\" style=\"--awb-bg-size:cover;\"><div class=\"fusion-column-wrapper fusion-column-has-shadow fusion-flex-column-wrapper-legacy\"><div class=\"fusion-text fusion-text-1\"><p style=\"text-align: center;\"><strong>O\u00b4HIGGINS 774 &#8211; OFICINAS 1204 y 1205<\/strong><\/p>\n<p style=\"text-align: center;\"><span style=\"font-size: 10pt;\">Horario atenci\u00f3n 8:00 a 14:00<\/span><br \/>\n<span style=\"font-size: 10pt;\">Fono Licencias de Conducir: 45 2 400614<br \/>\nCorreo Licencia Conducir: \u00a0lconducir@municipalidadpucon.cl<br \/>\n<\/span><span style=\"font-size: 10pt;\">Fono Permisos de Circulaci\u00f3n: 45 2 400603 &#8211; 45 2 400610<br \/>\nCorreo Permiso de Circulaci\u00f3n: pcirculacion@municipalidadpucon.cl<\/span><\/p>\n<\/div><div class=\"fusion-clearfix\"><\/div><\/div><\/div><\/div><\/div><div class=\"fusion-fullwidth fullwidth-box fusion-builder-row-2 nonhundred-percent-fullwidth non-hundred-percent-height-scrolling\" style=\"--awb-border-radius-top-left:0px;--awb-border-radius-top-right:0px;--awb-border-radius-bottom-right:0px;--awb-border-radius-bottom-left:0px;--awb-flex-wrap:wrap;\" ><div class=\"fusion-builder-row fusion-row\"><div class=\"fusion-layout-column fusion_builder_column fusion-builder-column-1 fusion_builder_column_1_1 1_1 fusion-one-full fusion-column-first fusion-column-last\" style=\"--awb-bg-size:cover;\"><div class=\"fusion-column-wrapper fusion-column-has-shadow fusion-flex-column-wrapper-legacy\"><div class=\"accordian fusion-accordian\" style=\"--awb-border-size:1px;--awb-icon-size:16px;--awb-content-font-size:16px;--awb-icon-alignment:left;--awb-hover-color:#ffffff;--awb-border-color:#e2e2e2;--awb-background-color:#ffffff;--awb-divider-color:#e2e2e2;--awb-divider-hover-color:#e2e2e2;--awb-icon-color:#ffffff;--awb-title-color:#212934;--awb-content-color:#4a4e57;--awb-icon-box-color:#212934;--awb-toggle-hover-accent-color:#1a80b6;--awb-title-font-family:&quot;Zilla Slab&quot;;--awb-title-font-weight:400;--awb-title-font-style:normal;--awb-content-font-family:&quot;Open Sans&quot;;--awb-content-font-style:normal;--awb-content-font-weight:400;\"><div class=\"panel-group fusion-toggle-icon-boxed\" id=\"accordion-129-1\"><div class=\"fusion-panel panel-default panel-57d5a304e031a427d fusion-toggle-no-divider fusion-toggle-boxed-mode\"><div class=\"panel-heading\"><h4 class=\"panel-title toggle\" id=\"toggle_57d5a304e031a427d\"><a aria-expanded=\"false\" aria-controls=\"57d5a304e031a427d\" role=\"button\" data-toggle=\"collapse\" data-parent=\"#accordion-129-1\" data-target=\"#57d5a304e031a427d\" href=\"#57d5a304e031a427d\"><span class=\"fusion-toggle-icon-wrapper\" aria-hidden=\"true\"><i class=\"fa-fusion-box active-icon awb-icon-minus\" aria-hidden=\"true\"><\/i><i class=\"fa-fusion-box inactive-icon awb-icon-plus\" aria-hidden=\"true\"><\/i><\/span><span class=\"fusion-toggle-heading\">Direcci\u00f3n de Tr\u00e1nsito - Licencias de Conducir<\/span><\/a><\/h4><\/div><div id=\"57d5a304e031a427d\" class=\"panel-collapse collapse \" aria-labelledby=\"toggle_57d5a304e031a427d\"><div class=\"panel-body toggle-content fusion-clearfix\">\n<ul>\n<li><span style=\"font-size: 10pt;\"><a class=\"archive-documento\" href=\"https:\/\/www.conaset.cl\/\">Comisi\u00f3n Nacional de Seguridad de Tr\u00e1nsito (CONASET) &#8211; Informaci\u00f3n general sobre Seguridad de Tr\u00e1nsito<\/a><\/span><\/li>\n<li><span style=\"font-size: 10pt;\"><a class=\"archive-documento\" href=\"https:\/\/municipalidadpucon.cl\/?p=28566\">Obtenci\u00f3n Primera Licencia Clase B y C<\/a><\/span><\/li>\n<li><span style=\"font-size: 10pt;\"><a class=\"archive-documento\" href=\"https:\/\/municipalidadpucon.cl\/?p=28568\">Obtenci\u00f3n Primera Licencia Clase D<\/a><\/span><\/li>\n<li><span style=\"font-size: 10pt;\"><a class=\"archive-documento\" href=\"https:\/\/municipalidadpucon.cl\/?p=28582\">Obtenci\u00f3n Licencias Profesionales: Clase A1, A2, A4<\/a><\/span><\/li>\n<li><span style=\"font-size: 10pt;\"><a class=\"archive-documento\" href=\"https:\/\/municipalidadpucon.cl\/?p=28590\">Obtenci\u00f3n Licencia Profesional: Clase A3<\/a><\/span><\/li>\n<li><span style=\"font-size: 10pt;\"><a class=\"archive-documento\" href=\"https:\/\/municipalidadpucon.cl\/?p=28595\">Obtenci\u00f3n Licencias Clase A5 Ley 19.495<\/a><\/span><\/li>\n<li><span style=\"font-size: 10pt;\"><a class=\"archive-documento\" href=\"https:\/\/municipalidadpucon.cl\/?p=28599\">Control o Renovaci\u00f3n de Licencias: Clase B-C-\u00adD-E<\/a><\/span><\/li>\n<li><span style=\"font-size: 10pt;\"><a class=\"archive-documento\" href=\"https:\/\/municipalidadpucon.cl\/?p=28609\">Control o Renovaci\u00f3n de Licencias Clase F<\/a><\/span><\/li>\n<li><span style=\"font-size: 10pt;\"><a class=\"archive-documento\" href=\"https:\/\/municipalidadpucon.cl\/?p=28612\">Control o Renovaci\u00f3n Licencias Clases A1, A2 (Ley 18.290, antes del 08\/03\/1997)<\/a><\/span><\/li>\n<li><span style=\"font-size: 10pt;\"><a class=\"archive-documento\" href=\"https:\/\/municipalidadpucon.cl\/?p=28616\">Obtenci\u00f3n duplicado licencia de conducir<\/a><\/span><\/li>\n<li><span style=\"font-size: 10pt;\"><a class=\"archive-documento\" href=\"https:\/\/municipalidadpucon.cl\/?p=28619\">Registrar Cambio de Domicilio<\/a><\/span><\/li>\n<\/ul>\n<\/div><\/div><\/div><div class=\"fusion-panel panel-default panel-8f78c261bef2746c8 fusion-toggle-no-divider fusion-toggle-boxed-mode\"><div class=\"panel-heading\"><h4 class=\"panel-title toggle\" id=\"toggle_8f78c261bef2746c8\"><a aria-expanded=\"false\" aria-controls=\"8f78c261bef2746c8\" role=\"button\" data-toggle=\"collapse\" data-parent=\"#accordion-129-1\" data-target=\"#8f78c261bef2746c8\" href=\"#8f78c261bef2746c8\"><span class=\"fusion-toggle-icon-wrapper\" aria-hidden=\"true\"><i class=\"fa-fusion-box active-icon awb-icon-minus\" aria-hidden=\"true\"><\/i><i class=\"fa-fusion-box inactive-icon awb-icon-plus\" aria-hidden=\"true\"><\/i><\/span><span class=\"fusion-toggle-heading\">Direcci\u00f3n de Tr\u00e1nsito - Permisos de Circulaci\u00f3n<\/span><\/a><\/h4><\/div><div id=\"8f78c261bef2746c8\" class=\"panel-collapse collapse \" aria-labelledby=\"toggle_8f78c261bef2746c8\"><div class=\"panel-body toggle-content fusion-clearfix\">\n<ul>\n<li><span style=\"font-size: 10pt;\"><a class=\"archive-documento\" href=\"https:\/\/municipalidadpucon.cl\/?p=28623\">Permisos de circulaci\u00f3n Veh\u00edculo 0 Km.<\/a><\/span><\/li>\n<li><span style=\"font-size: 10pt;\"><a class=\"archive-documento\" href=\"https:\/\/municipalidadpucon.cl\/?p=28627\">Renovaciones de Permisos de Circulaci\u00f3n veh\u00edculos particulares, autom\u00f3viles de alquiler de lujo, autom\u00f3viles de turismo o de servicios especiales station wagons<\/a><\/span><\/li>\n<li><span style=\"font-size: 10pt;\"><a class=\"archive-documento\" href=\"https:\/\/municipalidadpucon.cl\/?p=28634\">Duplicado Permiso de Circulaci\u00f3n<\/a><\/span><\/li>\n<li><span style=\"font-size: 10pt;\"><a class=\"archive-documento\" href=\"https:\/\/municipalidadpucon.cl\/?p=28638\">Duplicado Sello Verde<\/a><\/span><\/li>\n<li><span style=\"font-size: 10pt;\"><a class=\"archive-documento\" href=\"https:\/\/municipalidadpucon.cl\/?p=28642\">Furgones Escolares<\/a><\/span><\/li>\n<li><span style=\"font-size: 10pt;\"><a class=\"archive-documento\" href=\"https:\/\/municipalidadpucon.cl\/?p=28645\">Permisos provisorios<\/a><\/span><\/li>\n<li><span style=\"font-size: 10pt;\"><a class=\"archive-documento\" href=\"https:\/\/municipalidadpucon.cl\/?p=28648\">Inscripci\u00f3n y Venta de Placa Patente Carro Arrastre Hasta 1750 Kg.<\/a><\/span><\/li>\n<li><span style=\"font-size: 10pt;\"><a class=\"archive-documento\" href=\"https:\/\/municipalidadpucon.cl\/?p=28650\">Carros Tracci\u00f3n Animal o humana<\/a><\/span><\/li>\n<li><span style=\"font-size: 10pt;\"><a class=\"archive-documento\" href=\"https:\/\/municipalidadpucon.cl\/?p=28655\">Inspecci\u00f3n Ocular<\/a><\/span><\/li>\n<li><span style=\"font-size: 10pt;\"><a class=\"archive-documento\" href=\"https:\/\/municipalidadpucon.cl\/?p=28658\">Aplicaci\u00f3n del Calendario para completar los certificados de homologaci\u00f3n<\/a><\/span><\/li>\n<li><span style=\"font-size: 10pt;\"><a class=\"archive-documento\" href=\"https:\/\/municipalidadpucon.cl\/?p=28662\">Prescripci\u00f3n de deuda y Convenio de Pago.<\/a><\/span><\/li>\n<li><span style=\"font-size: 10pt;\"><a class=\"archive-documento\" href=\"https:\/\/municipalidadpucon.cl\/?p=28665\">Otros veh\u00edculos exentos<\/a><\/span><\/li>\n<li><span style=\"font-size: 10pt;\"><a class=\"archive-documento\" href=\"https:\/\/municipalidadpucon.cl\/?p=28668\">Veh\u00edculos anteriormente diplom\u00e1ticos<\/a><\/span><\/li>\n<li><span style=\"font-size: 10pt;\"><a class=\"archive-documento\" href=\"https:\/\/municipalidadpucon.cl\/?p=28672\">Veh\u00edculos Extranjeros<\/a><\/span><\/li>\n<li><span style=\"font-size: 10pt;\"><a class=\"archive-documento\" href=\"https:\/\/municipalidadpucon.cl\/?p=28675\">Veh\u00edculos nuevos con liberaci\u00f3n aduanera<\/a><\/span><\/li>\n<li><span style=\"font-size: 10pt;\"><a class=\"archive-documento\" href=\"https:\/\/municipalidadpucon.cl\/?p=28678\">Veh\u00edculos pertenecientes al Cuerpo de Bomberos<\/a><\/span><\/li>\n<li><span style=\"font-size: 10pt;\"><a class=\"archive-documento\" href=\"https:\/\/municipalidadpucon.cl\/?p=28682\">Veh\u00edculos que usan gas como combustible<\/a><\/span><\/li>\n<\/ul>\n<\/div><\/div><\/div><div class=\"fusion-panel panel-default panel-896eeff0adc62b395 fusion-toggle-no-divider fusion-toggle-boxed-mode\"><div class=\"panel-heading\"><h4 class=\"panel-title toggle\" id=\"toggle_896eeff0adc62b395\"><a aria-expanded=\"false\" aria-controls=\"896eeff0adc62b395\" role=\"button\" data-toggle=\"collapse\" data-parent=\"#accordion-129-1\" data-target=\"#896eeff0adc62b395\" href=\"#896eeff0adc62b395\"><span class=\"fusion-toggle-icon-wrapper\" aria-hidden=\"true\"><i class=\"fa-fusion-box active-icon awb-icon-minus\" aria-hidden=\"true\"><\/i><i class=\"fa-fusion-box inactive-icon awb-icon-plus\" aria-hidden=\"true\"><\/i><\/span><span class=\"fusion-toggle-heading\">Direcci\u00f3n de Tr\u00e1nsito - Varios<\/span><\/a><\/h4><\/div><div id=\"896eeff0adc62b395\" class=\"panel-collapse collapse \" aria-labelledby=\"toggle_896eeff0adc62b395\"><div class=\"panel-body toggle-content fusion-clearfix\">\n<ul>\n<li><span style=\"font-size: 10pt;\"><a class=\"archive-documento\" href=\"https:\/\/municipalidadpucon.cl\/?p=28687\">Solicitud de Certificado de aprobaci\u00f3n de medidas de seguridad vial, para trabajos en la v\u00eda<\/a><\/span><\/li>\n<li><span style=\"font-size: 10pt;\"><a class=\"archive-documento\" href=\"https:\/\/municipalidadpucon.cl\/?p=28690\">Se\u00f1alizaci\u00f3n y\/o Demarcaci\u00f3n de Tr\u00e1nsito<\/a><\/span><\/li>\n<li><span style=\"font-size: 10pt;\"><a class=\"archive-documento\" href=\"https:\/\/municipalidadpucon.cl\/?p=28694\">Cierre de Pasajes<\/a><\/span><\/li>\n<\/ul>\n<\/div><\/div><\/div><\/div><\/div><div class=\"fusion-clearfix\"><\/div><\/div><\/div><\/div><\/div><\/p>\n","protected":false},"excerpt":{"rendered":"","protected":false},"author":1,"featured_media":0,"parent":0,"menu_order":0,"comment_status":"closed","ping_status":"closed","template":"","meta":[],"_links":{"self":[{"href":"https:\/\/municipalidadpucon.cl\/index.php?rest_route=\/wp\/v2\/pages\/129"}],"collection":[{"href":"https:\/\/municipalidadpucon.cl\/index.php?rest_route=\/wp\/v2\/pages"}],"about":[{"href":"https:\/\/municipalidadpucon.cl\/index.php?rest_route=\/wp\/v2\/types\/page"}],"author":[{"embeddable":true,"href":"https:\/\/municipalidadpucon.cl\/index.php?rest_route=\/wp\/v2\/users\/1"}],"replies":[{"embeddable":true,"href":"https:\/\/municipalidadpucon.cl\/index.php?rest_route=%2Fwp%2Fv2%2Fcomments&post=129"}],"version-history":[{"count":46,"href":"https:\/\/municipalidadpucon.cl\/index.php?rest_route=\/wp\/v2\/pages\/129\/revisions"}],"predecessor-version":[{"id":57958,"href":"https:\/\/municipalidadpucon.cl\/index.php?rest_route=\/wp\/v2\/pages\/129\/revisions\/57958"}],"wp:attachment":[{"href":"https:\/\/municipalidadpucon.cl\/index.php?rest_route=%2Fwp%2Fv2%2Fmedia&parent=129"}],"curies":[{"name":"wp","href":"https:\/\/api.w.org\/{rel}","templated":true}]}}