{"id":133,"date":"2020-03-04T13:15:51","date_gmt":"2020-03-04T16:15:51","guid":{"rendered":"https:\/\/municipalidadpucon.cl\/?page_id=133"},"modified":"2026-04-20T14:35:16","modified_gmt":"2026-04-20T17:35:16","slug":"direccion-de-obras-municipales","status":"publish","type":"page","link":"https:\/\/municipalidadpucon.cl\/?page_id=133","title":{"rendered":"Tr\u00e1mites Direcci\u00f3n de Obras Municipales"},"content":{"rendered":"<div class=\"fusion-fullwidth fullwidth-box fusion-builder-row-1 nonhundred-percent-fullwidth non-hundred-percent-height-scrolling\" style=\"--awb-border-radius-top-left:0px;--awb-border-radius-top-right:0px;--awb-border-radius-bottom-right:0px;--awb-border-radius-bottom-left:0px;--awb-flex-wrap:wrap;\" ><div class=\"fusion-builder-row fusion-row\"><div class=\"fusion-layout-column fusion_builder_column fusion-builder-column-0 fusion_builder_column_1_1 1_1 fusion-one-full fusion-column-first fusion-column-last\" style=\"--awb-bg-size:cover;\"><div class=\"fusion-column-wrapper fusion-column-has-shadow fusion-flex-column-wrapper-legacy\"><div class=\"accordian fusion-accordian\" style=\"--awb-border-size:1px;--awb-icon-size:16px;--awb-content-font-size:16px;--awb-icon-alignment:left;--awb-hover-color:#ffffff;--awb-border-color:#e2e2e2;--awb-background-color:#ffffff;--awb-divider-color:#e2e2e2;--awb-divider-hover-color:#e2e2e2;--awb-icon-color:#ffffff;--awb-title-color:#212934;--awb-content-color:#4a4e57;--awb-icon-box-color:#212934;--awb-toggle-hover-accent-color:#1a80b6;--awb-title-font-family:&quot;Zilla Slab&quot;;--awb-title-font-weight:400;--awb-title-font-style:normal;--awb-content-font-family:&quot;Open Sans&quot;;--awb-content-font-style:normal;--awb-content-font-weight:400;\"><div class=\"panel-group fusion-toggle-icon-boxed\" id=\"accordion-133-1\"><div class=\"fusion-panel panel-default panel-3acb77d4744133ee4 fusion-toggle-no-divider fusion-toggle-boxed-mode\" style=\"--awb-title-color:#212934;\"><div class=\"panel-heading\"><h4 class=\"panel-title toggle\" id=\"toggle_3acb77d4744133ee4\"><a aria-expanded=\"false\" aria-controls=\"3acb77d4744133ee4\" role=\"button\" data-toggle=\"collapse\" data-parent=\"#accordion-133-1\" data-target=\"#3acb77d4744133ee4\" href=\"#3acb77d4744133ee4\"><span class=\"fusion-toggle-icon-wrapper\" aria-hidden=\"true\"><i class=\"fa-fusion-box active-icon awb-icon-minus\" aria-hidden=\"true\"><\/i><i class=\"fa-fusion-box inactive-icon awb-icon-plus\" aria-hidden=\"true\"><\/i><\/span><span class=\"fusion-toggle-heading\">Direcci\u00f3n de Obras Municipales - Certificados<\/span><\/a><\/h4><\/div><div id=\"3acb77d4744133ee4\" class=\"panel-collapse collapse \" aria-labelledby=\"toggle_3acb77d4744133ee4\"><div class=\"panel-body toggle-content fusion-clearfix\">\n<ul>\n<li><span style=\"text-decoration: underline; font-family: arial, helvetica, sans-serif;\"><span style=\"font-size: 10pt; color: #3366ff; text-decoration: underline;\"><a class=\"archive-documento\" style=\"color: #3366ff; text-decoration: underline;\" href=\"https:\/\/municipalidadpucon.cl\/?p=28698\">Certificado de N\u00famero<\/a><\/span><\/span><\/li>\n<li><span style=\"text-decoration: underline; font-family: arial, helvetica, sans-serif;\"><span style=\"color: #3366ff; text-decoration: underline;\"><a style=\"color: #3366ff; text-decoration: underline;\" href=\"https:\/\/municipalidadpucon.cl\/?p=48926\"><span style=\"font-size: 10pt;\">Certificado de Ruralidad<\/span><\/a><\/span><\/span><\/li>\n<li><span style=\"text-decoration: underline; font-family: arial, helvetica, sans-serif;\"><span style=\"font-size: 10pt; color: #3366ff; text-decoration: underline;\"><a class=\"archive-documento\" style=\"color: #3366ff; text-decoration: underline;\" href=\"https:\/\/municipalidadpucon.cl\/?p=28706\">Certificado de No Expropiaci\u00f3n<\/a><\/span><\/span><\/li>\n<li><span style=\"font-family: arial, helvetica, sans-serif;\"><span style=\"text-decoration: underline;\"><span style=\"font-size: 10pt; color: #3366ff; text-decoration: underline;\"><a class=\"archive-documento\" style=\"color: #3366ff; text-decoration: underline;\" href=\"https:\/\/municipalidadpucon.cl\/?p=28709\">Certificado de Zonificaci\u00f3n<\/a><\/span><\/span><span style=\"text-decoration: underline;\"><span style=\"font-size: 10pt; color: #3366ff; text-decoration: underline;\"><br \/>\n<\/span><\/span><\/span><\/li>\n<li><span style=\"text-decoration: underline; font-family: arial, helvetica, sans-serif;\"><span style=\"font-size: 10pt; color: #3366ff; text-decoration: underline;\"><a class=\"archive-documento\" style=\"color: #3366ff; text-decoration: underline;\" href=\"https:\/\/municipalidadpucon.cl\/?p=28717\">Certificado de Declaratoria de Utilidad P\u00fablica<\/a><\/span><\/span><\/li>\n<li><span style=\"text-decoration: underline; font-family: arial, helvetica, sans-serif;\"><span style=\"font-size: 10pt; color: #3366ff; text-decoration: underline;\"><a class=\"archive-documento\" style=\"color: #3366ff; text-decoration: underline;\" href=\"https:\/\/municipalidadpucon.cl\/?p=28721\">Certificado de Informaciones Previas<\/a><\/span><\/span><\/li>\n<\/ul>\n<\/div><\/div><\/div><div class=\"fusion-panel panel-default panel-bf7f48a621f032a34 fusion-toggle-no-divider fusion-toggle-boxed-mode\" style=\"--awb-title-color:#212934;\"><div class=\"panel-heading\"><h4 class=\"panel-title toggle\" id=\"toggle_bf7f48a621f032a34\"><a aria-expanded=\"false\" aria-controls=\"bf7f48a621f032a34\" role=\"button\" data-toggle=\"collapse\" data-parent=\"#accordion-133-1\" data-target=\"#bf7f48a621f032a34\" href=\"#bf7f48a621f032a34\"><span class=\"fusion-toggle-icon-wrapper\" aria-hidden=\"true\"><i class=\"fa-fusion-box active-icon awb-icon-minus\" aria-hidden=\"true\"><\/i><i class=\"fa-fusion-box inactive-icon awb-icon-plus\" aria-hidden=\"true\"><\/i><\/span><span class=\"fusion-toggle-heading\">Direcci\u00f3n de Obras Municipales - Formularios<\/span><\/a><\/h4><\/div><div id=\"bf7f48a621f032a34\" class=\"panel-collapse collapse \" aria-labelledby=\"toggle_bf7f48a621f032a34\"><div class=\"panel-body toggle-content fusion-clearfix\">\n<p><span style=\"font-size: 10pt; font-family: arial, helvetica, sans-serif;\">Los certificados pueden ser solicitados de manera DIGITAL o presencial, para ello deber\u00e1 realizarlo de la siguiente forma:<\/span><\/p>\n<p><span style=\"font-size: 10pt; font-family: arial, helvetica, sans-serif;\"><strong>DOM DIGITAL<\/strong><\/span><\/p>\n<ul>\n<li><span style=\"font-size: 10pt; font-family: arial, helvetica, sans-serif;\">Mediante la plataforma<span style=\"text-decoration: underline;\"><span style=\"color: #3366ff;\"> <a style=\"color: #3366ff; text-decoration: underline;\" href=\"https:\/\/pucon.domdigital.cl\/\">DOM DIGITAL<\/a><\/span><\/span> puede solicitar:<\/span>\n<ul>\n<li><span style=\"font-size: 10pt; font-family: arial, helvetica, sans-serif;\">Certificado De Informaciones Previas (formulario 5.1)<\/span><\/li>\n<li><span style=\"font-size: 10pt; font-family: arial, helvetica, sans-serif;\">Certificado De N\u00famero \/ Afectaci\u00f3n De Utilidad P\u00fablica (formulario 5.3)<\/span><\/li>\n<li><span style=\"font-size: 10pt; font-family: arial, helvetica, sans-serif;\">Certificado De Zonificaci\u00f3n (formulario 5.3.1)<\/span><\/li>\n<li><span style=\"font-size: 10pt; font-family: arial, helvetica, sans-serif;\">Certificado De Vivienda Social (formulario 5.3.3)<\/span><\/li>\n<li><span style=\"font-size: 10pt; font-family: arial, helvetica, sans-serif;\">Certificado De Vivienda DFL-2 (formulario 5.4.16)<\/span><\/li>\n<li><span style=\"font-size: 10pt; font-family: arial, helvetica, sans-serif;\">Certificado De Ruralidad (formulario 5.3.31)<\/span><\/li>\n<li><span style=\"font-size: 10pt; font-family: arial, helvetica, sans-serif;\">Certificado De No Expropiaci\u00f3n (formulario 5.3.32)<\/span><\/li>\n<\/ul>\n<\/li>\n<\/ul>\n<p><span style=\"font-size: 10pt; font-family: arial, helvetica, sans-serif;\"><strong>\u00a0<\/strong><strong>Presencial<\/strong><\/span><\/p>\n<ul>\n<li><span style=\"font-size: 10pt; font-family: arial, helvetica, sans-serif;\">Direcci\u00f3n: Av. O\u2019Higgins N\u00b0 772 Local Los \u00c1lamos<\/span><\/li>\n<li><span style=\"font-size: 10pt; font-family: arial, helvetica, sans-serif;\">Horario de atenci\u00f3n: lunes a viernes de 08:00 hrs. a 14:00 hrs.<\/span><\/li>\n<\/ul>\n<p><span style=\"font-size: 10pt; font-family: arial, helvetica, sans-serif;\">Los certificados tienen un plazo de emisi\u00f3n m\u00e1x. de 7 d\u00edas h\u00e1biles, despu\u00e9s de lo cual son remitidos al correo electr\u00f3nico indicado en la solicitud.<\/span><\/p>\n<p><span style=\"font-size: 10pt; font-family: arial, helvetica, sans-serif;\"><strong>Nota:<\/strong> Los certificados de Riesgo, Antig\u00fcedad, entre otros, deber\u00e1n solicitarse de manera presencial.<strong>\u00a0<\/strong><\/span><\/p>\n<\/div><\/div><\/div><\/div><\/div><div class=\"fusion-clearfix\"><\/div><\/div><\/div><\/div><\/div>\n","protected":false},"excerpt":{"rendered":"","protected":false},"author":1,"featured_media":0,"parent":0,"menu_order":0,"comment_status":"closed","ping_status":"closed","template":"","meta":[],"_links":{"self":[{"href":"https:\/\/municipalidadpucon.cl\/index.php?rest_route=\/wp\/v2\/pages\/133"}],"collection":[{"href":"https:\/\/municipalidadpucon.cl\/index.php?rest_route=\/wp\/v2\/pages"}],"about":[{"href":"https:\/\/municipalidadpucon.cl\/index.php?rest_route=\/wp\/v2\/types\/page"}],"author":[{"embeddable":true,"href":"https:\/\/municipalidadpucon.cl\/index.php?rest_route=\/wp\/v2\/users\/1"}],"replies":[{"embeddable":true,"href":"https:\/\/municipalidadpucon.cl\/index.php?rest_route=%2Fwp%2Fv2%2Fcomments&post=133"}],"version-history":[{"count":29,"href":"https:\/\/municipalidadpucon.cl\/index.php?rest_route=\/wp\/v2\/pages\/133\/revisions"}],"predecessor-version":[{"id":59798,"href":"https:\/\/municipalidadpucon.cl\/index.php?rest_route=\/wp\/v2\/pages\/133\/revisions\/59798"}],"wp:attachment":[{"href":"https:\/\/municipalidadpucon.cl\/index.php?rest_route=%2Fwp%2Fv2%2Fmedia&parent=133"}],"curies":[{"name":"wp","href":"https:\/\/api.w.org\/{rel}","templated":true}]}}