{"id":147,"date":"2020-03-04T13:23:08","date_gmt":"2020-03-04T16:23:08","guid":{"rendered":"https:\/\/municipalidadpucon.cl\/?page_id=147"},"modified":"2025-11-14T08:08:02","modified_gmt":"2025-11-14T11:08:02","slug":"contacto","status":"publish","type":"page","link":"https:\/\/municipalidadpucon.cl\/?page_id=147","title":{"rendered":"Contacto"},"content":{"rendered":"<p><div class=\"fusion-fullwidth fullwidth-box fusion-builder-row-1 nonhundred-percent-fullwidth non-hundred-percent-height-scrolling\" style=\"--awb-border-radius-top-left:0px;--awb-border-radius-top-right:0px;--awb-border-radius-bottom-right:0px;--awb-border-radius-bottom-left:0px;--awb-flex-wrap:wrap;\" ><div class=\"fusion-builder-row fusion-row\"><div class=\"fusion-layout-column fusion_builder_column fusion-builder-column-0 fusion_builder_column_1_3 1_3 fusion-one-third fusion-column-first\" style=\"--awb-bg-size:cover;width:33.333333333333%;width:calc(33.333333333333% - ( ( 4% ) * 0.33333333333333 ) );margin-right: 4%;\"><div class=\"fusion-column-wrapper fusion-column-has-shadow fusion-flex-column-wrapper-legacy\"><div class=\"fusion-column-content-centered\"><div class=\"fusion-column-content\"><div class=\"fusion-image-element fusion-image-align-center in-legacy-container\" style=\"text-align:center;--awb-caption-title-font-family:var(--h2_typography-font-family);--awb-caption-title-font-weight:var(--h2_typography-font-weight);--awb-caption-title-font-style:var(--h2_typography-font-style);--awb-caption-title-size:var(--h2_typography-font-size);--awb-caption-title-transform:var(--h2_typography-text-transform);--awb-caption-title-line-height:var(--h2_typography-line-height);--awb-caption-title-letter-spacing:var(--h2_typography-letter-spacing);\"><div class=\"imageframe-align-center\"><span class=\" fusion-imageframe imageframe-none imageframe-1 hover-type-none\"><img decoding=\"async\" width=\"148\" height=\"148\" title=\"LOGO AZUL25\" src=\"https:\/\/municipalidadpucon.cl\/wp-content\/uploads\/2020\/05\/LOGO-AZUL25.png\" alt class=\"img-responsive wp-image-27264\"\/><\/span><\/div><\/div><div class=\"fusion-text fusion-text-1\" style=\"--awb-content-alignment:left;\"><p style=\"text-align: justify;\"><span style=\"font-size: 10pt;\">Si\u00e9ntase en la libertad de tomar contacto con nosotros.\u00a0<\/span><\/p>\n<p style=\"text-align: justify;\"><span style=\"font-size: 10pt;\">Favor indique todos los datos solicitados para poder ofrecerle la mejor atenci\u00f3n.<\/span><\/p>\n<\/div><div class=\"fusion-text fusion-text-2\"><div class=\"fusion-li-item-content\">\n<p style=\"text-align: left;\"><strong><span style=\"font-size: 10pt;\">Direcci\u00f3n:<br \/>\n<\/span><\/strong><span style=\"font-size: 10pt;\"> Avda. Bdo. O&#8217;Higgins N\u00ba 483. Puc\u00f3n &#8211; IX Regi\u00f3n. Chile<\/span><\/p>\n<p style=\"text-align: left;\"><strong><span style=\"font-size: 10pt;\">Fono:<br \/>\n<\/span><\/strong><span style=\"font-size: 10pt;\">(56)(45) 2888000<\/span><\/p>\n<p style=\"text-align: left;\"><strong><span style=\"font-size: 10pt;\">Atenci\u00f3n de P\u00fablico: 09:00 a 14:00 hrs.<\/span><\/strong><\/p>\n<\/div>\n<\/div><\/div><\/div><div class=\"fusion-clearfix\"><\/div><\/div><\/div><div class=\"fusion-layout-column fusion_builder_column fusion-builder-column-1 fusion_builder_column_2_3 2_3 fusion-two-third fusion-column-last\" style=\"--awb-bg-size:cover;width:66.666666666667%;width:calc(66.666666666667% - ( ( 4% ) * 0.66666666666667 ) );\"><div class=\"fusion-column-wrapper fusion-column-has-shadow fusion-flex-column-wrapper-legacy\">\n<div class=\"wpcf7 no-js\" id=\"wpcf7-f24198-o1\" lang=\"es-CL\" dir=\"ltr\">\n<div class=\"screen-reader-response\"><p role=\"status\" aria-live=\"polite\" aria-atomic=\"true\"><\/p> <ul><\/ul><\/div>\n<form action=\"\/index.php?rest_route=%2Fwp%2Fv2%2Fpages%2F147#wpcf7-f24198-o1\" method=\"post\" class=\"wpcf7-form init\" aria-label=\"Contact form\" novalidate=\"novalidate\" data-status=\"init\">\n<div style=\"display: none;\">\n<input type=\"hidden\" name=\"_wpcf7\" value=\"24198\" \/>\n<input type=\"hidden\" name=\"_wpcf7_version\" value=\"5.8.7\" \/>\n<input type=\"hidden\" name=\"_wpcf7_locale\" value=\"es_CL\" \/>\n<input type=\"hidden\" name=\"_wpcf7_unit_tag\" value=\"wpcf7-f24198-o1\" \/>\n<input type=\"hidden\" name=\"_wpcf7_container_post\" value=\"0\" \/>\n<input type=\"hidden\" name=\"_wpcf7_posted_data_hash\" value=\"\" \/>\n<\/div>\n<p><label> Nombre (requerido)<br \/>\n<span class=\"wpcf7-form-control-wrap\" data-name=\"nombres\"><input size=\"40\" class=\"wpcf7-form-control wpcf7-text wpcf7-validates-as-required\" aria-required=\"true\" aria-invalid=\"false\" value=\"\" type=\"text\" name=\"nombres\" \/><\/span> <\/label><br \/>\n<label> Correo (requerido)<br \/>\n<span class=\"wpcf7-form-control-wrap\" data-name=\"your-email\"><input size=\"40\" class=\"wpcf7-form-control wpcf7-email wpcf7-validates-as-required wpcf7-text wpcf7-validates-as-email\" aria-required=\"true\" aria-invalid=\"false\" value=\"\" type=\"email\" name=\"your-email\" \/><\/span> <\/label><br \/>\nTel\u00e9fono (requerido)<br \/>\n<span class=\"wpcf7-form-control-wrap\" data-name=\"telefono\"><input size=\"40\" class=\"wpcf7-form-control wpcf7-tel wpcf7-validates-as-required wpcf7-text wpcf7-validates-as-tel\" aria-required=\"true\" aria-invalid=\"false\" value=\"\" type=\"tel\" name=\"telefono\" \/><\/span>\n<\/p>\n<p><label> Asunto (requerido)<br \/>\n<span class=\"wpcf7-form-control-wrap\" data-name=\"your-subject\"><input size=\"40\" class=\"wpcf7-form-control wpcf7-text wpcf7-validates-as-required\" aria-required=\"true\" aria-invalid=\"false\" value=\"\" type=\"text\" name=\"your-subject\" \/><\/span> <\/label>\n<\/p>\n<p>Departamento a Contactar (requerido)\n<\/p>\n<p><span class=\"wpcf7-form-control-wrap\" data-name=\"deptos\"><select class=\"wpcf7-form-control wpcf7-select wpcf7-validates-as-required\" aria-required=\"true\" aria-invalid=\"false\" name=\"deptos\"><option value=\"Alcald\u00eda\">Alcald\u00eda<\/option><option value=\"DIDECO\">DIDECO<\/option><option value=\"Direcci\u00f3n de Control\">Direcci\u00f3n de Control<\/option><option value=\"Direcci\u00f3n de Obras Municipales\">Direcci\u00f3n de Obras Municipales<\/option><option value=\"Direcci\u00f3n de Finanzas\">Direcci\u00f3n de Finanzas<\/option><option value=\"Direcci\u00f3n de Tr\u00e1nsito\">Direcci\u00f3n de Tr\u00e1nsito<\/option><option value=\"Direcci\u00f3n de Tr\u00e1nsito Licencia de Conducir\">Direcci\u00f3n de Tr\u00e1nsito Licencia de Conducir<\/option><option value=\"Direcci\u00f3n de Tr\u00e1nsito Permiso de Circulaci\u00f3n\">Direcci\u00f3n de Tr\u00e1nsito Permiso de Circulaci\u00f3n<\/option><option value=\"Secretar\u00eda Municipal\">Secretar\u00eda Municipal<\/option><option value=\"Direcci\u00f3n de Desarrollo Econ\u00f3mico, Fomento y Turismo\">Direcci\u00f3n de Desarrollo Econ\u00f3mico, Fomento y Turismo<\/option><option value=\"Depto. de Educaci\u00f3n\">Depto. de Educaci\u00f3n<\/option><option value=\"Depto. de Salud\">Depto. de Salud<\/option><option value=\"Direcci\u00f3n de Aseo, Ornato y Medio Ambiente\">Direcci\u00f3n de Aseo, Ornato y Medio Ambiente<\/option><option value=\"Coordinaci\u00f3n de Deportes\">Coordinaci\u00f3n de Deportes<\/option><option value=\"Coordinaci\u00f3n de Cultura\">Coordinaci\u00f3n de Cultura<\/option><option value=\"Asesor\u00eda Jur\u00eddica\">Asesor\u00eda Jur\u00eddica<\/option><option value=\"Concejo Municipal\">Concejo Municipal<\/option><option value=\"Juzgado de Polic\u00eda Local\">Juzgado de Polic\u00eda Local<\/option><option value=\"Of. Transparencia\">Of. Transparencia<\/option><option value=\"Of. Emergencias\">Of. Emergencias<\/option><option value=\"No sabe\">No sabe<\/option><\/select><\/span>\n<\/p>\n<p><label> Mensaje (requerido)<br \/>\n<span class=\"wpcf7-form-control-wrap\" data-name=\"your-message\"><textarea cols=\"40\" rows=\"10\" class=\"wpcf7-form-control wpcf7-textarea wpcf7-validates-as-required\" aria-required=\"true\" aria-invalid=\"false\" name=\"your-message\"><\/textarea><\/span> <\/label>\n<\/p>\n<p>Resultado de<br \/>\n<span class=\"wpcf7-form-control-wrap\" data-name=\"pregunta\"><label><span class=\"wpcf7-quiz-label\">5 0 - U n o = ?<\/span> <input size=\"5\" maxlength=\"2\" class=\"wpcf7-form-control wpcf7-quiz\" autocomplete=\"off\" aria-required=\"true\" aria-invalid=\"false\" type=\"text\" name=\"pregunta\" \/><\/label><input type=\"hidden\" name=\"_wpcf7_quiz_answer_pregunta\" value=\"b97a52a370254554669f1b43fcbfa119\" \/><\/span>\n<\/p>\n<p><input class=\"wpcf7-form-control wpcf7-submit has-spinner\" type=\"submit\" value=\"Enviar\" \/>\n<\/p><div class=\"fusion-alert alert custom alert-custom fusion-alert-center wpcf7-response-output awb-alert-native-link-color alert-dismissable awb-alert-close-boxed\" style=\"--awb-border-size:1px;--awb-border-top-left-radius:0px;--awb-border-top-right-radius:0px;--awb-border-bottom-left-radius:0px;\" role=\"alert\"><div class=\"fusion-alert-content-wrapper\"><span class=\"fusion-alert-content\"><\/span><\/div><button type=\"button\" class=\"close toggle-alert\" data-dismiss=\"alert\" aria-label=\"Close\">&times;<\/button><\/div>\n<\/form>\n<\/div>\n<div class=\"fusion-clearfix\"><\/div><\/div><\/div><\/div><\/div><\/p>\n","protected":false},"excerpt":{"rendered":"","protected":false},"author":1,"featured_media":0,"parent":0,"menu_order":0,"comment_status":"closed","ping_status":"closed","template":"","meta":[],"_links":{"self":[{"href":"https:\/\/municipalidadpucon.cl\/index.php?rest_route=\/wp\/v2\/pages\/147"}],"collection":[{"href":"https:\/\/municipalidadpucon.cl\/index.php?rest_route=\/wp\/v2\/pages"}],"about":[{"href":"https:\/\/municipalidadpucon.cl\/index.php?rest_route=\/wp\/v2\/types\/page"}],"author":[{"embeddable":true,"href":"https:\/\/municipalidadpucon.cl\/index.php?rest_route=\/wp\/v2\/users\/1"}],"replies":[{"embeddable":true,"href":"https:\/\/municipalidadpucon.cl\/index.php?rest_route=%2Fwp%2Fv2%2Fcomments&post=147"}],"version-history":[{"count":20,"href":"https:\/\/municipalidadpucon.cl\/index.php?rest_route=\/wp\/v2\/pages\/147\/revisions"}],"predecessor-version":[{"id":56030,"href":"https:\/\/municipalidadpucon.cl\/index.php?rest_route=\/wp\/v2\/pages\/147\/revisions\/56030"}],"wp:attachment":[{"href":"https:\/\/municipalidadpucon.cl\/index.php?rest_route=%2Fwp%2Fv2%2Fmedia&parent=147"}],"curies":[{"name":"wp","href":"https:\/\/api.w.org\/{rel}","templated":true}]}}