{"id":24200,"date":"2020-03-09T13:06:44","date_gmt":"2020-03-09T16:06:44","guid":{"rendered":"https:\/\/municipalidadpucon.cl\/?page_id=24200"},"modified":"2025-12-22T08:45:06","modified_gmt":"2025-12-22T11:45:06","slug":"tramites-direccion-de-administracion-y-finanzas","status":"publish","type":"page","link":"https:\/\/municipalidadpucon.cl\/?page_id=24200","title":{"rendered":"Tr\u00e1mites Direcci\u00f3n de Administraci\u00f3n y Finanzas"},"content":{"rendered":"<p><div class=\"fusion-fullwidth fullwidth-box fusion-builder-row-1 nonhundred-percent-fullwidth non-hundred-percent-height-scrolling\" style=\"--awb-border-radius-top-left:0px;--awb-border-radius-top-right:0px;--awb-border-radius-bottom-right:0px;--awb-border-radius-bottom-left:0px;--awb-flex-wrap:wrap;\" ><div class=\"fusion-builder-row fusion-row\"><div class=\"fusion-layout-column fusion_builder_column fusion-builder-column-0 fusion_builder_column_1_1 1_1 fusion-one-full fusion-column-first fusion-column-last\" style=\"--awb-bg-size:cover;\"><div class=\"fusion-column-wrapper fusion-column-has-shadow fusion-flex-column-wrapper-legacy\"><div class=\"accordian fusion-accordian\" style=\"--awb-border-size:1px;--awb-icon-size:16px;--awb-content-font-size:16px;--awb-icon-alignment:left;--awb-hover-color:#ffffff;--awb-border-color:#e2e2e2;--awb-background-color:#ffffff;--awb-divider-color:#e2e2e2;--awb-divider-hover-color:#e2e2e2;--awb-icon-color:#ffffff;--awb-title-color:#212934;--awb-content-color:#4a4e57;--awb-icon-box-color:#212934;--awb-toggle-hover-accent-color:#1a80b6;--awb-title-font-family:&quot;Zilla Slab&quot;;--awb-title-font-weight:400;--awb-title-font-style:normal;--awb-content-font-family:&quot;Open Sans&quot;;--awb-content-font-style:normal;--awb-content-font-weight:400;\"><div class=\"panel-group fusion-toggle-icon-boxed\" id=\"accordion-24200-1\"><div class=\"fusion-panel panel-default panel-5ea15d596be581a1b fusion-toggle-no-divider fusion-toggle-boxed-mode\" style=\"--awb-title-color:#212934;\"><div class=\"panel-heading\"><h4 class=\"panel-title toggle\" id=\"toggle_5ea15d596be581a1b\"><a aria-expanded=\"false\" aria-controls=\"5ea15d596be581a1b\" role=\"button\" data-toggle=\"collapse\" data-parent=\"#accordion-24200-1\" data-target=\"#5ea15d596be581a1b\" href=\"#5ea15d596be581a1b\"><span class=\"fusion-toggle-icon-wrapper\" aria-hidden=\"true\"><i class=\"fa-fusion-box active-icon awb-icon-minus\" aria-hidden=\"true\"><\/i><i class=\"fa-fusion-box inactive-icon awb-icon-plus\" aria-hidden=\"true\"><\/i><\/span><span class=\"fusion-toggle-heading\">Formularios<\/span><\/a><\/h4><\/div><div id=\"5ea15d596be581a1b\" class=\"panel-collapse collapse \" aria-labelledby=\"toggle_5ea15d596be581a1b\"><div class=\"panel-body toggle-content fusion-clearfix\">\n<ul>\n<li><span style=\"font-size: 10pt; font-family: arial, helvetica, sans-serif;\"><a class=\"archive-documento\" href=\"https:\/\/municipalidadpucon.cl\/oldweb\/web2010\/para%20descarga\/guia%20tramites\/Finanzas\/RentasPatentes\/FormularioActualizacionInformacion_2026.pdf\">Formulario N\u00b0 1 \u2013\u00a0Actualizaci\u00f3n y\/o Modificaci\u00f3n de Informaci\u00f3n de Patente<\/a><\/span><\/li>\n<li><span style=\"font-size: 10pt; font-family: arial, helvetica, sans-serif;\"><a class=\"archive-documento\" href=\"https:\/\/municipalidadpucon.cl\/oldweb\/web2010\/para%20descarga\/guia%20tramites\/Finanzas\/RentasPatentes\/FormularioSolicitudPatenteRequisitos_2026.pdf\">Formulario N\u00b0 2 \u2013 Solicitud de Patente<\/a><\/span><\/li>\n<li><span style=\"font-size: 10pt; font-family: arial, helvetica, sans-serif;\"><a class=\"archive-documento\" href=\"https:\/\/www.municipalidadpucon.cl\/oldweb\/web2010\/para%20descarga\/guia%20tramites\/Finanzas\/RentasPatentes\/FormularioInformePatenteComercial.pdf\">Formulario N\u00b0 3 \u2013 Informaci\u00f3n Anexa para Solicitud de Patente<\/a><\/span><\/li>\n<li><span style=\"font-size: 10pt; font-family: arial, helvetica, sans-serif;\"><a class=\"archive-documento\" href=\"https:\/\/www.municipalidadpucon.cl\/oldweb\/web2010\/para%20descarga\/guia%20tramites\/Finanzas\/RentasPatentes\/FormularioSolicitudPermisoMunicipal.pdf\">Formulario N\u00b0 4 \u2013\u00a0Solicitud Permiso Municipal<\/a><\/span><\/li>\n<li><span style=\"font-size: 10pt; font-family: arial, helvetica, sans-serif;\"><a class=\"archive-documento\" href=\"https:\/\/municipalidadpucon.cl\/oldweb\/web2010\/para%20descarga\/guia%20tramites\/Finanzas\/RentasPatentes\/Formulario5-PermisoLetreroPublicitario.pdf\">Formulario N\u00b0 5 \u2013 Solicitud para la instalaci\u00f3n de un letrero Publicitario<\/a><\/span><\/li>\n<li><span style=\"font-size: 10pt; font-family: arial, helvetica, sans-serif;\"><a class=\"archive-documento\" href=\"https:\/\/www.municipalidadpucon.cl\/oldweb\/web2010\/para%20descarga\/guia%20tramites\/Finanzas\/RentasPatentes\/FormularioZonificaci%C3%B3n.pdf\">Formulario N\u00b0 6 \u2013 Solicitud Certificado de Zonificaci\u00f3n<\/a><\/span><\/li>\n<li><span style=\"font-size: 10pt; font-family: arial, helvetica, sans-serif;\"><a class=\"archive-documento\" href=\"https:\/\/municipalidadpucon.cl\/oldweb\/web2010\/para%20descarga\/guia%20tramites\/Finanzas\/RentasPatentes\/FormularioDeclaracionTrabajadores_2025.pdf\">Formulario N\u00b0 7 \u2013 Declaraci\u00f3n Trabajadores y o Sucursal<\/a><\/span><\/li>\n<li><span style=\"font-size: 10pt; font-family: arial, helvetica, sans-serif;\"><a class=\"archive-documento\" href=\"https:\/\/municipalidadpucon.cl\/oldweb\/web2010\/para%20descarga\/guia%20tramites\/Finanzas\/RentasPatentes\/FormularioSolicitudRenovacionPatenteAlcohol_2026.pdf\">Formulario N\u00b0 8 \u2013\u00a0Solicitud Renovaci\u00f3n Patente Alcohol<\/a><\/span><\/li>\n<li><span style=\"font-family: arial, helvetica, sans-serif;\"><a href=\"https:\/\/municipalidadpucon.cl\/oldweb\/web2010\/para%20descarga\/guia%20tramites\/Finanzas\/RentasPatentes\/FormularioSolicitudRebajaInversiones_2025.pdf\"><span style=\"font-size: 10pt;\">Formulario N\u00b0 9 &#8211; Solicitud Certificado Rebaja de Inversiones<\/span><\/a><\/span><\/li>\n<li><a href=\"https:\/\/municipalidadpucon.cl\/oldweb\/web2010\/para%20descarga\/guia%20tramites\/Finanzas\/RentasPatentes\/Formulario_BNP_Mesas_Sillas.pdf\"><span style=\"font-family: arial, helvetica, sans-serif; font-size: 10pt;\">Formulario N\u00b0 10 &#8211; Solicitud de Permiso Temporal para Ocupaci\u00f3n en Bien Nacional de Uso P\u00fablico<\/span><\/a><\/li>\n<li><a href=\"https:\/\/municipalidadpucon.cl\/oldweb\/web2010\/para%20descarga\/guia%20tramites\/Finanzas\/RentasPatentes\/Formulario_Permiso_Funcionamiento_FoodTruck.pdf\"><span style=\"font-family: arial, helvetica, sans-serif; font-size: 10pt;\">Formulario N\u00b0 11 Solicitud de Permiso de Funcionamiento de Food Truck<\/span><\/a><\/li>\n<\/ul>\n<\/div><\/div><\/div><\/div><\/div><div class=\"fusion-clearfix\"><\/div><\/div><\/div><\/div><\/div><\/p>\n","protected":false},"excerpt":{"rendered":"","protected":false},"author":1,"featured_media":0,"parent":0,"menu_order":0,"comment_status":"closed","ping_status":"closed","template":"","meta":[],"_links":{"self":[{"href":"https:\/\/municipalidadpucon.cl\/index.php?rest_route=\/wp\/v2\/pages\/24200"}],"collection":[{"href":"https:\/\/municipalidadpucon.cl\/index.php?rest_route=\/wp\/v2\/pages"}],"about":[{"href":"https:\/\/municipalidadpucon.cl\/index.php?rest_route=\/wp\/v2\/types\/page"}],"author":[{"embeddable":true,"href":"https:\/\/municipalidadpucon.cl\/index.php?rest_route=\/wp\/v2\/users\/1"}],"replies":[{"embeddable":true,"href":"https:\/\/municipalidadpucon.cl\/index.php?rest_route=%2Fwp%2Fv2%2Fcomments&post=24200"}],"version-history":[{"count":10,"href":"https:\/\/municipalidadpucon.cl\/index.php?rest_route=\/wp\/v2\/pages\/24200\/revisions"}],"predecessor-version":[{"id":57796,"href":"https:\/\/municipalidadpucon.cl\/index.php?rest_route=\/wp\/v2\/pages\/24200\/revisions\/57796"}],"wp:attachment":[{"href":"https:\/\/municipalidadpucon.cl\/index.php?rest_route=%2Fwp%2Fv2%2Fmedia&parent=24200"}],"curies":[{"name":"wp","href":"https:\/\/api.w.org\/{rel}","templated":true}]}}