{"id":26930,"date":"2020-04-29T13:33:36","date_gmt":"2020-04-29T16:33:36","guid":{"rendered":"https:\/\/municipalidadpucon.cl\/?page_id=26930"},"modified":"2020-04-29T13:40:07","modified_gmt":"2020-04-29T16:40:07","slug":"faq-direccion-de-seguridad-publica","status":"publish","type":"page","link":"https:\/\/municipalidadpucon.cl\/?page_id=26930","title":{"rendered":"FAQ DIRECCI\u00d3N DE SEGURIDAD P\u00daBLICA"},"content":{"rendered":"<div class=\"fusion-fullwidth fullwidth-box fusion-builder-row-1 nonhundred-percent-fullwidth non-hundred-percent-height-scrolling\" style=\"--awb-border-radius-top-left:0px;--awb-border-radius-top-right:0px;--awb-border-radius-bottom-right:0px;--awb-border-radius-bottom-left:0px;--awb-flex-wrap:wrap;\" ><div class=\"fusion-builder-row fusion-row\"><div class=\"fusion-layout-column fusion_builder_column fusion-builder-column-0 fusion_builder_column_1_1 1_1 fusion-one-full fusion-column-first fusion-column-last\" style=\"--awb-bg-size:cover;\"><div class=\"fusion-column-wrapper fusion-column-has-shadow fusion-flex-column-wrapper-legacy\"><div class=\"accordian fusion-accordian\" style=\"--awb-border-size:1px;--awb-icon-size:16px;--awb-content-font-size:16px;--awb-icon-alignment:left;--awb-hover-color:#ffffff;--awb-border-color:#e2e2e2;--awb-background-color:#ffffff;--awb-divider-color:#e2e2e2;--awb-divider-hover-color:#e2e2e2;--awb-icon-color:#ffffff;--awb-title-color:#212934;--awb-content-color:#4a4e57;--awb-icon-box-color:#212934;--awb-toggle-hover-accent-color:#1a80b6;--awb-title-font-family:&quot;Zilla Slab&quot;;--awb-title-font-weight:400;--awb-title-font-style:normal;--awb-content-font-family:&quot;Open Sans&quot;;--awb-content-font-style:normal;--awb-content-font-weight:400;\"><div class=\"panel-group fusion-toggle-icon-boxed\" id=\"accordion-26930-1\"><div class=\"fusion-panel panel-default panel-69a23ae0d473b28f7 fusion-toggle-no-divider fusion-toggle-boxed-mode\"><div class=\"panel-heading\"><h4 class=\"panel-title toggle\" id=\"toggle_69a23ae0d473b28f7\"><a aria-expanded=\"false\" aria-controls=\"69a23ae0d473b28f7\" role=\"button\" data-toggle=\"collapse\" data-parent=\"#accordion-26930-1\" data-target=\"#69a23ae0d473b28f7\" href=\"#69a23ae0d473b28f7\"><span class=\"fusion-toggle-icon-wrapper\" aria-hidden=\"true\"><i class=\"fa-fusion-box active-icon awb-icon-minus\" aria-hidden=\"true\"><\/i><i class=\"fa-fusion-box inactive-icon awb-icon-plus\" aria-hidden=\"true\"><\/i><\/span><span class=\"fusion-toggle-heading\">1.- \u00bfQu\u00e9 funciones cumple la Direcci\u00f3n de Seguridad P\u00fabica?<\/span><\/a><\/h4><\/div><div id=\"69a23ae0d473b28f7\" class=\"panel-collapse collapse \" aria-labelledby=\"toggle_69a23ae0d473b28f7\"><div class=\"panel-body toggle-content fusion-clearfix\">\n<p style=\"padding-left: 40px;\">Esta direcci\u00f3n est\u00e1 orientada a generar iniciativas de prevenci\u00f3n en torno a los delitos que afectan a la comuna y mejorar la percepci\u00f3n de seguridad en los habitantes de Puc\u00f3n, con el trabajo de organizaciones e instituciones de orden y Seguridad.<\/p>\n<p style=\"padding-left: 40px;\">La Direcci\u00f3n de Seguridad P\u00fablica esta compuesta por los programas:<\/p>\n<ol>\n<li style=\"list-style-type: none;\">\n<ol>\n<li>\u2013 Oficina Municipal de la Mujer<\/li>\n<li>\u2013 SENDA PREVIENE Puc\u00f3n<\/li>\n<li>\u2013 Oficina de Protecci\u00f3n de Derechos de la Infancia<\/li>\n<li>\u2013 Tenencia Responsable de Personas<\/li>\n<li>\u2013 Patrullaje Preventivo<\/li>\n<li>\u2013 Central de C\u00e1maras de Seguridad<\/li>\n<li>\u2013 Oficina Comunal de Emergencia<\/li>\n<\/ol>\n<\/li>\n<\/ol>\n<\/div><\/div><\/div><div class=\"fusion-panel panel-default panel-4f1d2324e9c11d6f2 fusion-toggle-no-divider fusion-toggle-boxed-mode\"><div class=\"panel-heading\"><h4 class=\"panel-title toggle\" id=\"toggle_4f1d2324e9c11d6f2\"><a aria-expanded=\"false\" aria-controls=\"4f1d2324e9c11d6f2\" role=\"button\" data-toggle=\"collapse\" data-parent=\"#accordion-26930-1\" data-target=\"#4f1d2324e9c11d6f2\" href=\"#4f1d2324e9c11d6f2\"><span class=\"fusion-toggle-icon-wrapper\" aria-hidden=\"true\"><i class=\"fa-fusion-box active-icon awb-icon-minus\" aria-hidden=\"true\"><\/i><i class=\"fa-fusion-box inactive-icon awb-icon-plus\" aria-hidden=\"true\"><\/i><\/span><span class=\"fusion-toggle-heading\">2.- \u00bfD\u00f3nde est\u00e1 ubicada y n\u00fameros de contacto de Seguridad Ciudadana?<\/span><\/a><\/h4><\/div><div id=\"4f1d2324e9c11d6f2\" class=\"panel-collapse collapse \" aria-labelledby=\"toggle_4f1d2324e9c11d6f2\"><div class=\"panel-body toggle-content fusion-clearfix\">\n<p style=\"padding-left: 40px;\">Las oficinas se encuentran ubicadas en calle Fresia 385 , cuarto piso, con horario de atenci\u00f3n de 08:00 horas a 17:00 horas.<\/p>\n<p style=\"padding-left: 40px;\">Tel\u00e9fono de contacto: 452-400615.<\/p>\n<\/div><\/div><\/div><div class=\"fusion-panel panel-default panel-f33c85d4eee60210e fusion-toggle-no-divider fusion-toggle-boxed-mode\"><div class=\"panel-heading\"><h4 class=\"panel-title toggle\" id=\"toggle_f33c85d4eee60210e\"><a aria-expanded=\"false\" aria-controls=\"f33c85d4eee60210e\" role=\"button\" data-toggle=\"collapse\" data-parent=\"#accordion-26930-1\" data-target=\"#f33c85d4eee60210e\" href=\"#f33c85d4eee60210e\"><span class=\"fusion-toggle-icon-wrapper\" aria-hidden=\"true\"><i class=\"fa-fusion-box active-icon awb-icon-minus\" aria-hidden=\"true\"><\/i><i class=\"fa-fusion-box inactive-icon awb-icon-plus\" aria-hidden=\"true\"><\/i><\/span><span class=\"fusion-toggle-heading\">3.- \u00bfC\u00f3mo puedo registrar a mi mascota?<\/span><\/a><\/h4><\/div><div id=\"f33c85d4eee60210e\" class=\"panel-collapse collapse \" aria-labelledby=\"toggle_f33c85d4eee60210e\"><div class=\"panel-body toggle-content fusion-clearfix\">\n<p style=\"padding-left: 40px;\">Una vez que tenga implantado el microchip de identificaci\u00f3n tiene dos opciones:<\/p>\n<p style=\"padding-left: 40px;\">1. Realizarlo desde casa ingresando a la p\u00e1gina www.registratumascota.cl para lo cual requiere su clave \u00fanica (solicitada en el registro civil)<\/p>\n<p style=\"padding-left: 40px;\">2. De forma presencia en nuestra oficina ubicada en calle Fresia #385 4\u00b0piso, solo presentando el certificado de microchip.<\/p>\n<\/div><\/div><\/div><div class=\"fusion-panel panel-default panel-e6e37e3ded12697db fusion-toggle-no-divider fusion-toggle-boxed-mode\"><div class=\"panel-heading\"><h4 class=\"panel-title toggle\" id=\"toggle_e6e37e3ded12697db\"><a aria-expanded=\"false\" aria-controls=\"e6e37e3ded12697db\" role=\"button\" data-toggle=\"collapse\" data-parent=\"#accordion-26930-1\" data-target=\"#e6e37e3ded12697db\" href=\"#e6e37e3ded12697db\"><span class=\"fusion-toggle-icon-wrapper\" aria-hidden=\"true\"><i class=\"fa-fusion-box active-icon awb-icon-minus\" aria-hidden=\"true\"><\/i><i class=\"fa-fusion-box inactive-icon awb-icon-plus\" aria-hidden=\"true\"><\/i><\/span><span class=\"fusion-toggle-heading\">4.- \u00bfC\u00f3mo puedo realizar una denuncia?<\/span><\/a><\/h4><\/div><div id=\"e6e37e3ded12697db\" class=\"panel-collapse collapse \" aria-labelledby=\"toggle_e6e37e3ded12697db\"><div class=\"panel-body toggle-content fusion-clearfix\">\n<p style=\"padding-left: 40px;\">Si la denuncia es con respecto a maltrato animal estas se realizan en directamente en PDI o juzgado de Polic\u00eda local.<\/p>\n<p style=\"padding-left: 40px;\">Si la denuncia es con respecto a problem\u00e1ticas espec\u00edficas como perros vagos, ataques, vecinos con tenencia irresponsable, entre otros. La denuncia se puede realizar en nuestra oficina (calle Fresia #385 4\u00b0piso) o bien en la oficina de Inspecci\u00f3n Municipal (ubicada en el 2\u00b0 piso de la municipalidad de Puc\u00f3n)<\/p>\n<\/div><\/div><\/div><div class=\"fusion-panel panel-default panel-8b13f758102a66aa4 fusion-toggle-no-divider fusion-toggle-boxed-mode\"><div class=\"panel-heading\"><h4 class=\"panel-title toggle\" id=\"toggle_8b13f758102a66aa4\"><a aria-expanded=\"false\" aria-controls=\"8b13f758102a66aa4\" role=\"button\" data-toggle=\"collapse\" data-parent=\"#accordion-26930-1\" data-target=\"#8b13f758102a66aa4\" href=\"#8b13f758102a66aa4\"><span class=\"fusion-toggle-icon-wrapper\" aria-hidden=\"true\"><i class=\"fa-fusion-box active-icon awb-icon-minus\" aria-hidden=\"true\"><\/i><i class=\"fa-fusion-box inactive-icon awb-icon-plus\" aria-hidden=\"true\"><\/i><\/span><span class=\"fusion-toggle-heading\">5.- \u00bfD\u00f3nde me puedo informar con respecto a la Ley o Tenencia Responsable de Mascotas?<\/span><\/a><\/h4><\/div><div id=\"8b13f758102a66aa4\" class=\"panel-collapse collapse \" aria-labelledby=\"toggle_8b13f758102a66aa4\"><div class=\"panel-body toggle-content fusion-clearfix\">\n<p style=\"padding-left: 40px;\">Puede obtener informaci\u00f3n directamente en nuestra oficina ubicada en la Direcci\u00f3n de Seguridad Publica, calle Fresia #385 4\u00b0piso, a trav\u00e9s de nuestro correo electr\u00f3nico\u00a0<a href=\"mailto:%20trpucon@gmail.com\">trpucon@gmail.com<\/a>\u00a0o tambi\u00e9n puede obtener informaci\u00f3n a trav\u00e9s de nuestro Facebook https:\/\/www.facebook.com\/tenencia.responsablepucon<\/p>\n<\/div><\/div><\/div><div class=\"fusion-panel panel-default panel-2a10fd4a2a92d163c fusion-toggle-no-divider fusion-toggle-boxed-mode\"><div class=\"panel-heading\"><h4 class=\"panel-title toggle\" id=\"toggle_2a10fd4a2a92d163c\"><a aria-expanded=\"false\" aria-controls=\"2a10fd4a2a92d163c\" role=\"button\" data-toggle=\"collapse\" data-parent=\"#accordion-26930-1\" data-target=\"#2a10fd4a2a92d163c\" href=\"#2a10fd4a2a92d163c\"><span class=\"fusion-toggle-icon-wrapper\" aria-hidden=\"true\"><i class=\"fa-fusion-box active-icon awb-icon-minus\" aria-hidden=\"true\"><\/i><i class=\"fa-fusion-box inactive-icon awb-icon-plus\" aria-hidden=\"true\"><\/i><\/span><span class=\"fusion-toggle-heading\">6.- \u00bfQu\u00e9 programas otorga la Oficina Municipal de la Mujer en beneficio de la mujer Puconina?<\/span><\/a><\/h4><\/div><div id=\"2a10fd4a2a92d163c\" class=\"panel-collapse collapse \" aria-labelledby=\"toggle_2a10fd4a2a92d163c\"><div class=\"panel-body toggle-content fusion-clearfix\">\n<ol>\n<li style=\"list-style-type: none;\">\n<ol>\n<li><strong>Programa Jefas de Hogar<\/strong>: Programa dirigido al fortalecimiento de mujeres emprendedoras y en b\u00fasqueda de oportunidades laborales. Inscripci\u00f3n de Enero a Marzo.<\/li>\n<li><strong>Iniciativas De La Mujer<\/strong>: Programa orientado a entregar herramientas de emprendimiento y recreaci\u00f3n, por medio de la ejecuci\u00f3n de talleres a agrupaciones de mujeres de la comuna. En caso de que alguna agrupaci\u00f3n requiera de Talleres, las solicitudes se pueden realizar desde Marzo a Abril. Para ingresar alg\u00fan taller puedes acercarte a la Oficina de la mujer.<\/li>\n<li><strong>Programa Municipal Mujer Emprende<\/strong>: se encuentra orientado a fortalecer la autonom\u00eda econ\u00f3mica de las mujeres de nuestra comuna por medio del desarrollo de ciertas actividades de formaci\u00f3n o bien a trav\u00e9s de la gesti\u00f3n de puntos de ventas. Para participar de este programa debes dirigirte a la oficina de la mujer.<\/li>\n<li><strong>Programa Municipal de Atenci\u00f3n y Prevenci\u00f3n VCM<\/strong>: atiende a mujeres en situaci\u00f3n de violencia en contexto de pareja, polololeo, matrimonio, convivencia, cabe se\u00f1alar el modelo del presente trabajo, el presente modelo se enfoca en la reparaci\u00f3n social, jur\u00eddica, y psicol\u00f3gica. Para solicitar atenci\u00f3n debes dirigirte a la oficina de la mujer.<\/li>\n<\/ol>\n<\/li>\n<\/ol>\n<\/div><\/div><\/div><div class=\"fusion-panel panel-default panel-79500b24b7003bbff fusion-toggle-no-divider fusion-toggle-boxed-mode\"><div class=\"panel-heading\"><h4 class=\"panel-title toggle\" id=\"toggle_79500b24b7003bbff\"><a aria-expanded=\"false\" aria-controls=\"79500b24b7003bbff\" role=\"button\" data-toggle=\"collapse\" data-parent=\"#accordion-26930-1\" data-target=\"#79500b24b7003bbff\" href=\"#79500b24b7003bbff\"><span class=\"fusion-toggle-icon-wrapper\" aria-hidden=\"true\"><i class=\"fa-fusion-box active-icon awb-icon-minus\" aria-hidden=\"true\"><\/i><i class=\"fa-fusion-box inactive-icon awb-icon-plus\" aria-hidden=\"true\"><\/i><\/span><span class=\"fusion-toggle-heading\">7.- \u00bfD\u00f3nde me puedo dirigir a realizar consultas sobre los programas y beneficios de la Oficina de la Mujer?<\/span><\/a><\/h4><\/div><div id=\"79500b24b7003bbff\" class=\"panel-collapse collapse \" aria-labelledby=\"toggle_79500b24b7003bbff\"><div class=\"panel-body toggle-content fusion-clearfix\">\n<p style=\"padding-left: 40px;\">Direcci\u00f3n de Seguridad Publica, Oficina de la Mujer, Calle Fresia N\u00b0385, Cuarto Piso, Numero de contacto telef\u00f3nico 452400621.<\/p>\n<\/div><\/div><\/div><div class=\"fusion-panel panel-default panel-86bd2ca5ffada8f63 fusion-toggle-no-divider fusion-toggle-boxed-mode\"><div class=\"panel-heading\"><h4 class=\"panel-title toggle\" id=\"toggle_86bd2ca5ffada8f63\"><a aria-expanded=\"false\" aria-controls=\"86bd2ca5ffada8f63\" role=\"button\" data-toggle=\"collapse\" data-parent=\"#accordion-26930-1\" data-target=\"#86bd2ca5ffada8f63\" href=\"#86bd2ca5ffada8f63\"><span class=\"fusion-toggle-icon-wrapper\" aria-hidden=\"true\"><i class=\"fa-fusion-box active-icon awb-icon-minus\" aria-hidden=\"true\"><\/i><i class=\"fa-fusion-box inactive-icon awb-icon-plus\" aria-hidden=\"true\"><\/i><\/span><span class=\"fusion-toggle-heading\">8.- \u00bfQu\u00e9 hacer si como mujer estoy violencia en contexto de pareja?<\/span><\/a><\/h4><\/div><div id=\"86bd2ca5ffada8f63\" class=\"panel-collapse collapse \" aria-labelledby=\"toggle_86bd2ca5ffada8f63\"><div class=\"panel-body toggle-content fusion-clearfix\">\n<p style=\"padding-left: 40px;\">Denunciar en: Carabineros y tribunales de justicia (Violencia Psicol\u00f3gica y econ\u00f3mica), Ministerio Publico en caso ser un delito (lesiones f\u00edsicas, violencia sexual, o amenazas de muerte).<\/p>\n<p style=\"padding-left: 40px;\">Para solicitar acompa\u00f1amiento psicol\u00f3gico y social, o bien representaci\u00f3n legal, debes dirigirte de forma espont\u00e1nea a la Oficina de la Mujer, requiriendo atenci\u00f3n del Programa de Atenci\u00f3n, reparaci\u00f3n y Prevenci\u00f3n de Violencia contra la Mujer, puedes solicitar atenci\u00f3n de forma espont\u00e1nea.<\/p>\n<\/div><\/div><\/div><\/div><\/div><div class=\"fusion-clearfix\"><\/div><\/div><\/div><\/div><\/div>\n","protected":false},"excerpt":{"rendered":"","protected":false},"author":1,"featured_media":0,"parent":0,"menu_order":0,"comment_status":"closed","ping_status":"closed","template":"","meta":[],"_links":{"self":[{"href":"https:\/\/municipalidadpucon.cl\/index.php?rest_route=\/wp\/v2\/pages\/26930"}],"collection":[{"href":"https:\/\/municipalidadpucon.cl\/index.php?rest_route=\/wp\/v2\/pages"}],"about":[{"href":"https:\/\/municipalidadpucon.cl\/index.php?rest_route=\/wp\/v2\/types\/page"}],"author":[{"embeddable":true,"href":"https:\/\/municipalidadpucon.cl\/index.php?rest_route=\/wp\/v2\/users\/1"}],"replies":[{"embeddable":true,"href":"https:\/\/municipalidadpucon.cl\/index.php?rest_route=%2Fwp%2Fv2%2Fcomments&post=26930"}],"version-history":[{"count":2,"href":"https:\/\/municipalidadpucon.cl\/index.php?rest_route=\/wp\/v2\/pages\/26930\/revisions"}],"predecessor-version":[{"id":26933,"href":"https:\/\/municipalidadpucon.cl\/index.php?rest_route=\/wp\/v2\/pages\/26930\/revisions\/26933"}],"wp:attachment":[{"href":"https:\/\/municipalidadpucon.cl\/index.php?rest_route=%2Fwp%2Fv2%2Fmedia&parent=26930"}],"curies":[{"name":"wp","href":"https:\/\/api.w.org\/{rel}","templated":true}]}}