{"id":26939,"date":"2020-04-29T13:56:19","date_gmt":"2020-04-29T16:56:19","guid":{"rendered":"https:\/\/municipalidadpucon.cl\/?page_id=26939"},"modified":"2020-04-29T16:38:17","modified_gmt":"2020-04-29T19:38:17","slug":"faq-juzgado-de-policia-local","status":"publish","type":"page","link":"https:\/\/municipalidadpucon.cl\/?page_id=26939","title":{"rendered":"FAQ JUZGADO DE POLIC\u00cdA LOCAL"},"content":{"rendered":"<div class=\"fusion-fullwidth fullwidth-box fusion-builder-row-1 nonhundred-percent-fullwidth non-hundred-percent-height-scrolling\" style=\"--awb-border-radius-top-left:0px;--awb-border-radius-top-right:0px;--awb-border-radius-bottom-right:0px;--awb-border-radius-bottom-left:0px;--awb-flex-wrap:wrap;\" ><div class=\"fusion-builder-row fusion-row\"><div class=\"fusion-layout-column fusion_builder_column fusion-builder-column-0 fusion_builder_column_1_1 1_1 fusion-one-full fusion-column-first fusion-column-last\" style=\"--awb-bg-size:cover;\"><div class=\"fusion-column-wrapper fusion-column-has-shadow fusion-flex-column-wrapper-legacy\"><div class=\"accordian fusion-accordian\" style=\"--awb-border-size:1px;--awb-icon-size:16px;--awb-content-font-size:16px;--awb-icon-alignment:left;--awb-hover-color:#ffffff;--awb-border-color:#e2e2e2;--awb-background-color:#ffffff;--awb-divider-color:#e2e2e2;--awb-divider-hover-color:#e2e2e2;--awb-icon-color:#ffffff;--awb-title-color:#212934;--awb-content-color:#4a4e57;--awb-icon-box-color:#212934;--awb-toggle-hover-accent-color:#1a80b6;--awb-title-font-family:&quot;Zilla Slab&quot;;--awb-title-font-weight:400;--awb-title-font-style:normal;--awb-content-font-family:&quot;Open Sans&quot;;--awb-content-font-style:normal;--awb-content-font-weight:400;\"><div class=\"panel-group fusion-toggle-icon-boxed\" id=\"accordion-26939-1\"><div class=\"fusion-panel panel-default panel-6a2196d8c89cee3c6 fusion-toggle-no-divider fusion-toggle-boxed-mode\"><div class=\"panel-heading\"><h4 class=\"panel-title toggle\" id=\"toggle_6a2196d8c89cee3c6\"><a aria-expanded=\"false\" aria-controls=\"6a2196d8c89cee3c6\" role=\"button\" data-toggle=\"collapse\" data-parent=\"#accordion-26939-1\" data-target=\"#6a2196d8c89cee3c6\" href=\"#6a2196d8c89cee3c6\"><span class=\"fusion-toggle-icon-wrapper\" aria-hidden=\"true\"><i class=\"fa-fusion-box active-icon awb-icon-minus\" aria-hidden=\"true\"><\/i><i class=\"fa-fusion-box inactive-icon awb-icon-plus\" aria-hidden=\"true\"><\/i><\/span><span class=\"fusion-toggle-heading\">1.- \u00bfQu\u00e9 tr\u00e1mites debo realizar ante una citaci\u00f3n al tribunal?<\/span><\/a><\/h4><\/div><div id=\"6a2196d8c89cee3c6\" class=\"panel-collapse collapse \" aria-labelledby=\"toggle_6a2196d8c89cee3c6\"><div class=\"panel-body toggle-content fusion-clearfix\">\n<ol>\n<li style=\"list-style-type: none;\">\n<ol>\n<li>Presentarse en el Tribunal el d\u00eda y hora se\u00f1alado en la citaci\u00f3n, con dicho documento y su c\u00e9dula de identidad vigente en la secretar\u00eda del Tribunal, mes\u00f3n de atenci\u00f3n de p\u00fablico.<\/li>\n<li>Puede comparecer ante el Juez, con el objeto de expresar y probar lo conveniente a sus derechos.<\/li>\n<li>Con lo que Ud., se\u00f1ale y los dem\u00e1s antecedentes del proceso el Juez dictar\u00e1 sentencia.<\/li>\n<li>Ser\u00e1 notificado de la sentencia en la forma se\u00f1alada por la Ley.<\/li>\n<li>Debe cumplir la sentencia en el plazo de 5 d\u00edas. Para ello debe solicitar el comprobante del valor de la multa y concurrir a la Tesorer\u00eda de la Municipalidad de Puc\u00f3n a efectuar el pago de la multa.<\/li>\n<li>Finalmente, debe exhibir el comprobante de pago de multa, para certificar el cumplimiento y con ello poner t\u00e9rmino a la causa.<\/li>\n<li>Se recomienda guardar su comprobante.<\/li>\n<\/ol>\n<\/li>\n<\/ol>\n<p style=\"padding-left: 40px;\"><strong>Beneficio:<\/strong>\u00a0En caso de infracciones graves, menos graves o leves, que no hayan causado lesiones o da\u00f1os y siempre que el infractor acepte la infracci\u00f3n y la multa, la Ley otorga la posibilidad de pagarla con rebaja de un 25%. Para ello, dentro de quinto d\u00eda de cursada la infracci\u00f3n, el infractor deber\u00e1 pagar la multa en la Tesorer\u00eda de la Municipalidad. El comprobante de pago de la multa deber\u00e1 exhibirse ante Carabineros o el Juzgado para la devoluci\u00f3n de la licencia de conducir.<\/p>\n<\/div><\/div><\/div><div class=\"fusion-panel panel-default panel-d07e9da0628f93e4a fusion-toggle-no-divider fusion-toggle-boxed-mode\"><div class=\"panel-heading\"><h4 class=\"panel-title toggle\" id=\"toggle_d07e9da0628f93e4a\"><a aria-expanded=\"false\" aria-controls=\"d07e9da0628f93e4a\" role=\"button\" data-toggle=\"collapse\" data-parent=\"#accordion-26939-1\" data-target=\"#d07e9da0628f93e4a\" href=\"#d07e9da0628f93e4a\"><span class=\"fusion-toggle-icon-wrapper\" aria-hidden=\"true\"><i class=\"fa-fusion-box active-icon awb-icon-minus\" aria-hidden=\"true\"><\/i><i class=\"fa-fusion-box inactive-icon awb-icon-plus\" aria-hidden=\"true\"><\/i><\/span><span class=\"fusion-toggle-heading\">2.- \u00bfQu\u00e9 hacer si su Licencia de Conducir se encuentra retenida en el Tribunal?.<\/span><\/a><\/h4><\/div><div id=\"d07e9da0628f93e4a\" class=\"panel-collapse collapse \" aria-labelledby=\"toggle_d07e9da0628f93e4a\"><div class=\"panel-body toggle-content fusion-clearfix\">\n<p style=\"padding-left: 40px;\"><strong>Caso A:<\/strong>\u00a0Si la sentencia s\u00f3lo aplica pena de multa. Debe cumplir la sentencia y solicitar la devoluci\u00f3n de la licencia, lo que se har\u00e1 una vez exhibido el comprobante de pago de la multa.<\/p>\n<p style=\"padding-left: 40px;\"><strong>Caso B:<\/strong>\u00a0Si la sentencia aplica pena de multa y suspensi\u00f3n de su licencia de conducir. Debe pagar y cumplir el plazo indicado por la sentencia, el cual empieza a regir desde el pago de la multa.<\/p>\n<\/div><\/div><\/div><div class=\"fusion-panel panel-default panel-e324a900a756ab4f5 fusion-toggle-no-divider fusion-toggle-boxed-mode\"><div class=\"panel-heading\"><h4 class=\"panel-title toggle\" id=\"toggle_e324a900a756ab4f5\"><a aria-expanded=\"false\" aria-controls=\"e324a900a756ab4f5\" role=\"button\" data-toggle=\"collapse\" data-parent=\"#accordion-26939-1\" data-target=\"#e324a900a756ab4f5\" href=\"#e324a900a756ab4f5\"><span class=\"fusion-toggle-icon-wrapper\" aria-hidden=\"true\"><i class=\"fa-fusion-box active-icon awb-icon-minus\" aria-hidden=\"true\"><\/i><i class=\"fa-fusion-box inactive-icon awb-icon-plus\" aria-hidden=\"true\"><\/i><\/span><span class=\"fusion-toggle-heading\">3.- \u00bfQu\u00e9 hacer cuando el veh\u00edculo fue retirado de circulaci\u00f3n por autoridad policial y enviado a un aparcadero?<\/span><\/a><\/h4><\/div><div id=\"e324a900a756ab4f5\" class=\"panel-collapse collapse \" aria-labelledby=\"toggle_e324a900a756ab4f5\"><div class=\"panel-body toggle-content fusion-clearfix\">\n<p style=\"padding-left: 40px;\">El infractor debe comparecer y cumplir la sentencia que se le imponga por la infracci\u00f3n cometida.<\/p>\n<p style=\"padding-left: 40px;\">El propietario del veh\u00edculo debe solicitar al Juez la devoluci\u00f3n del mismo, acreditando que es el propietario y que el veh\u00edculo cuenta con seguro obligatorio al d\u00eda.<\/p>\n<p style=\"padding-left: 40px;\">En el mes\u00f3n de atenci\u00f3n al p\u00fablico se le proporcionar\u00e1 un formulario de solicitud de devoluci\u00f3n, debe acompa\u00f1ar fotocopias del padr\u00f3n, el SOAP. Y un permiso especial de circulaci\u00f3n. El SOAP y el permiso especial de circulaci\u00f3n no ser\u00e1n necesarios si el veh\u00edculo es trasladado sobre un veh\u00edculo de carga o servicio de gr\u00faa.<\/p>\n<p style=\"padding-left: 40px;\">Para la Circulaci\u00f3n del veh\u00edculo, deber\u00e1 cumplir con la regularizaci\u00f3n de la documentaci\u00f3n legal del veh\u00edculo.<\/p>\n<\/div><\/div><\/div><div class=\"fusion-panel panel-default panel-13a60222b5225178d fusion-toggle-no-divider fusion-toggle-boxed-mode\"><div class=\"panel-heading\"><h4 class=\"panel-title toggle\" id=\"toggle_13a60222b5225178d\"><a aria-expanded=\"false\" aria-controls=\"13a60222b5225178d\" role=\"button\" data-toggle=\"collapse\" data-parent=\"#accordion-26939-1\" data-target=\"#13a60222b5225178d\" href=\"#13a60222b5225178d\"><span class=\"fusion-toggle-icon-wrapper\" aria-hidden=\"true\"><i class=\"fa-fusion-box active-icon awb-icon-minus\" aria-hidden=\"true\"><\/i><i class=\"fa-fusion-box inactive-icon awb-icon-plus\" aria-hidden=\"true\"><\/i><\/span><span class=\"fusion-toggle-heading\">4.- \u00bfQu\u00e9 Infracciones conoce el Juzgado de Polic\u00eda Local en relaci\u00f3n a la Ley de Alcoholes?<\/span><\/a><\/h4><\/div><div id=\"13a60222b5225178d\" class=\"panel-collapse collapse \" aria-labelledby=\"toggle_13a60222b5225178d\"><div class=\"panel-body toggle-content fusion-clearfix\">\n<ol>\n<li style=\"list-style-type: none;\">\n<ol>\n<li>Consumo de bebidas alcoh\u00f3licas en la v\u00eda p\u00fablica o en lugares de libre acceso al p\u00fablico<\/li>\n<li>Manifiesto estado de ebriedad, en la v\u00eda P\u00fablica o en lugares de libre acceso al p\u00fablico<\/li>\n<li>Infracciones, cometidas por comerciantes, dependientes, administradores de establecimientos de alcoholes, en la fiscalizaci\u00f3n a que est\u00e1 sujeta su actividad.<\/li>\n<li>Infracciones a la Ley de Alcoholes, cometidas por personas que no cuentan con el permiso respectivo.<\/li>\n<\/ol>\n<\/li>\n<\/ol>\n<p style=\"padding-left: 40px;\"><strong>Sanci\u00f3n<\/strong>: Multa y\/o clausura del local, decomiso de los bienes.<\/p>\n<p style=\"padding-left: 40px;\"><strong>Importante:<\/strong>\u00a0Ser\u00e1n responsables de las sanciones cometidas por dependientes, los due\u00f1os, empresarios o administradores de dichos establecimientos).<\/p>\n<p style=\"padding-left: 40px;\"><strong>Beneficio:<\/strong>\u00a0(Para los casos 1 y 2) En caso de Aceptar la Infracci\u00f3n, la ley otorga al infractor la posibilidad de pagar de inmediato el 25% de la Multa a Carabineros ante el oficial de guardia de la unidad policial o el pago del 50% de la multa, dentro de 5\u00ba d\u00eda de citado al Tribunal.<strong>\u00a0<\/strong><\/p>\n<p style=\"padding-left: 40px;\"><strong>Tr\u00e1mites<\/strong><\/p>\n<ol>\n<li style=\"list-style-type: none;\">\n<ol>\n<li>Presentarse en el Tribunal el d\u00eda y hora se\u00f1alado en la citaci\u00f3n, con dicho documento y su c\u00e9dula de identidad vigente en el mes\u00f3n de atenci\u00f3n de p\u00fablico del Tribunal.<\/li>\n<li>Puede comparecer ante el Juez, con el objeto de expresar y probar lo conveniente a sus derechos.<\/li>\n<li>Con lo que Ud., se\u00f1ale y los dem\u00e1s antecedentes del proceso el Juez dictar\u00e1 sentencia.<\/li>\n<li>Ser\u00e1 notificado de la sentencia en la forma que se\u00f1ale la ley.<\/li>\n<li>Debe cumplir la sentencia en el plazo de 5 d\u00edas. Para ello debe solicitar el comprobante del valor de la multa y concurrir a las cajas de la Municipalidad de San Joaqu\u00edn a efectuar el pago de la multa.<\/li>\n<li>Finalmente, debe exhibir el comprobante de pago de multa, para certificar el cumplimiento y con ello poner t\u00e9rmino a la causa.<\/li>\n<li>Se recomienda guardar su comprobante.<\/li>\n<\/ol>\n<\/li>\n<\/ol>\n<p style=\"padding-left: 40px;\">En caso de no presentarse, podr\u00e1 dictarse sentencia en su rebeld\u00eda (ausencia) al dictar sentencia, se ingresar\u00e1 la causa a la Unidad de Cumplimiento.<\/p>\n<\/div><\/div><\/div><div class=\"fusion-panel panel-default panel-546e148dd43f74960 fusion-toggle-no-divider fusion-toggle-boxed-mode\"><div class=\"panel-heading\"><h4 class=\"panel-title toggle\" id=\"toggle_546e148dd43f74960\"><a aria-expanded=\"false\" aria-controls=\"546e148dd43f74960\" role=\"button\" data-toggle=\"collapse\" data-parent=\"#accordion-26939-1\" data-target=\"#546e148dd43f74960\" href=\"#546e148dd43f74960\"><span class=\"fusion-toggle-icon-wrapper\" aria-hidden=\"true\"><i class=\"fa-fusion-box active-icon awb-icon-minus\" aria-hidden=\"true\"><\/i><i class=\"fa-fusion-box inactive-icon awb-icon-plus\" aria-hidden=\"true\"><\/i><\/span><span class=\"fusion-toggle-heading\">5.- \u00bfQu\u00e9 son los Partes Empadronados?<\/span><\/a><\/h4><\/div><div id=\"546e148dd43f74960\" class=\"panel-collapse collapse \" aria-labelledby=\"toggle_546e148dd43f74960\"><div class=\"panel-body toggle-content fusion-clearfix\">\n<p style=\"padding-left: 40px;\">Son Infracciones cursadas a un infractor que no se encuentra presente al momento de ser infraccionado o que no es posible notificar de la citaci\u00f3n por encontrase el veh\u00edculo en movimiento.<\/p>\n<p style=\"padding-left: 40px;\">El due\u00f1o del veh\u00edculo es responsable de proporcionar el nombre del infractor y\/o dar cumplimiento a la sentencia que se imponga.<\/p>\n<p style=\"padding-left: 40px;\"><strong>Beneficio:<\/strong>\u00a0En caso de infracciones graves, menos graves o leves, que no hayan causado lesiones o da\u00f1os y siempre que el infractor acepte la infracci\u00f3n y la multa, la Ley otorga la posibilidad de pagarla con rebaja de un 25%. Para ello, dentro de quinto d\u00eda de cursada la infracci\u00f3n, el infractor deber\u00e1 pagar la multa en la Tesorer\u00eda de la Municipalidad.<\/p>\n<\/div><\/div><\/div><div class=\"fusion-panel panel-default panel-01c20915a22969614 fusion-toggle-no-divider fusion-toggle-boxed-mode\"><div class=\"panel-heading\"><h4 class=\"panel-title toggle\" id=\"toggle_01c20915a22969614\"><a aria-expanded=\"false\" aria-controls=\"01c20915a22969614\" role=\"button\" data-toggle=\"collapse\" data-parent=\"#accordion-26939-1\" data-target=\"#01c20915a22969614\" href=\"#01c20915a22969614\"><span class=\"fusion-toggle-icon-wrapper\" aria-hidden=\"true\"><i class=\"fa-fusion-box active-icon awb-icon-minus\" aria-hidden=\"true\"><\/i><i class=\"fa-fusion-box inactive-icon awb-icon-plus\" aria-hidden=\"true\"><\/i><\/span><span class=\"fusion-toggle-heading\">6.- \u00bfQu\u00e9 Pasa si una persona tiene un parte empadronado y no se presenta en el Juzgado?<\/span><\/a><\/h4><\/div><div id=\"01c20915a22969614\" class=\"panel-collapse collapse \" aria-labelledby=\"toggle_01c20915a22969614\"><div class=\"panel-body toggle-content fusion-clearfix\">\n<p style=\"padding-left: 40px;\">El Tribunal enviar\u00e1 por \u00fanica vez carta certificada al propietario, al domicilio registrado en el Registro de Veh\u00edculos Motorizados, del Registro Civil, se\u00f1alando el d\u00eda y hora en que debe comparecer.<\/p>\n<p style=\"padding-left: 40px;\"><strong>Tr\u00e1mites:<\/strong><\/p>\n<ol>\n<li style=\"list-style-type: none;\">\n<ol>\n<li>Presentarse en el Tribunal el d\u00eda y hora se\u00f1alada con la boleta de citaci\u00f3n o la carta certificada enviada por el Tribunal, con su c\u00e9dula de identidad vigente.<\/li>\n<li>Puede comparecer ante el Juez, con el objeto de expresar y probar lo conveniente a sus derechos.<\/li>\n<li>Con lo que Ud., se\u00f1ale y los dem\u00e1s antecedentes del proceso el Juez dictar\u00e1 sentencia.<\/li>\n<li>Ser\u00e1 notificado de la Sentencia en la forma prevista por la ley.<\/li>\n<li>Debe cumplir la sentencia en el plazo de 5 d\u00edas. Para ello debe solicitar el comprobante del valor de la multa y concurrir a las cajas de la Municipalidad de Puc\u00f3n a efectuar el pago de la multa.<\/li>\n<li>Finalmente, debe exhibir el comprobante de pago de multa, para certificar el cumplimiento y con ello poner t\u00e9rmino a la causa.<\/li>\n<li>Se recomienda guardar su comprobante.<\/li>\n<\/ol>\n<\/li>\n<\/ol>\n<\/div><\/div><\/div><div class=\"fusion-panel panel-default panel-5f326d0c0ad2d7d5b fusion-toggle-no-divider fusion-toggle-boxed-mode\"><div class=\"panel-heading\"><h4 class=\"panel-title toggle\" id=\"toggle_5f326d0c0ad2d7d5b\"><a aria-expanded=\"false\" aria-controls=\"5f326d0c0ad2d7d5b\" role=\"button\" data-toggle=\"collapse\" data-parent=\"#accordion-26939-1\" data-target=\"#5f326d0c0ad2d7d5b\" href=\"#5f326d0c0ad2d7d5b\"><span class=\"fusion-toggle-icon-wrapper\" aria-hidden=\"true\"><i class=\"fa-fusion-box active-icon awb-icon-minus\" aria-hidden=\"true\"><\/i><i class=\"fa-fusion-box inactive-icon awb-icon-plus\" aria-hidden=\"true\"><\/i><\/span><span class=\"fusion-toggle-heading\">7.- \u00bfQu\u00e9 pasa si no se presenta a la citaci\u00f3n efectuada por el Tribunal?<\/span><\/a><\/h4><\/div><div id=\"5f326d0c0ad2d7d5b\" class=\"panel-collapse collapse \" aria-labelledby=\"toggle_5f326d0c0ad2d7d5b\"><div class=\"panel-body toggle-content fusion-clearfix\">\n<p style=\"padding-left: 40px;\">En caso de no presentarse, se proceder\u00e1 en su rebeld\u00eda (ausencia) a dictar sentencia.<\/p>\n<p style=\"padding-left: 40px;\">Se ingresar\u00e1 la causa a la Unidad de Cumplimiento y se enviar\u00e1n los antecedentes para que sean ingresados en el Registro de Multas no Pagadas del Servicio de Registro Civil e Identificaci\u00f3n.<\/p>\n<p style=\"padding-left: 40px;\"><strong>Mientras la anotaci\u00f3n est\u00e9 vigente, no podr\u00e1 renovarse el Permiso de Circulaci\u00f3n del Veh\u00edculo.<\/strong><\/p>\n<\/div><\/div><\/div><\/div><\/div><div class=\"fusion-clearfix\"><\/div><\/div><\/div><\/div><\/div>\n","protected":false},"excerpt":{"rendered":"","protected":false},"author":1,"featured_media":0,"parent":0,"menu_order":0,"comment_status":"closed","ping_status":"closed","template":"","meta":[],"_links":{"self":[{"href":"https:\/\/municipalidadpucon.cl\/index.php?rest_route=\/wp\/v2\/pages\/26939"}],"collection":[{"href":"https:\/\/municipalidadpucon.cl\/index.php?rest_route=\/wp\/v2\/pages"}],"about":[{"href":"https:\/\/municipalidadpucon.cl\/index.php?rest_route=\/wp\/v2\/types\/page"}],"author":[{"embeddable":true,"href":"https:\/\/municipalidadpucon.cl\/index.php?rest_route=\/wp\/v2\/users\/1"}],"replies":[{"embeddable":true,"href":"https:\/\/municipalidadpucon.cl\/index.php?rest_route=%2Fwp%2Fv2%2Fcomments&post=26939"}],"version-history":[{"count":5,"href":"https:\/\/municipalidadpucon.cl\/index.php?rest_route=\/wp\/v2\/pages\/26939\/revisions"}],"predecessor-version":[{"id":26945,"href":"https:\/\/municipalidadpucon.cl\/index.php?rest_route=\/wp\/v2\/pages\/26939\/revisions\/26945"}],"wp:attachment":[{"href":"https:\/\/municipalidadpucon.cl\/index.php?rest_route=%2Fwp%2Fv2%2Fmedia&parent=26939"}],"curies":[{"name":"wp","href":"https:\/\/api.w.org\/{rel}","templated":true}]}}