{"id":26954,"date":"2020-04-30T16:05:06","date_gmt":"2020-04-30T19:05:06","guid":{"rendered":"https:\/\/municipalidadpucon.cl\/?page_id=26954"},"modified":"2026-01-21T09:30:44","modified_gmt":"2026-01-21T12:30:44","slug":"faq-direccion-de-aseo-y-ornato-y-medio-ambiente-daoma","status":"publish","type":"page","link":"https:\/\/municipalidadpucon.cl\/?page_id=26954","title":{"rendered":"FAQ DIRECCI\u00d3N DE ASEO Y ORNATO Y MEDIO AMBIENTE \u2013 DAOMA"},"content":{"rendered":"<div class=\"fusion-fullwidth fullwidth-box fusion-builder-row-1 nonhundred-percent-fullwidth non-hundred-percent-height-scrolling\" style=\"--awb-border-radius-top-left:0px;--awb-border-radius-top-right:0px;--awb-border-radius-bottom-right:0px;--awb-border-radius-bottom-left:0px;--awb-flex-wrap:wrap;\" ><div class=\"fusion-builder-row fusion-row\"><div class=\"fusion-layout-column fusion_builder_column fusion-builder-column-0 fusion_builder_column_1_1 1_1 fusion-one-full fusion-column-first fusion-column-last\" style=\"--awb-bg-size:cover;\"><div class=\"fusion-column-wrapper fusion-column-has-shadow fusion-flex-column-wrapper-legacy\"><div class=\"accordian fusion-accordian\" style=\"--awb-border-size:1px;--awb-icon-size:16px;--awb-content-font-size:16px;--awb-icon-alignment:left;--awb-hover-color:#ffffff;--awb-border-color:#e2e2e2;--awb-background-color:#ffffff;--awb-divider-color:#e2e2e2;--awb-divider-hover-color:#e2e2e2;--awb-icon-color:#ffffff;--awb-title-color:#212934;--awb-content-color:#4a4e57;--awb-icon-box-color:#212934;--awb-toggle-hover-accent-color:#1a80b6;--awb-title-font-family:&quot;Zilla Slab&quot;;--awb-title-font-weight:400;--awb-title-font-style:normal;--awb-content-font-family:&quot;Open Sans&quot;;--awb-content-font-style:normal;--awb-content-font-weight:400;\"><div class=\"panel-group fusion-toggle-icon-boxed\" id=\"accordion-26954-1\"><div class=\"fusion-panel panel-default panel-052292ef3b4f1027b fusion-toggle-no-divider fusion-toggle-boxed-mode\" style=\"--awb-title-color:#212934;\"><div class=\"panel-heading\"><h4 class=\"panel-title toggle\" id=\"toggle_052292ef3b4f1027b\"><a aria-expanded=\"false\" aria-controls=\"052292ef3b4f1027b\" role=\"button\" data-toggle=\"collapse\" data-parent=\"#accordion-26954-1\" data-target=\"#052292ef3b4f1027b\" href=\"#052292ef3b4f1027b\"><span class=\"fusion-toggle-icon-wrapper\" aria-hidden=\"true\"><i class=\"fa-fusion-box active-icon awb-icon-minus\" aria-hidden=\"true\"><\/i><i class=\"fa-fusion-box inactive-icon awb-icon-plus\" aria-hidden=\"true\"><\/i><\/span><span class=\"fusion-toggle-heading\">1.- Pago derechos de Aseo.<\/span><\/a><\/h4><\/div><div id=\"052292ef3b4f1027b\" class=\"panel-collapse collapse \" aria-labelledby=\"toggle_052292ef3b4f1027b\"><div class=\"panel-body toggle-content fusion-clearfix\">\n<p style=\"padding-left: 40px;\">Estimado contribuyente de acuerdo al D.L. 3.063, la Municipalidad est\u00e1 facultada para cobrar directamente el derecho de aseo, por el servicio de recolecci\u00f3n y disposici\u00f3n de residuos domiciliarios que presta a Ud. y a toda la comunidad.<\/p>\n<p style=\"padding-left: 40px;\"><strong>\u00bfQUI\u00c9NES PAGAN DERECHOS DE ASEO DOMICILIARIO?<br \/>\n<\/strong>Cancelan derecho de aseo todas aquellas viviendas cuyo monto de aval\u00fao fiscal sobrepase las 225 UTM.<\/p>\n<p style=\"padding-left: 40px;\"><strong>\u00bfA QUI\u00c9N LE CORRESPONDE PAGAR LOS DERECHOS DE ASEO DE UNA PROPIEDAD?<\/strong><\/p>\n<p style=\"padding-left: 40px;\">El derecho de aseo ser\u00e1 pagado por el due\u00f1o o por el ocupante de la propiedad, ya sea usufructuario, arrendatario o mero tenedor, sin perjuicio de la responsabilidad que afecte al propietario.<\/p>\n<p style=\"padding-left: 40px;\"><strong>\u00bfAL COMPRAR UNA PROPIEDAD QUE NO PAGA CONTRIBUCIONES, D\u00d3NDE CONSULTO SI ADEUDA ASEO DOMICILIARIO?<\/strong><\/p>\n<p style=\"padding-left: 40px;\">Departamento de rentas y patentes de la Municipalidad, ya que de existir deuda, esta ser\u00e1 traspasada al nombre del nuevo propietario.<\/p>\n<p style=\"padding-left: 40px;\"><strong>Las cuotas deber\u00e1n ser canceladas en las fechas de vencimiento que a continuaci\u00f3n se detallan:<\/strong><\/p>\n<p style=\"padding-left: 40px;\">1\u00b0 Cuota en el mes de MAYO<br \/>\n2\u00b0 Cuota en el mes de JULIO<br \/>\n3\u00b0 Cuota en el mes de SEPTIEMBRE<br \/>\n4\u00b0 Cuota en el mes de NOVIEMBRE<\/p>\n<\/div><\/div><\/div><div class=\"fusion-panel panel-default panel-d8f3feee274ace37d fusion-toggle-no-divider fusion-toggle-boxed-mode\"><div class=\"panel-heading\"><h4 class=\"panel-title toggle\" id=\"toggle_d8f3feee274ace37d\"><a aria-expanded=\"false\" aria-controls=\"d8f3feee274ace37d\" role=\"button\" data-toggle=\"collapse\" data-parent=\"#accordion-26954-1\" data-target=\"#d8f3feee274ace37d\" href=\"#d8f3feee274ace37d\"><span class=\"fusion-toggle-icon-wrapper\" aria-hidden=\"true\"><i class=\"fa-fusion-box active-icon awb-icon-minus\" aria-hidden=\"true\"><\/i><i class=\"fa-fusion-box inactive-icon awb-icon-plus\" aria-hidden=\"true\"><\/i><\/span><span class=\"fusion-toggle-heading\">2.- \u00bfD\u00f3nde puedo solicitar, Certificado de extracci\u00f3n de Residuos?<\/span><\/a><\/h4><\/div><div id=\"d8f3feee274ace37d\" class=\"panel-collapse collapse \" aria-labelledby=\"toggle_d8f3feee274ace37d\"><div class=\"panel-body toggle-content fusion-clearfix\">\n<p style=\"padding-left: 40px;\">En dependencias de la Oficina DAOMA (Direcci\u00f3n de Aseo, ornato y Medio Ambiente), donde deber\u00e1 indicar ROL de la propiedad, Nombre, RUT y Direcci\u00f3n de quien lo solicita. Este certificado tiene un cobro de\u00a0<strong>0,035 UTM.<\/strong><\/p>\n<\/div><\/div><\/div><div class=\"fusion-panel panel-default panel-e9ecac75b68a68efb fusion-toggle-no-divider fusion-toggle-boxed-mode\" style=\"--awb-title-color:#212934;\"><div class=\"panel-heading\"><h4 class=\"panel-title toggle\" id=\"toggle_e9ecac75b68a68efb\"><a aria-expanded=\"false\" aria-controls=\"e9ecac75b68a68efb\" role=\"button\" data-toggle=\"collapse\" data-parent=\"#accordion-26954-1\" data-target=\"#e9ecac75b68a68efb\" href=\"#e9ecac75b68a68efb\"><span class=\"fusion-toggle-icon-wrapper\" aria-hidden=\"true\"><i class=\"fa-fusion-box active-icon awb-icon-minus\" aria-hidden=\"true\"><\/i><i class=\"fa-fusion-box inactive-icon awb-icon-plus\" aria-hidden=\"true\"><\/i><\/span><span class=\"fusion-toggle-heading\">3.- Para conocer mi deuda de Derechos de aseo.<\/span><\/a><\/h4><\/div><div id=\"e9ecac75b68a68efb\" class=\"panel-collapse collapse \" aria-labelledby=\"toggle_e9ecac75b68a68efb\"><div class=\"panel-body toggle-content fusion-clearfix\">\n<p style=\"padding-left: 40px;\">La puede realizar presencial en la oficina de Rentas y Patentes o por v\u00eda correo electr\u00f3nico, indicando el ROL de la propiedad y RUT del propietario.<\/p>\n<p style=\"padding-left: 40px;\">Correo electr\u00f3nico: rentasypatentes@munipucon.cl<\/p>\n<\/div><\/div><\/div><div class=\"fusion-panel panel-default panel-ec7aeb57248d82e49 fusion-toggle-no-divider fusion-toggle-boxed-mode\" style=\"--awb-title-color:#212934;\"><div class=\"panel-heading\"><h4 class=\"panel-title toggle\" id=\"toggle_ec7aeb57248d82e49\"><a aria-expanded=\"false\" aria-controls=\"ec7aeb57248d82e49\" role=\"button\" data-toggle=\"collapse\" data-parent=\"#accordion-26954-1\" data-target=\"#ec7aeb57248d82e49\" href=\"#ec7aeb57248d82e49\"><span class=\"fusion-toggle-icon-wrapper\" aria-hidden=\"true\"><i class=\"fa-fusion-box active-icon awb-icon-minus\" aria-hidden=\"true\"><\/i><i class=\"fa-fusion-box inactive-icon awb-icon-plus\" aria-hidden=\"true\"><\/i><\/span><span class=\"fusion-toggle-heading\">4.- \u00bfD\u00f3nde puedo realizar mi pago de derecho de aseo?<\/span><\/a><\/h4><\/div><div id=\"ec7aeb57248d82e49\" class=\"panel-collapse collapse \" aria-labelledby=\"toggle_ec7aeb57248d82e49\"><div class=\"panel-body toggle-content fusion-clearfix\">\n<p style=\"padding-left: 40px;\">Lo puede hacer v\u00eda presencial o v\u00eda P\u00e1gina Web.<\/p>\n<p style=\"padding-left: 40px;\"><strong>Presencial:<\/strong> En la oficina de Rentas y Patentes , debe traer el ROL de la propiedad y conocer el RUT del propietario.<\/p>\n<p style=\"padding-left: 40px;\"><strong>P\u00e1gina WEB:<\/strong>\u00a0Debe ingresar a\u00a0<a href=\"https:\/\/www.municipalidadpucon.cl\/\">www.municipalidadpucon.cl<\/a>, dirigirse a PAGOS ONLINE, y pinchar en link DERECHOS DE ASEO, para realizar el pago debe conocer el ROL de la propiedad.<\/p>\n<\/div><\/div><\/div><div class=\"fusion-panel panel-default panel-599207d932db6d283 fusion-toggle-no-divider fusion-toggle-boxed-mode\" style=\"--awb-title-color:#212934;\"><div class=\"panel-heading\"><h4 class=\"panel-title toggle\" id=\"toggle_599207d932db6d283\"><a aria-expanded=\"false\" aria-controls=\"599207d932db6d283\" role=\"button\" data-toggle=\"collapse\" data-parent=\"#accordion-26954-1\" data-target=\"#599207d932db6d283\" href=\"#599207d932db6d283\"><span class=\"fusion-toggle-icon-wrapper\" aria-hidden=\"true\"><i class=\"fa-fusion-box active-icon awb-icon-minus\" aria-hidden=\"true\"><\/i><i class=\"fa-fusion-box inactive-icon awb-icon-plus\" aria-hidden=\"true\"><\/i><\/span><span class=\"fusion-toggle-heading\">5.- \u00bfQu\u00e9 documentaci\u00f3n debo tener, para ir a dejar Escombros y ramas al Vertedero? \u00bfY \u00bfCu\u00e1nto debo cancelar? (Para el ingreso al Vertedero es obligatoria la ficha de ingreso)<\/span><\/a><\/h4><\/div><div id=\"599207d932db6d283\" class=\"panel-collapse collapse \" aria-labelledby=\"toggle_599207d932db6d283\"><div class=\"panel-body toggle-content fusion-clearfix\">\n<p style=\"padding-left: 40px;\">Quienes deseen efectuar extracci\u00f3n de sus RSD, escombros y ramas, para depositarlas en el vertedero municipal, previo registro y permiso en la oficina de la Direcci\u00f3n de aseo, ornato y Medio Ambiente en los siguientes horarios: 08.00 hrs \u2013 14:00 hrs.<\/p>\n<p style=\"padding-left: 40px;\">Todo ingreso al sitio de disposici\u00f3n final tiene un cobro, el que se expone en la ordenanza de regulaci\u00f3n y cobro de derechos municipales del sitio de disposici\u00f3n final. Municipal. <strong>Escombros: 0,25 UTM; Ramas: 0,10 UTM.<\/strong><\/p>\n<p style=\"padding-left: 40px;\"><strong>La documentaci\u00f3n solicitada es: Padr\u00f3n del Veh\u00edculo, Nombre y Rut del chofer.\u00a0<\/strong>\u00a0Las Empresas Constructoras y\/o similares que presten o realizan dicho servicio deber\u00e1n depositar sus residuos en escombreras autorizadas por servicio de salud.<\/p>\n<p style=\"padding-left: 40px;\"><strong>Horario Vertedero: Lunes a Viernes desde las 08:30 hrs hasta las 16:00 hrs.<\/strong><\/p>\n<\/div><\/div><\/div><div class=\"fusion-panel panel-default panel-c2e1230b21d7c1d4d fusion-toggle-no-divider fusion-toggle-boxed-mode\" style=\"--awb-title-color:#212934;\"><div class=\"panel-heading\"><h4 class=\"panel-title toggle\" id=\"toggle_c2e1230b21d7c1d4d\"><a aria-expanded=\"false\" aria-controls=\"c2e1230b21d7c1d4d\" role=\"button\" data-toggle=\"collapse\" data-parent=\"#accordion-26954-1\" data-target=\"#c2e1230b21d7c1d4d\" href=\"#c2e1230b21d7c1d4d\"><span class=\"fusion-toggle-icon-wrapper\" aria-hidden=\"true\"><i class=\"fa-fusion-box active-icon awb-icon-minus\" aria-hidden=\"true\"><\/i><i class=\"fa-fusion-box inactive-icon awb-icon-plus\" aria-hidden=\"true\"><\/i><\/span><span class=\"fusion-toggle-heading\">6.- Requerimiento Corte de \u00c1rbol en el BNUP y dentro de sitios sector urbano.<\/span><\/a><\/h4><\/div><div id=\"c2e1230b21d7c1d4d\" class=\"panel-collapse collapse \" aria-labelledby=\"toggle_c2e1230b21d7c1d4d\"><div class=\"panel-body toggle-content fusion-clearfix\">\n<p style=\"padding-left: 40px;\">Se debe ingresar formulario de protocolo de protecci\u00f3n forestal por oficina de partes. El formulario puede ser retirado en oficinas de la DAOMA<\/p>\n<\/div><\/div><\/div><div class=\"fusion-panel panel-default panel-e0f95cd37198fd912 fusion-toggle-no-divider fusion-toggle-boxed-mode\" style=\"--awb-title-color:#212934;\"><div class=\"panel-heading\"><h4 class=\"panel-title toggle\" id=\"toggle_e0f95cd37198fd912\"><a aria-expanded=\"false\" aria-controls=\"e0f95cd37198fd912\" role=\"button\" data-toggle=\"collapse\" data-parent=\"#accordion-26954-1\" data-target=\"#e0f95cd37198fd912\" href=\"#e0f95cd37198fd912\"><span class=\"fusion-toggle-icon-wrapper\" aria-hidden=\"true\"><i class=\"fa-fusion-box active-icon awb-icon-minus\" aria-hidden=\"true\"><\/i><i class=\"fa-fusion-box inactive-icon awb-icon-plus\" aria-hidden=\"true\"><\/i><\/span><span class=\"fusion-toggle-heading\">7.- Requerimiento de PODA en el BNUP.<\/span><\/a><\/h4><\/div><div id=\"e0f95cd37198fd912\" class=\"panel-collapse collapse \" aria-labelledby=\"toggle_e0f95cd37198fd912\"><div class=\"panel-body toggle-content fusion-clearfix\">\n<p style=\"padding-left: 40px;\">Se debe ingresar formulario de protocolo de protecci\u00f3n forestal por oficina de partes. El formulario puede ser retirado en oficinas de la DAOMA<\/p>\n<\/div><\/div><\/div><div class=\"fusion-panel panel-default panel-2ab6a359218e02502 fusion-toggle-no-divider fusion-toggle-boxed-mode\"><div class=\"panel-heading\"><h4 class=\"panel-title toggle\" id=\"toggle_2ab6a359218e02502\"><a aria-expanded=\"false\" aria-controls=\"2ab6a359218e02502\" role=\"button\" data-toggle=\"collapse\" data-parent=\"#accordion-26954-1\" data-target=\"#2ab6a359218e02502\" href=\"#2ab6a359218e02502\"><span class=\"fusion-toggle-icon-wrapper\" aria-hidden=\"true\"><i class=\"fa-fusion-box active-icon awb-icon-minus\" aria-hidden=\"true\"><\/i><i class=\"fa-fusion-box inactive-icon awb-icon-plus\" aria-hidden=\"true\"><\/i><\/span><span class=\"fusion-toggle-heading\">8.- \u00bfComo hacer una denuncia ambiental?<\/span><\/a><\/h4><\/div><div id=\"2ab6a359218e02502\" class=\"panel-collapse collapse \" aria-labelledby=\"toggle_2ab6a359218e02502\"><div class=\"panel-body toggle-content fusion-clearfix\">\n<p style=\"padding-left: 40px;\">En primer lugar, se debe llenar la ficha de denuncia Ambiental, disponible en la p\u00e1gina WEB municipal, Oficina de Partes, Unidad Ambiental e Inspecci\u00f3n municipal.\u00a0 Una vez completada la ficha, esta debe entregarse de forma presencial en cualquiera de las siguientes:<\/p>\n<ul>\n<li style=\"list-style-type: none;\">\n<ul>\n<li>Oficina de Partes<\/li>\n<li>Unidad Ambiental<\/li>\n<li>Inspecci\u00f3n Municipal<\/li>\n<\/ul>\n<\/li>\n<\/ul>\n<p style=\"padding-left: 40px;\">En segundo lugar, se puede realizar la denuncia v\u00eda e-mail enviando la ficha de denuncia completada al correo uambientalpucon@gmail.com, esta ser\u00e1 derivada seg\u00fan corresponda, para esta alternativa se solicita adjuntar de ser posible im\u00e1genes (fotograf\u00edas, videos) y\/o documentos, que permitan comprobar la denuncia.<\/p>\n<p style=\"padding-left: 40px;\">Una vez recibida la denuncia, la Unidad de Ambiental determina si procede o no, previa inspecci\u00f3n en terreno para verificar lo denunciado, existiendo dos posibilidades:<\/p>\n<ul>\n<li style=\"list-style-type: none;\">\n<ul>\n<li>Si la denuncia no procede se da respuesta por escrito, telef\u00f3nicamente o e-mail, se\u00f1alando porque no procede.<\/li>\n<li>Si la denuncia procede, una vez realizada la inspecci\u00f3n se puede ejecutar un parte con denuncia al Juzgado de Polic\u00eda Local, o en caso de no tener competencia el funcionario municipal, se notificar\u00e1 al servicio p\u00fablico competente responsable de realizar las acciones de fiscalizaci\u00f3n y sanci\u00f3n.<\/li>\n<\/ul>\n<\/li>\n<\/ul>\n<p style=\"padding-left: 40px;\">En ambos casos, la Unidad de Medio Ambiente dar\u00e1 una respuesta al denunciante, dejando registro en la misma ficha de denuncia ambiental.<\/p>\n<p style=\"padding-left: 40px;\">SE ANEXA FICHA DE DENUNCIA\u00a0<a href=\"https:\/\/www.municipalidadpucon.cl\/oldweb\/web2010\/para%20descarga\/FAQ\/DAOMA\/Protocolo_de_Denuncias_Ambientales.pdf\" target=\"_blank\" rel=\"noopener noreferrer\">AQU\u00cd<\/a><\/p>\n<\/div><\/div><\/div><div class=\"fusion-panel panel-default panel-73b49462321cea64a fusion-toggle-no-divider fusion-toggle-boxed-mode\"><div class=\"panel-heading\"><h4 class=\"panel-title toggle\" id=\"toggle_73b49462321cea64a\"><a aria-expanded=\"false\" aria-controls=\"73b49462321cea64a\" role=\"button\" data-toggle=\"collapse\" data-parent=\"#accordion-26954-1\" data-target=\"#73b49462321cea64a\" href=\"#73b49462321cea64a\"><span class=\"fusion-toggle-icon-wrapper\" aria-hidden=\"true\"><i class=\"fa-fusion-box active-icon awb-icon-minus\" aria-hidden=\"true\"><\/i><i class=\"fa-fusion-box inactive-icon awb-icon-plus\" aria-hidden=\"true\"><\/i><\/span><span class=\"fusion-toggle-heading\">9.- \u00bfQu\u00e9 hacer con mis residuos electr\u00f3nicos?<\/span><\/a><\/h4><\/div><div id=\"73b49462321cea64a\" class=\"panel-collapse collapse \" aria-labelledby=\"toggle_73b49462321cea64a\"><div class=\"panel-body toggle-content fusion-clearfix\">\n<p style=\"padding-left: 40px;\">La municipalidad durante el a\u00f1o realiza 2 campa\u00f1as de reciclaje en el Mes de MAYO y en el mes de NOVIEMBRE, puede informarse v\u00eda redes sociales, radio, peri\u00f3dico o directamente en las oficinas de la DAOMA, en los meses correspondientes.<\/p>\n<\/div><\/div><\/div><div class=\"fusion-panel panel-default panel-a58490994641dd7c9 fusion-toggle-no-divider fusion-toggle-boxed-mode\"><div class=\"panel-heading\"><h4 class=\"panel-title toggle\" id=\"toggle_a58490994641dd7c9\"><a aria-expanded=\"false\" aria-controls=\"a58490994641dd7c9\" role=\"button\" data-toggle=\"collapse\" data-parent=\"#accordion-26954-1\" data-target=\"#a58490994641dd7c9\" href=\"#a58490994641dd7c9\"><span class=\"fusion-toggle-icon-wrapper\" aria-hidden=\"true\"><i class=\"fa-fusion-box active-icon awb-icon-minus\" aria-hidden=\"true\"><\/i><i class=\"fa-fusion-box inactive-icon awb-icon-plus\" aria-hidden=\"true\"><\/i><\/span><span class=\"fusion-toggle-heading\">10.- Operativos de Ramas y Escombros.<\/span><\/a><\/h4><\/div><div id=\"a58490994641dd7c9\" class=\"panel-collapse collapse \" aria-labelledby=\"toggle_a58490994641dd7c9\"><div class=\"panel-body toggle-content fusion-clearfix\">\n<p style=\"padding-left: 40px;\">La solicitud de operativos de escombros o ramas se debe realizar por medio de una solicitud por escrito ingresada a la oficina de partes con CC a la DAOMA o a trav\u00e9s de su junta de vecinos. Una vez ingresada la solicitud se calendarizar\u00e1 y luego se informar\u00e1 el d\u00eda y la hora del operativo en su sector por medio de la directiva de la JJVV y a trav\u00e9s de la p\u00e1gina Web de la municipalidad.<\/p>\n<p style=\"padding-left: 40px;\">El ingreso de solicitudes se realiza desde el mes de Febrero hasta Mayo, la ejecuci\u00f3n de los operativos son los mes de ABRIL a AGOSTO.<\/p>\n<\/div><\/div><\/div><div class=\"fusion-panel panel-default panel-1241f30416fd02e9a fusion-toggle-no-divider fusion-toggle-boxed-mode\"><div class=\"panel-heading\"><h4 class=\"panel-title toggle\" id=\"toggle_1241f30416fd02e9a\"><a aria-expanded=\"false\" aria-controls=\"1241f30416fd02e9a\" role=\"button\" data-toggle=\"collapse\" data-parent=\"#accordion-26954-1\" data-target=\"#1241f30416fd02e9a\" href=\"#1241f30416fd02e9a\"><span class=\"fusion-toggle-icon-wrapper\" aria-hidden=\"true\"><i class=\"fa-fusion-box active-icon awb-icon-minus\" aria-hidden=\"true\"><\/i><i class=\"fa-fusion-box inactive-icon awb-icon-plus\" aria-hidden=\"true\"><\/i><\/span><span class=\"fusion-toggle-heading\">11.- Protocolo para escombreras.<\/span><\/a><\/h4><\/div><div id=\"1241f30416fd02e9a\" class=\"panel-collapse collapse \" aria-labelledby=\"toggle_1241f30416fd02e9a\"><div class=\"panel-body toggle-content fusion-clearfix\">\n<p style=\"padding-left: 40px;\">Se debe ingresar una solicitud a la Direcci\u00f3n de Obras Municipales, si la escombrera es solo material de relleno (Rocas, tierra y Material TCN), para los dem\u00e1s tipo de escombreras TIPO 1 y TIPO II, se anexa protocolo\u00a0<a href=\"https:\/\/www.municipalidadpucon.cl\/oldweb\/web2010\/para%20descarga\/FAQ\/DAOMA\/Protocolo_para_Escombreras.pdf\" target=\"_blank\" rel=\"noopener noreferrer\">AQU\u00cd<\/a>.<\/p>\n<\/div><\/div><\/div><\/div><\/div><div class=\"fusion-clearfix\"><\/div><\/div><\/div><\/div><\/div>\n","protected":false},"excerpt":{"rendered":"","protected":false},"author":1,"featured_media":0,"parent":0,"menu_order":0,"comment_status":"closed","ping_status":"closed","template":"","meta":[],"_links":{"self":[{"href":"https:\/\/municipalidadpucon.cl\/index.php?rest_route=\/wp\/v2\/pages\/26954"}],"collection":[{"href":"https:\/\/municipalidadpucon.cl\/index.php?rest_route=\/wp\/v2\/pages"}],"about":[{"href":"https:\/\/municipalidadpucon.cl\/index.php?rest_route=\/wp\/v2\/types\/page"}],"author":[{"embeddable":true,"href":"https:\/\/municipalidadpucon.cl\/index.php?rest_route=\/wp\/v2\/users\/1"}],"replies":[{"embeddable":true,"href":"https:\/\/municipalidadpucon.cl\/index.php?rest_route=%2Fwp%2Fv2%2Fcomments&post=26954"}],"version-history":[{"count":6,"href":"https:\/\/municipalidadpucon.cl\/index.php?rest_route=\/wp\/v2\/pages\/26954\/revisions"}],"predecessor-version":[{"id":58285,"href":"https:\/\/municipalidadpucon.cl\/index.php?rest_route=\/wp\/v2\/pages\/26954\/revisions\/58285"}],"wp:attachment":[{"href":"https:\/\/municipalidadpucon.cl\/index.php?rest_route=%2Fwp%2Fv2%2Fmedia&parent=26954"}],"curies":[{"name":"wp","href":"https:\/\/api.w.org\/{rel}","templated":true}]}}