{"id":26959,"date":"2020-04-30T16:17:33","date_gmt":"2020-04-30T19:17:33","guid":{"rendered":"https:\/\/municipalidadpucon.cl\/?page_id=26959"},"modified":"2020-10-08T12:32:09","modified_gmt":"2020-10-08T15:32:09","slug":"faq-coordinacion-de-turismo","status":"publish","type":"page","link":"https:\/\/municipalidadpucon.cl\/?page_id=26959","title":{"rendered":"FAQ COORDINACION DE TURISMO"},"content":{"rendered":"<div class=\"fusion-fullwidth fullwidth-box fusion-builder-row-1 nonhundred-percent-fullwidth non-hundred-percent-height-scrolling\" style=\"--awb-border-radius-top-left:0px;--awb-border-radius-top-right:0px;--awb-border-radius-bottom-right:0px;--awb-border-radius-bottom-left:0px;--awb-flex-wrap:wrap;\" ><div class=\"fusion-builder-row fusion-row\"><div class=\"fusion-layout-column fusion_builder_column fusion-builder-column-0 fusion_builder_column_1_1 1_1 fusion-one-full fusion-column-first fusion-column-last\" style=\"--awb-bg-size:cover;\"><div class=\"fusion-column-wrapper fusion-column-has-shadow fusion-flex-column-wrapper-legacy\"><div class=\"accordian fusion-accordian\" style=\"--awb-border-size:1px;--awb-icon-size:16px;--awb-content-font-size:16px;--awb-icon-alignment:left;--awb-hover-color:#ffffff;--awb-border-color:#e2e2e2;--awb-background-color:#ffffff;--awb-divider-color:#e2e2e2;--awb-divider-hover-color:#e2e2e2;--awb-icon-color:#ffffff;--awb-title-color:#212934;--awb-content-color:#4a4e57;--awb-icon-box-color:#212934;--awb-toggle-hover-accent-color:#1a80b6;--awb-title-font-family:&quot;Zilla Slab&quot;;--awb-title-font-weight:400;--awb-title-font-style:normal;--awb-content-font-family:&quot;Open Sans&quot;;--awb-content-font-style:normal;--awb-content-font-weight:400;\"><div class=\"panel-group fusion-toggle-icon-boxed\" id=\"accordion-26959-1\"><div class=\"fusion-panel panel-default panel-9896f7df9f47a8389 fusion-toggle-no-divider fusion-toggle-boxed-mode\"><div class=\"panel-heading\"><h4 class=\"panel-title toggle\" id=\"toggle_9896f7df9f47a8389\"><a aria-expanded=\"false\" aria-controls=\"9896f7df9f47a8389\" role=\"button\" data-toggle=\"collapse\" data-parent=\"#accordion-26959-1\" data-target=\"#9896f7df9f47a8389\" href=\"#9896f7df9f47a8389\"><span class=\"fusion-toggle-icon-wrapper\" aria-hidden=\"true\"><i class=\"fa-fusion-box active-icon awb-icon-minus\" aria-hidden=\"true\"><\/i><i class=\"fa-fusion-box inactive-icon awb-icon-plus\" aria-hidden=\"true\"><\/i><\/span><span class=\"fusion-toggle-heading\">1.- \u00bfEn qu\u00e9 fechas se procede a tomar el proceso de homologaci\u00f3n para Gu\u00edas de Aguas Blancas y Gu\u00edas y Asistentes de Monta\u00f1a?<\/span><\/a><\/h4><\/div><div id=\"9896f7df9f47a8389\" class=\"panel-collapse collapse \" aria-labelledby=\"toggle_9896f7df9f47a8389\"><div class=\"panel-body toggle-content fusion-clearfix\">\n<p style=\"padding-left: 40px;\">Seg\u00fan Ordenanza Municipal Vigente, el proceso de Homologaci\u00f3n se lleva a cabo el \u00faltimo Trimestre de cada a\u00f1o.<\/p>\n<\/div><\/div><\/div><div class=\"fusion-panel panel-default panel-fa6bd0fd50d3c68c3 fusion-toggle-no-divider fusion-toggle-boxed-mode\"><div class=\"panel-heading\"><h4 class=\"panel-title toggle\" id=\"toggle_fa6bd0fd50d3c68c3\"><a aria-expanded=\"false\" aria-controls=\"fa6bd0fd50d3c68c3\" role=\"button\" data-toggle=\"collapse\" data-parent=\"#accordion-26959-1\" data-target=\"#fa6bd0fd50d3c68c3\" href=\"#fa6bd0fd50d3c68c3\"><span class=\"fusion-toggle-icon-wrapper\" aria-hidden=\"true\"><i class=\"fa-fusion-box active-icon awb-icon-minus\" aria-hidden=\"true\"><\/i><i class=\"fa-fusion-box inactive-icon awb-icon-plus\" aria-hidden=\"true\"><\/i><\/span><span class=\"fusion-toggle-heading\">2.- \u00bfC\u00f3mo se obtiene La Licencia de Pesca Recreativa?<\/span><\/a><\/h4><\/div><div id=\"fa6bd0fd50d3c68c3\" class=\"panel-collapse collapse \" aria-labelledby=\"toggle_fa6bd0fd50d3c68c3\"><div class=\"panel-body toggle-content fusion-clearfix\">\n<p style=\"padding-left: 40px;\">El proceso de obtenci\u00f3n de la Licencia de Pesca Recreativa, se puede realizar presencialmente en nuestra oficina de turismo ubicada en Avda. Bernardo O\u201dHiggins N\u00b0 483, de Lunes a Viernes de 08:30 a 13:30 hrs. Tambi\u00e9n se puede obtener a trav\u00e9s de la p\u00e1gina del Servicio Nacional de Pesca, SERNAPESCA, adjunto Link\u00a0<a href=\"http:\/\/pescarecreativa.sernapesca.cl\/index.php?Itemid=245&amp;option=com_wrapperpr&amp;view=wrapper\" target=\"_blank\" rel=\"noopener noreferrer\">http:\/\/pescarecreativa.sernapesca.cl<\/a>\u00a0y en la Tienda de Pesca recreativa Mario\u00b4s Fishing Zone, ubicada en Avda. Bernardo O\u201dHiggins N\u00b0 590.<\/p>\n<\/div><\/div><\/div><div class=\"fusion-panel panel-default panel-016f849ac0e67a8be fusion-toggle-no-divider fusion-toggle-boxed-mode\"><div class=\"panel-heading\"><h4 class=\"panel-title toggle\" id=\"toggle_016f849ac0e67a8be\"><a aria-expanded=\"false\" aria-controls=\"016f849ac0e67a8be\" role=\"button\" data-toggle=\"collapse\" data-parent=\"#accordion-26959-1\" data-target=\"#016f849ac0e67a8be\" href=\"#016f849ac0e67a8be\"><span class=\"fusion-toggle-icon-wrapper\" aria-hidden=\"true\"><i class=\"fa-fusion-box active-icon awb-icon-minus\" aria-hidden=\"true\"><\/i><i class=\"fa-fusion-box inactive-icon awb-icon-plus\" aria-hidden=\"true\"><\/i><\/span><span class=\"fusion-toggle-heading\">3.- \u00bfCu\u00e1l es el paso fronterizo m\u00e1s cercano a Puc\u00f3n, horarios de atenci\u00f3n, uso de cadenas, etc.?<\/span><\/a><\/h4><\/div><div id=\"016f849ac0e67a8be\" class=\"panel-collapse collapse \" aria-labelledby=\"toggle_016f849ac0e67a8be\"><div class=\"panel-body toggle-content fusion-clearfix\">\n<p style=\"padding-left: 40px;\">El Paso Internacional Mamuil Malal es el m\u00e1s cercano a la Comuna de Puc\u00f3n, distante a 70 km y ubicado en la comuna de Curarrehue, conecta con las ciudades de Jun\u00edn y San Mart\u00edn de los Andes con horarios de verano de 08:00 a 20:00 hrs y en invierno de 08:00 a 19:00, dependiendo de las condiciones clim\u00e1ticas y de la informaci\u00f3n emanada desde los mismo pasos fronterizos a trav\u00e9s de redes sociales oficiales como Twitter @UPFronterizos, se dan a conocer los horarios de aperturas, cierres y condiciones que mantiene.<\/p>\n<\/div><\/div><\/div><div class=\"fusion-panel panel-default panel-63ace4fb86a1da31f fusion-toggle-no-divider fusion-toggle-boxed-mode\"><div class=\"panel-heading\"><h4 class=\"panel-title toggle\" id=\"toggle_63ace4fb86a1da31f\"><a aria-expanded=\"false\" aria-controls=\"63ace4fb86a1da31f\" role=\"button\" data-toggle=\"collapse\" data-parent=\"#accordion-26959-1\" data-target=\"#63ace4fb86a1da31f\" href=\"#63ace4fb86a1da31f\"><span class=\"fusion-toggle-icon-wrapper\" aria-hidden=\"true\"><i class=\"fa-fusion-box active-icon awb-icon-minus\" aria-hidden=\"true\"><\/i><i class=\"fa-fusion-box inactive-icon awb-icon-plus\" aria-hidden=\"true\"><\/i><\/span><span class=\"fusion-toggle-heading\">4.- \u00bfC\u00f3mo me puedo trasladar desde Santiago a Puc\u00f3n?<\/span><\/a><\/h4><\/div><div id=\"63ace4fb86a1da31f\" class=\"panel-collapse collapse \" aria-labelledby=\"toggle_63ace4fb86a1da31f\"><div class=\"panel-body toggle-content fusion-clearfix\">\n<p style=\"padding-left: 40px;\">Puc\u00f3n se encuentra a 109 km. de Temuco capital Regional y a 789 km. de la ciudad de Santiago de Chile Capital nacional.<\/p>\n<p style=\"padding-left: 40px;\"><strong>Medios de Transporte:<\/strong><\/p>\n<p style=\"padding-left: 40px;\"><em><strong>En avi\u00f3n<\/strong><\/em><\/p>\n<p style=\"padding-left: 40px;\">Distante desde el Aeropuerto Internacional \u201cLa Araucan\u00eda\u201d ubicado en la Comuna de Temuco a 87 km de la comuna de Puc\u00f3n, cuenta con vuelos nacionales desde Santiago con una frecuencia de 5 vuelos diarios y 3 aerol\u00edneas disponibles.<\/p>\n<p style=\"padding-left: 40px;\"><em><strong>En autom\u00f3vil<\/strong><\/em><\/p>\n<p style=\"padding-left: 40px;\">Hay dos v\u00edas principales para llegar; desde el norte por la Carretera Panamericana (ruta 5 Sur), pasando por Temuco, Freire y Villarrica hasta llegar a Puc\u00f3n por un camino pavimentado que va bordeando el lago Villarrica.<\/p>\n<p style=\"padding-left: 40px;\">Desde el sur, desde ciudades como Puerto Montt o Valdivia, pasando por Loncoche y Villarrica.<\/p>\n<p style=\"padding-left: 40px;\"><em><strong>En bus<\/strong><\/em><\/p>\n<p style=\"padding-left: 40px;\">Existen frecuencias diarias desde las ciudades aleda\u00f1as y la mayor\u00eda de buses que salen desde Santiago, circulan durante la noche.<\/p>\n<p style=\"padding-left: 40px;\"><em><strong>En tren<\/strong><\/em><\/p>\n<p style=\"padding-left: 40px;\">Todas las noches hay salidas desde Santiago hasta Temuco y desde all\u00ed debe tomar un transporte terrestre hasta Puc\u00f3n.<\/p>\n<\/div><\/div><\/div><\/div><\/div><div class=\"fusion-clearfix\"><\/div><\/div><\/div><\/div><\/div>\n","protected":false},"excerpt":{"rendered":"","protected":false},"author":1,"featured_media":0,"parent":0,"menu_order":0,"comment_status":"closed","ping_status":"closed","template":"","meta":[],"_links":{"self":[{"href":"https:\/\/municipalidadpucon.cl\/index.php?rest_route=\/wp\/v2\/pages\/26959"}],"collection":[{"href":"https:\/\/municipalidadpucon.cl\/index.php?rest_route=\/wp\/v2\/pages"}],"about":[{"href":"https:\/\/municipalidadpucon.cl\/index.php?rest_route=\/wp\/v2\/types\/page"}],"author":[{"embeddable":true,"href":"https:\/\/municipalidadpucon.cl\/index.php?rest_route=\/wp\/v2\/users\/1"}],"replies":[{"embeddable":true,"href":"https:\/\/municipalidadpucon.cl\/index.php?rest_route=%2Fwp%2Fv2%2Fcomments&post=26959"}],"version-history":[{"count":3,"href":"https:\/\/municipalidadpucon.cl\/index.php?rest_route=\/wp\/v2\/pages\/26959\/revisions"}],"predecessor-version":[{"id":29933,"href":"https:\/\/municipalidadpucon.cl\/index.php?rest_route=\/wp\/v2\/pages\/26959\/revisions\/29933"}],"wp:attachment":[{"href":"https:\/\/municipalidadpucon.cl\/index.php?rest_route=%2Fwp%2Fv2%2Fmedia&parent=26959"}],"curies":[{"name":"wp","href":"https:\/\/api.w.org\/{rel}","templated":true}]}}