{"id":26974,"date":"2020-04-30T16:55:05","date_gmt":"2020-04-30T19:55:05","guid":{"rendered":"https:\/\/municipalidadpucon.cl\/?page_id=26974"},"modified":"2020-10-08T12:38:07","modified_gmt":"2020-10-08T15:38:07","slug":"faq-departamento-de-adquisiciones","status":"publish","type":"page","link":"https:\/\/municipalidadpucon.cl\/?page_id=26974","title":{"rendered":"FAQ DEPARTAMENTO DE ADQUISICIONES"},"content":{"rendered":"<div class=\"fusion-fullwidth fullwidth-box fusion-builder-row-1 nonhundred-percent-fullwidth non-hundred-percent-height-scrolling\" style=\"--awb-border-radius-top-left:0px;--awb-border-radius-top-right:0px;--awb-border-radius-bottom-right:0px;--awb-border-radius-bottom-left:0px;--awb-flex-wrap:wrap;\" ><div class=\"fusion-builder-row fusion-row\"><div class=\"fusion-layout-column fusion_builder_column fusion-builder-column-0 fusion_builder_column_1_1 1_1 fusion-one-full fusion-column-first fusion-column-last\" style=\"--awb-bg-size:cover;\"><div class=\"fusion-column-wrapper fusion-column-has-shadow fusion-flex-column-wrapper-legacy\"><div class=\"accordian fusion-accordian\" style=\"--awb-border-size:1px;--awb-icon-size:16px;--awb-content-font-size:16px;--awb-icon-alignment:left;--awb-hover-color:#ffffff;--awb-border-color:#e2e2e2;--awb-background-color:#ffffff;--awb-divider-color:#e2e2e2;--awb-divider-hover-color:#e2e2e2;--awb-icon-color:#ffffff;--awb-title-color:#212934;--awb-content-color:#4a4e57;--awb-icon-box-color:#212934;--awb-toggle-hover-accent-color:#1a80b6;--awb-title-font-family:&quot;Zilla Slab&quot;;--awb-title-font-weight:400;--awb-title-font-style:normal;--awb-content-font-family:&quot;Open Sans&quot;;--awb-content-font-style:normal;--awb-content-font-weight:400;\"><div class=\"panel-group fusion-toggle-icon-boxed\" id=\"accordion-26974-1\"><div class=\"fusion-panel panel-default panel-a13b0819c66bcbba8 fusion-toggle-no-divider fusion-toggle-boxed-mode\"><div class=\"panel-heading\"><h4 class=\"panel-title toggle\" id=\"toggle_a13b0819c66bcbba8\"><a aria-expanded=\"false\" aria-controls=\"a13b0819c66bcbba8\" role=\"button\" data-toggle=\"collapse\" data-parent=\"#accordion-26974-1\" data-target=\"#a13b0819c66bcbba8\" href=\"#a13b0819c66bcbba8\"><span class=\"fusion-toggle-icon-wrapper\" aria-hidden=\"true\"><i class=\"fa-fusion-box active-icon awb-icon-minus\" aria-hidden=\"true\"><\/i><i class=\"fa-fusion-box inactive-icon awb-icon-plus\" aria-hidden=\"true\"><\/i><\/span><span class=\"fusion-toggle-heading\">1.- \u00bfC\u00f3mo puedo participar en un Contrato Suministro y\/o Licitaci\u00f3n P\u00fablica de la Municipalidad de Pucon?<\/span><\/a><\/h4><\/div><div id=\"a13b0819c66bcbba8\" class=\"panel-collapse collapse \" aria-labelledby=\"toggle_a13b0819c66bcbba8\"><div class=\"panel-body toggle-content fusion-clearfix\">\n<p style=\"padding-left: 40px;\">Para participar, debe inscribirse en la plataforma www.mercadopublico.cl . Pueden registrase como proveedores del Estado todas las personas naturales o jur\u00eddicas, que sean chilenas o extranjeras, y que puedan acreditar su situaci\u00f3n financiera e idoneidad t\u00e9cnica.<\/p>\n<p style=\"padding-left: 40px;\">La inscripci\u00f3n en MercadoPublico.cl es totalmente gratuita y pueden participar a las diferentes Licitaciones de la Municipalidad de Puc\u00f3n como otras entidades p\u00fablicas.<\/p>\n<\/div><\/div><\/div><div class=\"fusion-panel panel-default panel-bbd035c6be5c97746 fusion-toggle-no-divider fusion-toggle-boxed-mode\"><div class=\"panel-heading\"><h4 class=\"panel-title toggle\" id=\"toggle_bbd035c6be5c97746\"><a aria-expanded=\"false\" aria-controls=\"bbd035c6be5c97746\" role=\"button\" data-toggle=\"collapse\" data-parent=\"#accordion-26974-1\" data-target=\"#bbd035c6be5c97746\" href=\"#bbd035c6be5c97746\"><span class=\"fusion-toggle-icon-wrapper\" aria-hidden=\"true\"><i class=\"fa-fusion-box active-icon awb-icon-minus\" aria-hidden=\"true\"><\/i><i class=\"fa-fusion-box inactive-icon awb-icon-plus\" aria-hidden=\"true\"><\/i><\/span><span class=\"fusion-toggle-heading\">2.- \u00bfQu\u00e9 es un convenio marco y como puedo participar?<\/span><\/a><\/h4><\/div><div id=\"bbd035c6be5c97746\" class=\"panel-collapse collapse \" aria-labelledby=\"toggle_bbd035c6be5c97746\"><div class=\"panel-body toggle-content fusion-clearfix\">\n<p style=\"padding-left: 40px;\">La direcci\u00f3n ChileCompra efect\u00faa peri\u00f3dicamente licitaciones p\u00fablicas de convenios marco a trav\u00e9s de la plataforma de licitaciones www.mercadopublico.cl, las que se definen de acuerdo a los productos y servicios de uso m\u00e1s frecuente por parte de los organismos p\u00fablicos. Todas las empresas y proveedores, sin importar su tama\u00f1o ni regi\u00f3n, pueden participar. Para que un proveedor pueda formar parte de la tienda virtual de convenios marco ChileCompra tiene que ofertar y ser adjudicado en la licitaci\u00f3n de convenios marco del rubro respectivo.<\/p>\n<p style=\"padding-left: 40px;\">Participar en las licitaciones p\u00fablicas de convenios marco no tiene costo para proveedores.<\/p>\n<\/div><\/div><\/div><div class=\"fusion-panel panel-default panel-8751cc5fd7387c3e2 fusion-toggle-no-divider fusion-toggle-boxed-mode\"><div class=\"panel-heading\"><h4 class=\"panel-title toggle\" id=\"toggle_8751cc5fd7387c3e2\"><a aria-expanded=\"false\" aria-controls=\"8751cc5fd7387c3e2\" role=\"button\" data-toggle=\"collapse\" data-parent=\"#accordion-26974-1\" data-target=\"#8751cc5fd7387c3e2\" href=\"#8751cc5fd7387c3e2\"><span class=\"fusion-toggle-icon-wrapper\" aria-hidden=\"true\"><i class=\"fa-fusion-box active-icon awb-icon-minus\" aria-hidden=\"true\"><\/i><i class=\"fa-fusion-box inactive-icon awb-icon-plus\" aria-hidden=\"true\"><\/i><\/span><span class=\"fusion-toggle-heading\">3.- \u00bfC\u00f3mo se env\u00eda la Orden de Compra?<\/span><\/a><\/h4><\/div><div id=\"8751cc5fd7387c3e2\" class=\"panel-collapse collapse \" aria-labelledby=\"toggle_8751cc5fd7387c3e2\"><div class=\"panel-body toggle-content fusion-clearfix\">\n<p style=\"padding-left: 40px;\">Si es por Licitaci\u00f3n o por Convenio Marco es a trav\u00e9s de la plataforma Mercado Publico.<br \/>\nEn el caso de las \u00d3rdenes manuales de la Municipalidad de Puc\u00f3n, estas ser\u00e1n remitidas v\u00eda correo electr\u00f3nico o de forma presencial por el Departamento solicitante.<\/p>\n<\/div><\/div><\/div><div class=\"fusion-panel panel-default panel-351057a3b91af5223 fusion-toggle-no-divider fusion-toggle-boxed-mode\"><div class=\"panel-heading\"><h4 class=\"panel-title toggle\" id=\"toggle_351057a3b91af5223\"><a aria-expanded=\"false\" aria-controls=\"351057a3b91af5223\" role=\"button\" data-toggle=\"collapse\" data-parent=\"#accordion-26974-1\" data-target=\"#351057a3b91af5223\" href=\"#351057a3b91af5223\"><span class=\"fusion-toggle-icon-wrapper\" aria-hidden=\"true\"><i class=\"fa-fusion-box active-icon awb-icon-minus\" aria-hidden=\"true\"><\/i><i class=\"fa-fusion-box inactive-icon awb-icon-plus\" aria-hidden=\"true\"><\/i><\/span><span class=\"fusion-toggle-heading\">4.- \u00bfCon qui\u00e9n debemos dirigirnos en caso de consultar por un pago vinculado a una Orden de Compra?<\/span><\/a><\/h4><\/div><div id=\"351057a3b91af5223\" class=\"panel-collapse collapse \" aria-labelledby=\"toggle_351057a3b91af5223\"><div class=\"panel-body toggle-content fusion-clearfix\">\n<p style=\"padding-left: 40px;\">Debe dirigirse a los siguientes correos y tel\u00e9fonos para realizar sus respectivas consultas:<br \/>\n<a href=\"mailto:%20adquisiciones@municipalidadpucon.cl\">adquisiciones@municipalidadpucon.cl\u00a0<\/a>, 45-2888084<br \/>\n<a href=\"mailto:%20adqui2@municipalidadpucon.cl\">adqui2@municipalidadpucon.cl\u00a0<\/a>, 45-2888087<br \/>\n<a href=\"mailto:%20finanzas@municipalidadpucon.cl\">finanzas@municipalidadpucon.cl\u00a0<\/a>, 45-2888086.<\/p>\n<\/div><\/div><\/div><div class=\"fusion-panel panel-default panel-136e3286a21e23349 fusion-toggle-no-divider fusion-toggle-boxed-mode\"><div class=\"panel-heading\"><h4 class=\"panel-title toggle\" id=\"toggle_136e3286a21e23349\"><a aria-expanded=\"false\" aria-controls=\"136e3286a21e23349\" role=\"button\" data-toggle=\"collapse\" data-parent=\"#accordion-26974-1\" data-target=\"#136e3286a21e23349\" href=\"#136e3286a21e23349\"><span class=\"fusion-toggle-icon-wrapper\" aria-hidden=\"true\"><i class=\"fa-fusion-box active-icon awb-icon-minus\" aria-hidden=\"true\"><\/i><i class=\"fa-fusion-box inactive-icon awb-icon-plus\" aria-hidden=\"true\"><\/i><\/span><span class=\"fusion-toggle-heading\">5.- \u00bf Cu\u00e1ndo se cancelan las facturas y\/o boleta con Orden de Compra?<\/span><\/a><\/h4><\/div><div id=\"136e3286a21e23349\" class=\"panel-collapse collapse \" aria-labelledby=\"toggle_136e3286a21e23349\"><div class=\"panel-body toggle-content fusion-clearfix\">\n<p style=\"padding-left: 40px;\">Una vez recepcionado conforme los productos y\/o servicios, la factura y\/o boleta se cancela en 30 d\u00edas corridos.<\/p>\n<\/div><\/div><\/div><\/div><\/div><div class=\"fusion-clearfix\"><\/div><\/div><\/div><\/div><\/div>\n","protected":false},"excerpt":{"rendered":"","protected":false},"author":1,"featured_media":0,"parent":0,"menu_order":0,"comment_status":"closed","ping_status":"closed","template":"","meta":[],"_links":{"self":[{"href":"https:\/\/municipalidadpucon.cl\/index.php?rest_route=\/wp\/v2\/pages\/26974"}],"collection":[{"href":"https:\/\/municipalidadpucon.cl\/index.php?rest_route=\/wp\/v2\/pages"}],"about":[{"href":"https:\/\/municipalidadpucon.cl\/index.php?rest_route=\/wp\/v2\/types\/page"}],"author":[{"embeddable":true,"href":"https:\/\/municipalidadpucon.cl\/index.php?rest_route=\/wp\/v2\/users\/1"}],"replies":[{"embeddable":true,"href":"https:\/\/municipalidadpucon.cl\/index.php?rest_route=%2Fwp%2Fv2%2Fcomments&post=26974"}],"version-history":[{"count":3,"href":"https:\/\/municipalidadpucon.cl\/index.php?rest_route=\/wp\/v2\/pages\/26974\/revisions"}],"predecessor-version":[{"id":29936,"href":"https:\/\/municipalidadpucon.cl\/index.php?rest_route=\/wp\/v2\/pages\/26974\/revisions\/29936"}],"wp:attachment":[{"href":"https:\/\/municipalidadpucon.cl\/index.php?rest_route=%2Fwp%2Fv2%2Fmedia&parent=26974"}],"curies":[{"name":"wp","href":"https:\/\/api.w.org\/{rel}","templated":true}]}}