{"id":28226,"date":"2020-07-03T11:47:05","date_gmt":"2020-07-03T14:47:05","guid":{"rendered":"https:\/\/municipalidadpucon.cl\/?page_id=28226"},"modified":"2021-04-07T17:10:13","modified_gmt":"2021-04-07T20:10:13","slug":"mi-historia-clinica","status":"publish","type":"page","link":"https:\/\/municipalidadpucon.cl\/?page_id=28226","title":{"rendered":"Mi Historia Clinica"},"content":{"rendered":"<div class=\"fusion-fullwidth fullwidth-box fusion-builder-row-1 nonhundred-percent-fullwidth non-hundred-percent-height-scrolling\" style=\"--awb-border-radius-top-left:0px;--awb-border-radius-top-right:0px;--awb-border-radius-bottom-right:0px;--awb-border-radius-bottom-left:0px;--awb-flex-wrap:wrap;\" ><div class=\"fusion-builder-row fusion-row\"><div class=\"fusion-layout-column fusion_builder_column fusion-builder-column-0 fusion_builder_column_1_1 1_1 fusion-one-full fusion-column-first fusion-column-last\" style=\"--awb-bg-size:cover;\"><div class=\"fusion-column-wrapper fusion-column-has-shadow fusion-flex-column-wrapper-legacy\"><div class=\"fusion-text fusion-text-1\"><h4 style=\"text-align: center;\"><span style=\"color: #3366ff;\">Bienvenidos<\/span><\/h4>\n<p style=\"text-align: justify;\"><span style=\"font-size: 10pt;\">En agosto del 2018, luego de un an\u00e1lisis completo de todos los sistemas de agenda medica existentes, iniciamos la implantaci\u00f3n de un nuevo sistema de agenda optando por la empresa AVIS, cuya finalidad fue la de utilizar la tecnolog\u00eda disponible para mejorar la satisfacci\u00f3n usuaria y obtener un sistema de registro, an\u00e1lisis y reporteria que contribuya a una gesti\u00f3n m\u00e1s eficiente de los procesos cl\u00ednicos y administrativos del CESFAM y los Centros de Salud de DSM.<\/span><\/p>\n<p style=\"text-align: justify;\"><span style=\"font-size: 10pt;\">Uno de los aspectos por lo que optamos por la empresa AVIS, era la posibilidad de utilizar una aplicaci\u00f3n denominada mi HC, plataforma que puede ser usada a trav\u00e9s de dispositivos m\u00f3viles como computadores para mejorar la comunicaci\u00f3n e informaci\u00f3n respecto a las prestaciones en salud que ofrecemos a nuestros usuarios y usuarias. Esa idea hoy se vuelve realidad, luego de meses de trabajo y en medio de la pandemia por el coronavirus, estamos en condiciones de anunciar a nuestros usuarios internos y externos que ya se encuentra disponible la aplicaci\u00f3n MI HC de AVIS para ser descargada y utilizada por aquellos usuarios inscritos en nuestros CESFAM.<\/span><\/p>\n<p style=\"text-align: justify;\"><span style=\"font-size: 10pt;\">Es importante dejar en claro que la Teleconsulta es una prestaci\u00f3n de orientaci\u00f3n en salud y no reemplaza totalmente a una atenci\u00f3n presencial en la cual se toman signos vitales y se examina al usuario, sin embargo, la tele consulta permite orientar correctamente al usuario, realizar seguimientos de tratamientos o indicaciones, mantener el v\u00ednculo terap\u00e9utico, dar \u00f3rdenes de ex\u00e1menes a laboratorio y prescribir recetas m\u00e9dicas.<\/span><\/p>\n<p style=\"text-align: justify;\"><span style=\"font-size: 10pt;\">Tanto la estrategia de Mi HC como la Teleconsulta vienen a reforzar las diferentes estrategias presenciales y telef\u00f3nicas que hemos implementado para mantener algunas de nuestras prestaciones en medio de la emergencia sanitaria.<\/span><\/p>\n<\/div><div class=\"fusion-video fusion-youtube fusion-aligncenter\" style=\"--awb-max-width:600px;--awb-max-height:360px;--awb-width:100%;\"><div class=\"video-shortcode\"><div class=\"fluid-width-video-wrapper\" style=\"padding-top:60%;\" ><iframe title=\"YouTube video player 1\" src=\"https:\/\/www.youtube.com\/embed\/0aA1q-LseH4?wmode=transparent&autoplay=0\" width=\"600\" height=\"360\" allowfullscreen allow=\"autoplay; fullscreen\"><\/iframe><\/div><\/div><\/div><div class=\"fusion-clearfix\"><\/div><\/div><\/div><div class=\"fusion-layout-column fusion_builder_column fusion-builder-column-1 fusion_builder_column_1_6 1_6 fusion-one-sixth fusion-column-first\" style=\"--awb-bg-size:cover;width:16.666666666667%;width:calc(16.666666666667% - ( ( 4% + 4% + 4% + 4% + 4% ) * 0.16666666666667 ) );margin-right: 4%;\"><div class=\"fusion-column-wrapper fusion-column-has-shadow fusion-flex-column-wrapper-legacy\"><div class=\"fusion-image-element fusion-image-align-center in-legacy-container\" style=\"text-align:center;--awb-liftup-border-radius:0px;--awb-caption-title-font-family:var(--h2_typography-font-family);--awb-caption-title-font-weight:var(--h2_typography-font-weight);--awb-caption-title-font-style:var(--h2_typography-font-style);--awb-caption-title-size:var(--h2_typography-font-size);--awb-caption-title-transform:var(--h2_typography-text-transform);--awb-caption-title-line-height:var(--h2_typography-line-height);--awb-caption-title-letter-spacing:var(--h2_typography-letter-spacing);\"><div class=\"imageframe-align-center\"><div class=\"awb-image-frame awb-image-frame-1 imageframe-liftup\"><span class=\" fusion-imageframe imageframe-none imageframe-1\"><a class=\"fusion-no-lightbox\" href=\"https:\/\/apps.apple.com\/cl\/app\/mihc\/id1271403659\" target=\"_blank\" aria-label=\"Descarga\" rel=\"noopener noreferrer\"><img decoding=\"async\" width=\"283\" height=\"283\" src=\"https:\/\/municipalidadpucon.cl\/wp-content\/uploads\/2020\/07\/Descarga.png\" alt class=\"img-responsive wp-image-28233\" srcset=\"https:\/\/municipalidadpucon.cl\/wp-content\/uploads\/2020\/07\/Descarga-200x200.png 200w, https:\/\/municipalidadpucon.cl\/wp-content\/uploads\/2020\/07\/Descarga.png 283w\" sizes=\"(max-width: 800px) 100vw, 200px\" \/><\/a><\/span><\/div><\/div><\/div><div class=\"fusion-text fusion-text-2\"><p style=\"text-align: center;\"><span style=\"font-size: 10pt;\">Descarga App Store<\/span><\/p>\n<\/div><div class=\"fusion-clearfix\"><\/div><\/div><\/div><div class=\"fusion-layout-column fusion_builder_column fusion-builder-column-2 fusion_builder_column_1_6 1_6 fusion-one-sixth\" style=\"--awb-bg-size:cover;width:16.666666666667%;width:calc(16.666666666667% - ( ( 4% + 4% + 4% + 4% + 4% ) * 0.16666666666667 ) );margin-right: 4%;\"><div class=\"fusion-column-wrapper fusion-column-has-shadow fusion-flex-column-wrapper-legacy\"><div class=\"fusion-image-element fusion-image-align-center in-legacy-container\" style=\"text-align:center;--awb-liftup-border-radius:0px;--awb-caption-title-font-family:var(--h2_typography-font-family);--awb-caption-title-font-weight:var(--h2_typography-font-weight);--awb-caption-title-font-style:var(--h2_typography-font-style);--awb-caption-title-size:var(--h2_typography-font-size);--awb-caption-title-transform:var(--h2_typography-text-transform);--awb-caption-title-line-height:var(--h2_typography-line-height);--awb-caption-title-letter-spacing:var(--h2_typography-letter-spacing);\"><div class=\"imageframe-align-center\"><div class=\"awb-image-frame awb-image-frame-2 imageframe-liftup\"><span class=\" fusion-imageframe imageframe-none imageframe-2\"><a class=\"fusion-no-lightbox\" href=\"https:\/\/play.google.com\/store\/apps\/details?id=com.ionicframework.myhcmovil267012&amp;hl=es_CL\" target=\"_self\" aria-label=\"Descarga\"><img decoding=\"async\" width=\"283\" height=\"283\" src=\"https:\/\/municipalidadpucon.cl\/wp-content\/uploads\/2020\/07\/Descarga.png\" alt class=\"img-responsive wp-image-28233\" srcset=\"https:\/\/municipalidadpucon.cl\/wp-content\/uploads\/2020\/07\/Descarga-200x200.png 200w, https:\/\/municipalidadpucon.cl\/wp-content\/uploads\/2020\/07\/Descarga.png 283w\" sizes=\"(max-width: 800px) 100vw, 200px\" \/><\/a><\/span><\/div><\/div><\/div><div class=\"fusion-text fusion-text-3\"><p style=\"text-align: center;\"><span style=\"font-size: 10pt;\">Descarga Google Play<\/span><\/p>\n<\/div><div class=\"fusion-clearfix\"><\/div><\/div><\/div><div class=\"fusion-layout-column fusion_builder_column fusion-builder-column-3 fusion_builder_column_1_6 1_6 fusion-one-sixth fusion-column-inner-bg-wrapper\" style=\"--awb-inner-bg-size:cover;width:16.666666666667%;width:calc(16.666666666667% - ( ( 4% + 4% + 4% + 4% + 4% ) * 0.16666666666667 ) );margin-right: 4%;\"><span class=\"fusion-column-inner-bg hover-type-none\"><a class=\"fusion-column-anchor\" href=\"http:\/\/www.mihc.cl\"><span class=\"fusion-column-inner-bg-image\"><\/span><\/a><\/span><div class=\"fusion-column-wrapper fusion-column-has-shadow fusion-flex-column-wrapper-legacy\"><div class=\"fusion-image-element in-legacy-container\" style=\"--awb-liftup-border-radius:0px;--awb-caption-title-font-family:var(--h2_typography-font-family);--awb-caption-title-font-weight:var(--h2_typography-font-weight);--awb-caption-title-font-style:var(--h2_typography-font-style);--awb-caption-title-size:var(--h2_typography-font-size);--awb-caption-title-transform:var(--h2_typography-text-transform);--awb-caption-title-line-height:var(--h2_typography-line-height);--awb-caption-title-letter-spacing:var(--h2_typography-letter-spacing);\"><div class=\"awb-image-frame awb-image-frame-3 imageframe-liftup\"><span class=\" fusion-imageframe imageframe-none imageframe-3\"><a class=\"fusion-no-lightbox\" href=\"www.mihc.cl\" target=\"_self\" aria-label=\"Web\"><img decoding=\"async\" width=\"283\" height=\"283\" src=\"https:\/\/municipalidadpucon.cl\/wp-content\/uploads\/2020\/07\/Web.png\" alt class=\"img-responsive wp-image-28237\" srcset=\"https:\/\/municipalidadpucon.cl\/wp-content\/uploads\/2020\/07\/Web-200x200.png 200w, https:\/\/municipalidadpucon.cl\/wp-content\/uploads\/2020\/07\/Web.png 283w\" sizes=\"(max-width: 800px) 100vw, 200px\" \/><\/a><\/span><\/div><\/div><div class=\"fusion-text fusion-text-4\"><p style=\"text-align: center;\"><span style=\"font-size: 10pt;\">www.mihc.cl<\/span><\/p>\n<\/div><div class=\"fusion-clearfix\"><\/div><\/div><\/div><div class=\"fusion-layout-column fusion_builder_column fusion-builder-column-4 fusion_builder_column_1_6 1_6 fusion-one-sixth\" style=\"--awb-bg-size:cover;width:16.666666666667%;width:calc(16.666666666667% - ( ( 4% + 4% + 4% + 4% + 4% ) * 0.16666666666667 ) );margin-right: 4%;\"><div class=\"fusion-column-wrapper fusion-column-has-shadow fusion-flex-column-wrapper-legacy\"><div class=\"fusion-image-element in-legacy-container\" style=\"--awb-liftup-border-radius:0px;--awb-caption-title-font-family:var(--h2_typography-font-family);--awb-caption-title-font-weight:var(--h2_typography-font-weight);--awb-caption-title-font-style:var(--h2_typography-font-style);--awb-caption-title-size:var(--h2_typography-font-size);--awb-caption-title-transform:var(--h2_typography-text-transform);--awb-caption-title-line-height:var(--h2_typography-line-height);--awb-caption-title-letter-spacing:var(--h2_typography-letter-spacing);\"><div class=\"awb-image-frame awb-image-frame-4 imageframe-liftup\"><span class=\" fusion-imageframe imageframe-none imageframe-4\"><a class=\"fusion-no-lightbox\" href=\"https:\/\/municipalidadpucon.cl\/?page_id=28861\" target=\"_self\" aria-label=\"Formulario\"><img decoding=\"async\" width=\"283\" height=\"283\" src=\"https:\/\/municipalidadpucon.cl\/wp-content\/uploads\/2020\/07\/Formulario.png\" alt class=\"img-responsive wp-image-28239\" srcset=\"https:\/\/municipalidadpucon.cl\/wp-content\/uploads\/2020\/07\/Formulario-200x200.png 200w, https:\/\/municipalidadpucon.cl\/wp-content\/uploads\/2020\/07\/Formulario.png 283w\" sizes=\"(max-width: 800px) 100vw, 200px\" \/><\/a><\/span><\/div><\/div><div class=\"fusion-text fusion-text-5\"><p style=\"text-align: center;\"><span style=\"font-size: 10pt;\">Formularios Soporte MIHC<\/span><\/p>\n<\/div><div class=\"fusion-clearfix\"><\/div><\/div><\/div><div class=\"fusion-layout-column fusion_builder_column fusion-builder-column-5 fusion_builder_column_1_6 1_6 fusion-one-sixth\" style=\"--awb-bg-size:cover;width:16.666666666667%;width:calc(16.666666666667% - ( ( 4% + 4% + 4% + 4% + 4% ) * 0.16666666666667 ) );margin-right: 4%;\"><div class=\"fusion-column-wrapper fusion-column-has-shadow fusion-flex-column-wrapper-legacy\"><div class=\"fusion-image-element in-legacy-container\" style=\"--awb-liftup-border-radius:0px;--awb-caption-title-font-family:var(--h2_typography-font-family);--awb-caption-title-font-weight:var(--h2_typography-font-weight);--awb-caption-title-font-style:var(--h2_typography-font-style);--awb-caption-title-size:var(--h2_typography-font-size);--awb-caption-title-transform:var(--h2_typography-text-transform);--awb-caption-title-line-height:var(--h2_typography-line-height);--awb-caption-title-letter-spacing:var(--h2_typography-letter-spacing);\"><div class=\"awb-image-frame awb-image-frame-5 imageframe-liftup\"><span class=\" fusion-imageframe imageframe-none imageframe-5\"><a class=\"fusion-no-lightbox\" href=\"https:\/\/www.facebook.com\/DepartamentodeSaludPucon\/\" target=\"_self\" aria-label=\"Facebook\"><img decoding=\"async\" width=\"283\" height=\"283\" src=\"https:\/\/municipalidadpucon.cl\/wp-content\/uploads\/2020\/07\/Facebook.png\" alt class=\"img-responsive wp-image-28241\" srcset=\"https:\/\/municipalidadpucon.cl\/wp-content\/uploads\/2020\/07\/Facebook-200x200.png 200w, https:\/\/municipalidadpucon.cl\/wp-content\/uploads\/2020\/07\/Facebook.png 283w\" sizes=\"(max-width: 800px) 100vw, 200px\" \/><\/a><\/span><\/div><\/div><div class=\"fusion-text fusion-text-6\"><p style=\"text-align: center;\"><span style=\"font-size: 10pt;\">Facebook<\/span><\/p>\n<\/div><div class=\"fusion-clearfix\"><\/div><\/div><\/div><div class=\"fusion-layout-column fusion_builder_column fusion-builder-column-6 fusion_builder_column_1_6 1_6 fusion-one-sixth fusion-column-last\" style=\"--awb-bg-size:cover;width:16.666666666667%;width:calc(16.666666666667% - ( ( 4% + 4% + 4% + 4% + 4% ) * 0.16666666666667 ) );\"><div class=\"fusion-column-wrapper fusion-column-has-shadow fusion-flex-column-wrapper-legacy\"><div class=\"fusion-image-element in-legacy-container\" style=\"--awb-liftup-border-radius:0px;--awb-caption-title-font-family:var(--h2_typography-font-family);--awb-caption-title-font-weight:var(--h2_typography-font-weight);--awb-caption-title-font-style:var(--h2_typography-font-style);--awb-caption-title-size:var(--h2_typography-font-size);--awb-caption-title-transform:var(--h2_typography-text-transform);--awb-caption-title-line-height:var(--h2_typography-line-height);--awb-caption-title-letter-spacing:var(--h2_typography-letter-spacing);\"><div class=\"awb-image-frame awb-image-frame-6 imageframe-liftup\"><span class=\" fusion-imageframe imageframe-none imageframe-6\"><a class=\"fusion-no-lightbox\" href=\"https:\/\/www.youtube.com\/channel\/UCYkUA3d3esdLFDTcPJ_iWSw\" target=\"_self\" aria-label=\"YouTube\"><img decoding=\"async\" width=\"283\" height=\"283\" src=\"https:\/\/municipalidadpucon.cl\/wp-content\/uploads\/2020\/07\/YouTube.png\" alt class=\"img-responsive wp-image-28242\" srcset=\"https:\/\/municipalidadpucon.cl\/wp-content\/uploads\/2020\/07\/YouTube-200x200.png 200w, https:\/\/municipalidadpucon.cl\/wp-content\/uploads\/2020\/07\/YouTube.png 283w\" sizes=\"(max-width: 800px) 100vw, 200px\" \/><\/a><\/span><\/div><\/div><div class=\"fusion-text fusion-text-7\"><p style=\"text-align: center;\"><span style=\"font-size: 10pt;\">Canal de Youtube<\/span><\/p>\n<\/div><div class=\"fusion-clearfix\"><\/div><\/div><\/div><div class=\"fusion-layout-column fusion_builder_column fusion-builder-column-7 fusion_builder_column_1_1 1_1 fusion-one-full fusion-column-first fusion-column-last\" style=\"--awb-bg-size:cover;\"><div class=\"fusion-column-wrapper fusion-column-has-shadow fusion-flex-column-wrapper-legacy\"><div class=\"fusion-text fusion-text-8\"><h3 id=\":yw\" class=\"hP\" style=\"text-align: center;\" tabindex=\"-1\" data-thread-perm-id=\"thread-f:1668880900345029786\" data-legacy-thread-id=\"17290e56357fe49a\"><span style=\"color: #3366ff;\"><a style=\"color: #3366ff;\" href=\"https:\/\/municipalidadpucon.cl\/oldweb\/web2010\/para%20descarga\/Salud\/MiHC\/TutorialMiHC.pdf\">Tutorial Instalaci\u00f3n aplicaci\u00f3n P\u00e1gina web y celular<\/a><\/span><\/h3>\n<\/div><div class=\"fusion-clearfix\"><\/div><\/div><\/div><\/div><\/div>\n","protected":false},"excerpt":{"rendered":"","protected":false},"author":1,"featured_media":0,"parent":0,"menu_order":0,"comment_status":"closed","ping_status":"closed","template":"","meta":[],"_links":{"self":[{"href":"https:\/\/municipalidadpucon.cl\/index.php?rest_route=\/wp\/v2\/pages\/28226"}],"collection":[{"href":"https:\/\/municipalidadpucon.cl\/index.php?rest_route=\/wp\/v2\/pages"}],"about":[{"href":"https:\/\/municipalidadpucon.cl\/index.php?rest_route=\/wp\/v2\/types\/page"}],"author":[{"embeddable":true,"href":"https:\/\/municipalidadpucon.cl\/index.php?rest_route=\/wp\/v2\/users\/1"}],"replies":[{"embeddable":true,"href":"https:\/\/municipalidadpucon.cl\/index.php?rest_route=%2Fwp%2Fv2%2Fcomments&post=28226"}],"version-history":[{"count":23,"href":"https:\/\/municipalidadpucon.cl\/index.php?rest_route=\/wp\/v2\/pages\/28226\/revisions"}],"predecessor-version":[{"id":33337,"href":"https:\/\/municipalidadpucon.cl\/index.php?rest_route=\/wp\/v2\/pages\/28226\/revisions\/33337"}],"wp:attachment":[{"href":"https:\/\/municipalidadpucon.cl\/index.php?rest_route=%2Fwp%2Fv2%2Fmedia&parent=28226"}],"curies":[{"name":"wp","href":"https:\/\/api.w.org\/{rel}","templated":true}]}}