{"id":28821,"date":"2020-08-05T11:11:07","date_gmt":"2020-08-05T14:11:07","guid":{"rendered":"https:\/\/municipalidadpucon.cl\/?page_id=28821"},"modified":"2020-08-05T11:12:44","modified_gmt":"2020-08-05T14:12:44","slug":"programa-de-salud-del-adulto","status":"publish","type":"page","link":"https:\/\/municipalidadpucon.cl\/?page_id=28821","title":{"rendered":"Programa de Salud del Adulto"},"content":{"rendered":"<div class=\"fusion-fullwidth fullwidth-box fusion-builder-row-1 fusion-flex-container nonhundred-percent-fullwidth non-hundred-percent-height-scrolling\" style=\"--awb-border-radius-top-left:0px;--awb-border-radius-top-right:0px;--awb-border-radius-bottom-right:0px;--awb-border-radius-bottom-left:0px;--awb-flex-wrap:wrap;\" ><div class=\"fusion-builder-row fusion-row fusion-flex-align-items-flex-start fusion-flex-content-wrap\" style=\"max-width:1352px;margin-left: calc(-4% \/ 2 );margin-right: calc(-4% \/ 2 );\"><div class=\"fusion-layout-column fusion_builder_column fusion-builder-column-0 fusion_builder_column_1_1 1_1 fusion-flex-column\" style=\"--awb-bg-size:cover;--awb-width-large:100%;--awb-margin-top-large:0px;--awb-spacing-right-large:1.92%;--awb-margin-bottom-large:20px;--awb-spacing-left-large:1.92%;--awb-width-medium:100%;--awb-order-medium:0;--awb-spacing-right-medium:1.92%;--awb-spacing-left-medium:1.92%;--awb-width-small:100%;--awb-order-small:0;--awb-spacing-right-small:1.92%;--awb-spacing-left-small:1.92%;\"><div class=\"fusion-column-wrapper fusion-column-has-shadow fusion-flex-justify-content-flex-start fusion-content-layout-column\"><div class=\"fusion-text fusion-text-1\"><h5><span style=\"color: #3366ff;\">4.- PROGRAMA DE SALUD DEL ADULTO<\/span><\/h5>\n<p>Est\u00e1 enfocado a personas, hombres y mujeres, entre 20 y 64 a\u00f1os de edad.<\/p>\n<p><strong>OBJETIVO<\/strong><\/p>\n<ul>\n<li>Mejorar el nivel de salud de la poblaci\u00f3n adulta y contribuir a su mantenci\u00f3n a trav\u00e9s de la adopci\u00f3n de estilos de vida saludable.<\/li>\n<li>Reducir la prevalencia de aquellas enfermedades que se pueden prevenir a trav\u00e9s del control de sus factores de riesgo.<\/li>\n<li>Satisfacer las necesidades de atenci\u00f3n m\u00e9dica de la poblaci\u00f3n adulta y procurar una atenci\u00f3n resolutiva.<\/li>\n<li>Mejorar la oportunidad del diagn\u00f3stico y asegurar el tratamiento de aquellas enfermedades no transmisibles controlables, como medio para reducir la mortalidad prematura y la discapacidad asociada a sus complicaciones.<\/li>\n<li>Contribuir a rehabilitar al adulto en caso que lo requiera.<\/li>\n<\/ul>\n<p><strong>PRESTACIONES<\/strong><br \/>\n<strong>\u00a0<\/strong><\/p>\n<p><strong>-Examen de Salud Preventivo (EMPA)<\/strong><\/p>\n<p>Todo adulto que se inscribe en nuestros centros de salud puede solicitar que se le realice el EMPA. El resultado del examen permitir\u00e1 definir un plan de cuidados en concordancia con el nivel de salud de la persona.<\/p>\n<p>A trav\u00e9s del EMPA se identifican los principales factores de riesgo de enfermedades de alta prevalencia, como son las enfermedades cardiovasculares (diabetes mellitus, hipertensi\u00f3n, entre otras.)<\/p>\n<p>Durante la realizaci\u00f3n del examen, se hacen intervenciones educativas, dirigida a cambiar conductas no saludables<\/p>\n<p>A las mujeres se les realiza un examen f\u00edsico de mamas y un Papanicolau (PAP) para detectar y poder tratar en forma oportuna un c\u00e1ncer de mama o c\u00e9rvico-uterino, respectivamente.<\/p>\n<p><strong>Adem\u00e1s realizamos:<\/strong><\/p>\n<ul>\n<li>Control de enfermedades cr\u00f3nicas: como hipertensi\u00f3n, diabetes, hipercolesterolemia.<\/li>\n<li>Control con enfermera<\/li>\n<li>Consulta nutricional<\/li>\n<li>Control Matrona<\/li>\n<li>Educaci\u00f3n grupal<\/li>\n<li>Visita domiciliaria<\/li>\n<li>Consulta Social<\/li>\n<\/ul>\n<p><strong>\u00bfC\u00d3MO ACCEDER?<\/strong><\/p>\n<ul>\n<li>En caso de requerir un examen m\u00e9dico preventivo (EMP) solicitar la hora en mes\u00f3n de Some de su respectivo sector.<\/li>\n<\/ul>\n<p>Para acceder al programa de salud del adulto es necesario ingresar mediante control con medico de su sector quien a trav\u00e9s de examen de sangre pesquisa si existe alguna patolog\u00eda de salud (ejemplo: hipertensi\u00f3n, diabetes, dislipidemia).<\/p>\n<\/div><\/div><\/div><\/div><\/div>\n","protected":false},"excerpt":{"rendered":"","protected":false},"author":1,"featured_media":0,"parent":0,"menu_order":0,"comment_status":"closed","ping_status":"closed","template":"","meta":[],"_links":{"self":[{"href":"https:\/\/municipalidadpucon.cl\/index.php?rest_route=\/wp\/v2\/pages\/28821"}],"collection":[{"href":"https:\/\/municipalidadpucon.cl\/index.php?rest_route=\/wp\/v2\/pages"}],"about":[{"href":"https:\/\/municipalidadpucon.cl\/index.php?rest_route=\/wp\/v2\/types\/page"}],"author":[{"embeddable":true,"href":"https:\/\/municipalidadpucon.cl\/index.php?rest_route=\/wp\/v2\/users\/1"}],"replies":[{"embeddable":true,"href":"https:\/\/municipalidadpucon.cl\/index.php?rest_route=%2Fwp%2Fv2%2Fcomments&post=28821"}],"version-history":[{"count":3,"href":"https:\/\/municipalidadpucon.cl\/index.php?rest_route=\/wp\/v2\/pages\/28821\/revisions"}],"predecessor-version":[{"id":28825,"href":"https:\/\/municipalidadpucon.cl\/index.php?rest_route=\/wp\/v2\/pages\/28821\/revisions\/28825"}],"wp:attachment":[{"href":"https:\/\/municipalidadpucon.cl\/index.php?rest_route=%2Fwp%2Fv2%2Fmedia&parent=28821"}],"curies":[{"name":"wp","href":"https:\/\/api.w.org\/{rel}","templated":true}]}}