{"id":28837,"date":"2020-08-05T11:27:45","date_gmt":"2020-08-05T14:27:45","guid":{"rendered":"https:\/\/municipalidadpucon.cl\/?page_id=28837"},"modified":"2020-08-05T11:27:45","modified_gmt":"2020-08-05T14:27:45","slug":"programa-de-alimentacion-complementario","status":"publish","type":"page","link":"https:\/\/municipalidadpucon.cl\/?page_id=28837","title":{"rendered":"Programa de Alimentaci\u00f3n Complementario"},"content":{"rendered":"<div class=\"fusion-fullwidth fullwidth-box fusion-builder-row-1 fusion-flex-container nonhundred-percent-fullwidth non-hundred-percent-height-scrolling\" style=\"--awb-border-radius-top-left:0px;--awb-border-radius-top-right:0px;--awb-border-radius-bottom-right:0px;--awb-border-radius-bottom-left:0px;--awb-flex-wrap:wrap;\" ><div class=\"fusion-builder-row fusion-row fusion-flex-align-items-flex-start fusion-flex-content-wrap\" style=\"max-width:1352px;margin-left: calc(-4% \/ 2 );margin-right: calc(-4% \/ 2 );\"><div class=\"fusion-layout-column fusion_builder_column fusion-builder-column-0 fusion_builder_column_1_1 1_1 fusion-flex-column\" style=\"--awb-bg-size:cover;--awb-width-large:100%;--awb-margin-top-large:0px;--awb-spacing-right-large:1.92%;--awb-margin-bottom-large:20px;--awb-spacing-left-large:1.92%;--awb-width-medium:100%;--awb-order-medium:0;--awb-spacing-right-medium:1.92%;--awb-spacing-left-medium:1.92%;--awb-width-small:100%;--awb-order-small:0;--awb-spacing-right-small:1.92%;--awb-spacing-left-small:1.92%;\"><div class=\"fusion-column-wrapper fusion-column-has-shadow fusion-flex-justify-content-flex-start fusion-content-layout-column\"><div class=\"fusion-text fusion-text-1\"><h5><span style=\"color: #3366ff;\">9.- PROGRAMA DE ALIMENTACI\u00d3N COMPLEMENTARIA<\/span><\/h5>\n<ul>\n<li><strong>Embarazadas<\/strong><\/li>\n<\/ul>\n<p>Entrega de leche Purita Mam\u00e1 a mujeres desde el primer control de embarazo. Tambi\u00e9n pueden recibir este beneficio aquellas mujeres que est\u00e9n amamantando y que durante el embarazo hayan presentado bajo peso.<\/p>\n<p>Este beneficio es extensivo a mujeres que tengan previsi\u00f3n de salud FONASA, ISAPRE o particular.<\/p>\n<p><strong>Requisito<\/strong>: tener controles de embarazo al d\u00eda<\/p>\n<ul>\n<li><strong>Ni\u00f1os y ni\u00f1as<\/strong><\/li>\n<\/ul>\n<p>Entrega de leche Purita Fortificada a ni\u00f1os(as) desde su nacimiento hasta 1 a\u00f1o y cinco meses de vida y 29 d\u00edas. A partir del a\u00f1o y seis meses de edad y hasta cumplir los 5 a\u00f1os, 11 meses y 29 d\u00edas, se entrega leche Purita Cereal Fortificada.<\/p>\n<p>En caso de ni\u00f1os con riesgo de desnutrici\u00f3n se hace entrega del producto \u201cMi Sopita\u201d.<\/p>\n<p>Este beneficio es extensivo a ni\u00f1os(as) que tengan previsi\u00f3n de salud FONASA, ISAPRE o particular.<\/p>\n<p><strong>Requisito<\/strong>: controles de ni\u00f1o sano al d\u00eda.<\/p>\n<ul>\n<li><strong>Reci\u00e9n Nacido Prematuro<\/strong><\/li>\n<\/ul>\n<p>Entrega de leche maternizada a lactantes que al momento de nacer hayan pesado menos de 1 kilo y 500 gramos o menos de 32 semanas de gestaci\u00f3n.<\/p>\n<p>Este beneficio va desde reci\u00e9n nacido hasta los 6 meses de edad.<\/p>\n<p>Este beneficio es extensivo a ni\u00f1os(as) que tengan previsi\u00f3n de salud FONASA, ISAPRE o particular.<\/p>\n<p><strong>Requisito:<\/strong>\u00a0Tener el control sano al d\u00eda<\/p>\n<ul>\n<li><strong>Adultos Mayores<\/strong><\/li>\n<\/ul>\n<p>Entrega de 1 kilo de Crema A\u00f1os Dorados y 1 kilo de Bebida L\u00e1ctea a personas de 70 a\u00f1os o m\u00e1s de edad que sean beneficiarios de FONASA y a adultos mayores de 65 a\u00f1os inscritos en el Programa Chile Solidario.<\/p>\n<p><strong>Requisito:<\/strong>\u00a0tener controles de salud al d\u00eda.<\/p>\n<\/div><\/div><\/div><\/div><\/div>\n","protected":false},"excerpt":{"rendered":"","protected":false},"author":1,"featured_media":0,"parent":0,"menu_order":0,"comment_status":"closed","ping_status":"closed","template":"","meta":[],"_links":{"self":[{"href":"https:\/\/municipalidadpucon.cl\/index.php?rest_route=\/wp\/v2\/pages\/28837"}],"collection":[{"href":"https:\/\/municipalidadpucon.cl\/index.php?rest_route=\/wp\/v2\/pages"}],"about":[{"href":"https:\/\/municipalidadpucon.cl\/index.php?rest_route=\/wp\/v2\/types\/page"}],"author":[{"embeddable":true,"href":"https:\/\/municipalidadpucon.cl\/index.php?rest_route=\/wp\/v2\/users\/1"}],"replies":[{"embeddable":true,"href":"https:\/\/municipalidadpucon.cl\/index.php?rest_route=%2Fwp%2Fv2%2Fcomments&post=28837"}],"version-history":[{"count":1,"href":"https:\/\/municipalidadpucon.cl\/index.php?rest_route=\/wp\/v2\/pages\/28837\/revisions"}],"predecessor-version":[{"id":28838,"href":"https:\/\/municipalidadpucon.cl\/index.php?rest_route=\/wp\/v2\/pages\/28837\/revisions\/28838"}],"wp:attachment":[{"href":"https:\/\/municipalidadpucon.cl\/index.php?rest_route=%2Fwp%2Fv2%2Fmedia&parent=28837"}],"curies":[{"name":"wp","href":"https:\/\/api.w.org\/{rel}","templated":true}]}}