{"id":28839,"date":"2020-08-05T11:31:36","date_gmt":"2020-08-05T14:31:36","guid":{"rendered":"https:\/\/municipalidadpucon.cl\/?page_id=28839"},"modified":"2020-08-05T11:31:36","modified_gmt":"2020-08-05T14:31:36","slug":"programa-promocion-de-salud","status":"publish","type":"page","link":"https:\/\/municipalidadpucon.cl\/?page_id=28839","title":{"rendered":"Programa Promoci\u00f3n de Salud"},"content":{"rendered":"<div class=\"fusion-fullwidth fullwidth-box fusion-builder-row-1 fusion-flex-container nonhundred-percent-fullwidth non-hundred-percent-height-scrolling\" style=\"--awb-border-radius-top-left:0px;--awb-border-radius-top-right:0px;--awb-border-radius-bottom-right:0px;--awb-border-radius-bottom-left:0px;--awb-flex-wrap:wrap;\" ><div class=\"fusion-builder-row fusion-row fusion-flex-align-items-flex-start fusion-flex-content-wrap\" style=\"max-width:1352px;margin-left: calc(-4% \/ 2 );margin-right: calc(-4% \/ 2 );\"><div class=\"fusion-layout-column fusion_builder_column fusion-builder-column-0 fusion_builder_column_1_1 1_1 fusion-flex-column\" style=\"--awb-bg-size:cover;--awb-width-large:100%;--awb-margin-top-large:0px;--awb-spacing-right-large:1.92%;--awb-margin-bottom-large:20px;--awb-spacing-left-large:1.92%;--awb-width-medium:100%;--awb-order-medium:0;--awb-spacing-right-medium:1.92%;--awb-spacing-left-medium:1.92%;--awb-width-small:100%;--awb-order-small:0;--awb-spacing-right-small:1.92%;--awb-spacing-left-small:1.92%;\"><div class=\"fusion-column-wrapper fusion-column-has-shadow fusion-flex-justify-content-flex-start fusion-content-layout-column\"><div class=\"fusion-text fusion-text-1\"><h5><span style=\"color: #3366ff;\">10.- PROGRAMA PROMOCI\u00d3N DE SALUD<\/span><\/h5>\n<p>La promoci\u00f3n es un proceso mediante el cual las personas, familias y comunidades logran mejorar su nivel de salud al asumir un mayor control sobre s\u00ed mismas.<\/p>\n<p>Se incluyen las acciones de educaci\u00f3n, prevenci\u00f3n y fomento de salud, donde la poblaci\u00f3n act\u00faa coordinadamente en favor de pol\u00edticas, sistemas y estilos de vida saludables, por medio de la abogac\u00eda, empoderamiento y construcci\u00f3n de un sistema de soporte social que le permita vivir m\u00e1s sanamente. (Fuente: Cartas de Ottawa y Yakarta)<\/p>\n<p>La Reforma de Salud en Chile explicita la relevancia de avanzar hacia un sistema de salud equilibrado, donde la equidad y la prevenci\u00f3n y promoci\u00f3n son fundamentales.<\/p>\n<p>La Red de Salud Municipal de Pucon en conjunto con los actores sociales de la comuna desarrolla durante el a\u00f1o una serie de actividades que buscan fomentar h\u00e1bitos de vida saludables en la poblaci\u00f3n.<\/p>\n<p><strong>Actividades de Promoci\u00f3n<\/strong><\/p>\n<ul>\n<li>Plazas activas: se relaciona con actividades \u00a0de promoci\u00f3n de salud a la comunidad en diferentes plazas de la comuna.<\/li>\n<li>Jornadas sobre escuelas saludables en diferentes escuelas municipales de la comuna.<\/li>\n<li>Talleres antitabaco en los consultorios y en la comunidad.<\/li>\n<\/ul>\n<\/div><\/div><\/div><\/div><\/div>\n","protected":false},"excerpt":{"rendered":"","protected":false},"author":1,"featured_media":0,"parent":0,"menu_order":0,"comment_status":"closed","ping_status":"closed","template":"","meta":[],"_links":{"self":[{"href":"https:\/\/municipalidadpucon.cl\/index.php?rest_route=\/wp\/v2\/pages\/28839"}],"collection":[{"href":"https:\/\/municipalidadpucon.cl\/index.php?rest_route=\/wp\/v2\/pages"}],"about":[{"href":"https:\/\/municipalidadpucon.cl\/index.php?rest_route=\/wp\/v2\/types\/page"}],"author":[{"embeddable":true,"href":"https:\/\/municipalidadpucon.cl\/index.php?rest_route=\/wp\/v2\/users\/1"}],"replies":[{"embeddable":true,"href":"https:\/\/municipalidadpucon.cl\/index.php?rest_route=%2Fwp%2Fv2%2Fcomments&post=28839"}],"version-history":[{"count":1,"href":"https:\/\/municipalidadpucon.cl\/index.php?rest_route=\/wp\/v2\/pages\/28839\/revisions"}],"predecessor-version":[{"id":28840,"href":"https:\/\/municipalidadpucon.cl\/index.php?rest_route=\/wp\/v2\/pages\/28839\/revisions\/28840"}],"wp:attachment":[{"href":"https:\/\/municipalidadpucon.cl\/index.php?rest_route=%2Fwp%2Fv2%2Fmedia&parent=28839"}],"curies":[{"name":"wp","href":"https:\/\/api.w.org\/{rel}","templated":true}]}}