{"id":28842,"date":"2020-08-05T11:44:14","date_gmt":"2020-08-05T14:44:14","guid":{"rendered":"https:\/\/municipalidadpucon.cl\/?page_id=28842"},"modified":"2020-08-05T11:44:14","modified_gmt":"2020-08-05T14:44:14","slug":"plan-de-acceso-universal-a-garantias-explicitas-auge","status":"publish","type":"page","link":"https:\/\/municipalidadpucon.cl\/?page_id=28842","title":{"rendered":"Plan de Acceso Universal a Garant\u00edas Expl\u00edcitas: AUGE"},"content":{"rendered":"<div class=\"fusion-fullwidth fullwidth-box fusion-builder-row-1 fusion-flex-container nonhundred-percent-fullwidth non-hundred-percent-height-scrolling\" style=\"--awb-border-radius-top-left:0px;--awb-border-radius-top-right:0px;--awb-border-radius-bottom-right:0px;--awb-border-radius-bottom-left:0px;--awb-flex-wrap:wrap;\" ><div class=\"fusion-builder-row fusion-row fusion-flex-align-items-flex-start fusion-flex-content-wrap\" style=\"max-width:1352px;margin-left: calc(-4% \/ 2 );margin-right: calc(-4% \/ 2 );\"><div class=\"fusion-layout-column fusion_builder_column fusion-builder-column-0 fusion_builder_column_1_1 1_1 fusion-flex-column\" style=\"--awb-bg-size:cover;--awb-width-large:100%;--awb-margin-top-large:0px;--awb-spacing-right-large:1.92%;--awb-margin-bottom-large:20px;--awb-spacing-left-large:1.92%;--awb-width-medium:100%;--awb-order-medium:0;--awb-spacing-right-medium:1.92%;--awb-spacing-left-medium:1.92%;--awb-width-small:100%;--awb-order-small:0;--awb-spacing-right-small:1.92%;--awb-spacing-left-small:1.92%;\"><div class=\"fusion-column-wrapper fusion-column-has-shadow fusion-flex-justify-content-flex-start fusion-content-layout-column\"><div class=\"fusion-text fusion-text-1\"><h5><span style=\"color: #3366ff;\">11.- PLAN DE ACCESO UNIVERSAL A GARANT\u00cdAS EXPL\u00cdCITAS: AUGE<\/span><\/h5>\n<p>El AUGE, es un Plan de Acceso Universal a Garant\u00edas Expl\u00edcitas, que actualmente asegura la cobertura de 80 enfermedades (Garant\u00edas Expl\u00edcitas en Salud, GES) por parte del Fondo Nacional de Salud (FONASA) y las Instituciones de Salud Previsional (ISAPRE).<\/p>\n<p>Link para m\u00e1s informaci\u00f3n:<\/p>\n<p><a href=\"https:\/\/www.fonasa.cl\/sites\/fonasa\/beneficiarios\/auge\">https:\/\/www.fonasa.cl\/sites\/fonasa\/beneficiarios\/coberturas\/auge<\/a><\/p>\n<\/div><\/div><\/div><\/div><\/div>\n","protected":false},"excerpt":{"rendered":"","protected":false},"author":1,"featured_media":0,"parent":0,"menu_order":0,"comment_status":"closed","ping_status":"closed","template":"","meta":[],"_links":{"self":[{"href":"https:\/\/municipalidadpucon.cl\/index.php?rest_route=\/wp\/v2\/pages\/28842"}],"collection":[{"href":"https:\/\/municipalidadpucon.cl\/index.php?rest_route=\/wp\/v2\/pages"}],"about":[{"href":"https:\/\/municipalidadpucon.cl\/index.php?rest_route=\/wp\/v2\/types\/page"}],"author":[{"embeddable":true,"href":"https:\/\/municipalidadpucon.cl\/index.php?rest_route=\/wp\/v2\/users\/1"}],"replies":[{"embeddable":true,"href":"https:\/\/municipalidadpucon.cl\/index.php?rest_route=%2Fwp%2Fv2%2Fcomments&post=28842"}],"version-history":[{"count":1,"href":"https:\/\/municipalidadpucon.cl\/index.php?rest_route=\/wp\/v2\/pages\/28842\/revisions"}],"predecessor-version":[{"id":28843,"href":"https:\/\/municipalidadpucon.cl\/index.php?rest_route=\/wp\/v2\/pages\/28842\/revisions\/28843"}],"wp:attachment":[{"href":"https:\/\/municipalidadpucon.cl\/index.php?rest_route=%2Fwp%2Fv2%2Fmedia&parent=28842"}],"curies":[{"name":"wp","href":"https:\/\/api.w.org\/{rel}","templated":true}]}}