{"id":28849,"date":"2020-08-05T12:16:53","date_gmt":"2020-08-05T15:16:53","guid":{"rendered":"https:\/\/municipalidadpucon.cl\/?page_id=28849"},"modified":"2020-08-05T12:16:53","modified_gmt":"2020-08-05T15:16:53","slug":"programa-de-atencion-domiciliaria-de-salud","status":"publish","type":"page","link":"https:\/\/municipalidadpucon.cl\/?page_id=28849","title":{"rendered":"Programa de Atenci\u00f3n Domiciliaria de Salud"},"content":{"rendered":"<div class=\"fusion-fullwidth fullwidth-box fusion-builder-row-1 fusion-flex-container nonhundred-percent-fullwidth non-hundred-percent-height-scrolling\" style=\"--awb-border-radius-top-left:0px;--awb-border-radius-top-right:0px;--awb-border-radius-bottom-right:0px;--awb-border-radius-bottom-left:0px;--awb-flex-wrap:wrap;\" ><div class=\"fusion-builder-row fusion-row fusion-flex-align-items-flex-start fusion-flex-content-wrap\" style=\"max-width:1352px;margin-left: calc(-4% \/ 2 );margin-right: calc(-4% \/ 2 );\"><div class=\"fusion-layout-column fusion_builder_column fusion-builder-column-0 fusion_builder_column_1_1 1_1 fusion-flex-column\" style=\"--awb-bg-size:cover;--awb-width-large:100%;--awb-margin-top-large:0px;--awb-spacing-right-large:1.92%;--awb-margin-bottom-large:20px;--awb-spacing-left-large:1.92%;--awb-width-medium:100%;--awb-order-medium:0;--awb-spacing-right-medium:1.92%;--awb-spacing-left-medium:1.92%;--awb-width-small:100%;--awb-order-small:0;--awb-spacing-right-small:1.92%;--awb-spacing-left-small:1.92%;\"><div class=\"fusion-column-wrapper fusion-column-has-shadow fusion-flex-justify-content-flex-start fusion-content-layout-column\"><div class=\"fusion-text fusion-text-1\"><h5><span style=\"color: #3366ff;\">14.- PROGRAMA DE ATENCI\u00d3N DOMICILIARA DE SALUD<\/span><\/h5>\n<p>El Programa de Atenci\u00f3n Domiciliaria a Personas con Dependencia Severa, est\u00e1 dirigido a todas aquellas personas que sufran alg\u00fan grado de dependencia severa f\u00edsica, ps\u00edquica o multid\u00e9ficit, seg\u00fan \u00edndice de Barthel; y a preparar a las familias que cuidan a este tipo de pacientes, entregando acciones de salud integrales, cercanas y con \u00e9nfasis en la persona, su familia y entorno; considerando aspectos curativos, preventivos y promocionales con enfoque familiar y de satisfacci\u00f3n usuaria, para mejorar as\u00ed, su calidad de vida.<\/p>\n<p><strong><em>OBJETIVOS<\/em><\/strong><\/p>\n<p>Otorgar a la persona con dependencia severa, cuidador y familia, una atenci\u00f3n integral en su domicilio en el \u00e1mbito f\u00edsico emocional y social mejorando as\u00ed su calidad de vida y potenciando su recuperaci\u00f3n y rehabilitaci\u00f3n<\/p>\n<p><strong><em>PRESTACIONES<\/em><\/strong><\/p>\n<ul>\n<li>Visita Domiciliaria Integral<\/li>\n<li>Visita Domiciliaria de Seguimiento<\/li>\n<li>Visita Domiciliaria de Procedimientos<\/li>\n<li>Procedimientos de Enfermer\u00eda<\/li>\n<li>Educaci\u00f3n a Usuarios y Cuidador<\/li>\n<\/ul>\n<p><strong>\u00bfC\u00d3MO ACCEDER?<\/strong><\/p>\n<ul>\n<li>Los ingresos al programa de atenci\u00f3n domiciliaria se realizan mediante evaluaci\u00f3n de \u00edndice de dependencia (escala de Barthel) que aplica enfermera de su respectivo sector.<\/li>\n<li>Otra v\u00eda de ingresos son las derivaciones de pacientes del nivel secundario o terciario (hospitales) que por consecuencias de problemas de salud obtienen nivel de dependencia severa.<\/li>\n<\/ul>\n<\/div><\/div><\/div><\/div><\/div>\n","protected":false},"excerpt":{"rendered":"","protected":false},"author":1,"featured_media":0,"parent":0,"menu_order":0,"comment_status":"closed","ping_status":"closed","template":"","meta":[],"_links":{"self":[{"href":"https:\/\/municipalidadpucon.cl\/index.php?rest_route=\/wp\/v2\/pages\/28849"}],"collection":[{"href":"https:\/\/municipalidadpucon.cl\/index.php?rest_route=\/wp\/v2\/pages"}],"about":[{"href":"https:\/\/municipalidadpucon.cl\/index.php?rest_route=\/wp\/v2\/types\/page"}],"author":[{"embeddable":true,"href":"https:\/\/municipalidadpucon.cl\/index.php?rest_route=\/wp\/v2\/users\/1"}],"replies":[{"embeddable":true,"href":"https:\/\/municipalidadpucon.cl\/index.php?rest_route=%2Fwp%2Fv2%2Fcomments&post=28849"}],"version-history":[{"count":1,"href":"https:\/\/municipalidadpucon.cl\/index.php?rest_route=\/wp\/v2\/pages\/28849\/revisions"}],"predecessor-version":[{"id":28850,"href":"https:\/\/municipalidadpucon.cl\/index.php?rest_route=\/wp\/v2\/pages\/28849\/revisions\/28850"}],"wp:attachment":[{"href":"https:\/\/municipalidadpucon.cl\/index.php?rest_route=%2Fwp%2Fv2%2Fmedia&parent=28849"}],"curies":[{"name":"wp","href":"https:\/\/api.w.org\/{rel}","templated":true}]}}