{"id":83,"date":"2020-03-04T12:29:42","date_gmt":"2020-03-04T15:29:42","guid":{"rendered":"https:\/\/municipalidadpucon.cl\/?page_id=83"},"modified":"2025-10-21T07:56:50","modified_gmt":"2025-10-21T10:56:50","slug":"cosoc","status":"publish","type":"page","link":"https:\/\/municipalidadpucon.cl\/?page_id=83","title":{"rendered":"COSOC"},"content":{"rendered":"<p><div class=\"fusion-fullwidth fullwidth-box fusion-builder-row-1 nonhundred-percent-fullwidth non-hundred-percent-height-scrolling\" style=\"--awb-border-radius-top-left:0px;--awb-border-radius-top-right:0px;--awb-border-radius-bottom-right:0px;--awb-border-radius-bottom-left:0px;--awb-flex-wrap:wrap;\" ><div class=\"fusion-builder-row fusion-row\"><div class=\"fusion-layout-column fusion_builder_column fusion-builder-column-0 fusion_builder_column_1_1 1_1 fusion-one-full fusion-column-first fusion-column-last\" style=\"--awb-bg-size:cover;\"><div class=\"fusion-column-wrapper fusion-column-has-shadow fusion-flex-column-wrapper-legacy\"><div class=\"fusion-text fusion-text-1\" style=\"--awb-text-transform:none;\"><h4 style=\"text-align: center;\"><span style=\"color: #0086c1; font-family: arial, helvetica, sans-serif;\">Consejo Comunal de Organizaciones de la Sociedad Civil \u2013 COSOC<\/span><\/h4>\n<ul>\n<li><a href=\"https:\/\/municipalidadpucon.cl\/oldweb\/web2010\/transparencia\/LetraJ\/2025\/DEx_3862_Cronograma_Actividades_Formacion_COSOC_4.pdf\"><span style=\"font-family: arial, helvetica, sans-serif; font-size: 10pt;\">Decreto N\u00b0 3862 &#8211; Aprueba Cronograma de actividades de formaci\u00f3n del Concejo Comunal de Organizaciones de la Sociedad Civil de la Comuna.<\/span><\/a><\/li>\n<li><span style=\"font-family: arial, helvetica, sans-serif;\"><a href=\"https:\/\/municipalidadpucon.cl\/oldweb\/web2010\/transparencia\/LetraJ\/2025\/DEx_3816_Actualiza_Aprueba_Constitucion_COSOC_4.pdf\"><span style=\"font-size: 10pt;\">Decreto N\u00b0 3816 Actualiza Decreto N\u00b0 3771 y Aprueba Constituci\u00f3n COSOC<\/span><\/a><\/span><\/li>\n<li><a href=\"https:\/\/municipalidadpucon.cl\/oldweb\/web2010\/transparencia\/LetraJ\/2025\/DEx_2550_Abrase_Registro_Inscripcion_Organizaciones_Para_Formar_El_Cosoc_2025-2028.pdf\"><span style=\"font-family: arial, helvetica, sans-serif; font-size: 10pt;\">Registro de Inscripci\u00f3n de Organizaciones para Formar El Cosoc 2025-2028<\/span><\/a><\/li>\n<li><a href=\"https:\/\/municipalidadpucon.cl\/oldweb\/web2010\/transparencia\/LetraJ\/2025\/DEx_2551_Cronograma_Actividades_Formacion_Consejo_Comunal_Organizaciones_Sociedad_Civiles_Comuna_Pucon.pdf\"><span style=\"font-size: 10pt; font-family: arial, helvetica, sans-serif;\">Cronograma de Actividades de Formaci\u00f3n del Consejo Comunal de Organizaciones de la Sociedad Civiles de la Comuna de Puc\u00f3n<\/span><\/a><\/li>\n<li><a href=\"https:\/\/municipalidadpucon.cl\/oldweb\/web2010\/transparencia\/LetraJ\/2025\/DEx1652_InvitaParticiparConformacionEleccionIntegracionCosoc.pdf\"><span style=\"font-family: arial, helvetica, sans-serif; font-size: 10pt;\">Decreto N\u00b0 1652 Invita a Participar en La Conformaci\u00f3n, Elecci\u00f3n e Integraci\u00f3n del Consejo (Cosoc), Per\u00edodo 2024-2028<\/span><\/a><\/li>\n<li><a href=\"https:\/\/municipalidadpucon.cl\/oldweb\/web2010\/transparencia\/LetraJ\/2025\/DEx1651_DISPONGASE_Apertura_Registro_Publico.pdf\"><span style=\"font-family: arial, helvetica, sans-serif; font-size: 10pt;\">Decreto N\u00b0 1651 Cronograma de Actividades de Formaci\u00f3n del Consejo <\/span><\/a><\/li>\n<li><span style=\"font-family: arial, helvetica, sans-serif;\"><a href=\"https:\/\/municipalidadpucon.cl\/oldweb\/web2010\/transparencia\/LetraJ\/DEx4049_InvitaParticiparConformacionElecci%C3%B3nIntegracionCosoc%20.pdf\"><span style=\"font-size: 10pt;\">Decreto N\u00b0 4049 que invita a participar en la conformaci\u00f3n, Elecci\u00f3n e Integraci\u00f3n del Cosoc<\/span><\/a><\/span><\/li>\n<li><span style=\"font-family: arial, helvetica, sans-serif;\"><a href=\"https:\/\/municipalidadpucon.cl\/oldweb\/web2010\/transparencia\/LetraJ\/DEx4051_PoneTerminoConsejoComunalCosoc.pdf\"><span style=\"font-size: 10pt;\">Decreto N\u00b0 4051 el cual Pone Termino al Consejo Comunal (Cosoc)<\/span><\/a><\/span><\/li>\n<li><span style=\"font-family: arial, helvetica, sans-serif;\"><a href=\"https:\/\/municipalidadpucon.cl\/oldweb\/web2010\/transparencia\/LetraJ\/Aprueba_Modificacion_Reglamento_COSOC.pdf\"><span style=\"font-size: 10pt;\">Decreto N\u00b0 3175 Modificaci\u00f3n al Reglamento de Funcionamiento del Concejo de Organizaciones de la Sociedad Civil<\/span><\/a><\/span><\/li>\n<li><span style=\"font-size: 10pt; font-family: arial, helvetica, sans-serif;\"><a href=\"https:\/\/municipalidadpucon.cl\/oldweb\/web2010\/transparencia\/LetraJ\/DEx2420-Reglamento_Concejo_comunal_organizaciones_sociedad_civil_Septiembre_2019.pdf\" target=\"_blank\" rel=\"noopener noreferrer\">Decreto Exento N\u00b02420 Reglamento del Concejo comunal de organizaciones de la sociedad civil \u2013 Septiembre 2019<\/a><\/span><\/li>\n<li><span style=\"font-size: 10pt; font-family: arial, helvetica, sans-serif;\"><a href=\"https:\/\/municipalidadpucon.cl\/oldweb\/web2010\/transparencia\/LetraJ\/DECRETO%20N%C2%B0%202229%20Modif.%20Consejeros%20COSOC.pdf\" target=\"_blank\" rel=\"noopener noreferrer\">Decreto N\u00b0 2229 \u2013 Modificaci\u00f3n Consejeros COSOC<\/a><\/span><\/li>\n<li><span style=\"font-size: 10pt; font-family: arial, helvetica, sans-serif;\"><a href=\"https:\/\/www.municipalidadpucon.cl\/oldweb\/web2010\/transparencia\/LetraJ\/Decreto1952NombraMiembros%20COSOC%202020-2024.pdf\" target=\"_blank\" rel=\"noopener noreferrer\">Decreto Exento N\u00b0 1952 \u2013 Nombra miembros del COSOC\u00a0 2020 al 2024<\/a><\/span><\/li>\n<li><span style=\"font-size: 10pt; font-family: arial, helvetica, sans-serif;\"><a href=\"https:\/\/www.municipalidadpucon.cl\/oldweb\/web2010\/transparencia\/LetraJ\/Dex1137NominaOrganizacionesPuedenParticiparCOSOC2020-2024.pdf\">Decreto Exento N\u00b0 1137 \u2013 Nomina de Organizaciones que podr\u00e1n participar en la constituci\u00f3n del COSOC 2020-2024<\/a><\/span><\/li>\n<li style=\"text-align: left;\"><span style=\"font-size: 10pt; font-family: arial, helvetica, sans-serif;\"><a title=\"Aprueba el Reglamento\" href=\"https:\/\/www.municipalidadpucon.cl\/oldweb\/web2010\/transparencia\/LetraJ\/Aprueba_Reglamento_COSOC.pdf\" target=\"_blank\" rel=\"noopener noreferrer\">Decreto Exento N\u00b0 1673 \u2013 Reglamento de Consejos Comunales y Organizaciones de la Sociedad Civil<\/a><\/span><\/li>\n<li style=\"text-align: left;\"><span style=\"font-size: 10pt; font-family: arial, helvetica, sans-serif;\"><a href=\"https:\/\/www.municipalidadpucon.cl\/oldweb\/web2010\/transparencia\/LetraJ\/Aprueba_RegistroYCronograma_COSOC.pdf\" target=\"_blank\" rel=\"noopener noreferrer\">Decreto Exento N\u00b0 164 \u2013 Dispone la reapertura Registro P\u00fablico y Aprueba Cronograma de actividades de formaci\u00f3n del Consejo<\/a><\/span><\/li>\n<li style=\"text-align: left;\"><span style=\"font-size: 10pt; font-family: arial, helvetica, sans-serif;\"><a href=\"https:\/\/www.municipalidadpucon.cl\/oldweb\/web2010\/transparencia\/LetraJ\/Reapertura_RegistroYCronograma_COSOC.pdf\" target=\"_blank\" rel=\"noopener noreferrer\">Decreto Exento N\u00b0 1013 \u2013 Dispone la reapertura Registro P\u00fablico y Aprueba Cronograma de actividades de formaci\u00f3n del Consejo<\/a><\/span><\/li>\n<li style=\"text-align: left;\"><span style=\"font-size: 10pt; font-family: arial, helvetica, sans-serif;\"><a href=\"https:\/\/municipalidadpucon.cl\/oldweb\/web2010\/transparencia\/LetraJ\/Decreto1551%20Nombra%20miembros%20COSOCO2015-2019.pdf\" target=\"_blank\" rel=\"noopener noreferrer\">Decreto Exento N\u00b0 1551 \u2013 Nombra miembros del COSOCO \u00a02015 al 2019<\/a><\/span><\/li>\n<li><span style=\"font-size: 10pt; font-family: arial, helvetica, sans-serif;\"><a href=\"https:\/\/www.municipalidadpucon.cl\/oldweb\/web2010\/transparencia\/LetraJ\/DEx3032-Aprueba_texto_refundido_Concejo_comunal_organizaciones_sociedad_civil_2018.pdf\" target=\"_blank\" rel=\"noopener noreferrer\">Decreto Exento N\u00b03032 \u2013 Aprueba texto refundido del Reglamento del Concejo comunal de organizaciones de la sociedad civil \u2013 Noviembre de 2018<\/a><\/span><\/li>\n<li><span style=\"font-size: 10pt; font-family: arial, helvetica, sans-serif;\"><a href=\"https:\/\/www.municipalidadpucon.cl\/oldweb\/web2010\/transparencia\/LetraJ\/DEx3121-reapertura_del_Registro_Publico_COSOC.pdf\" target=\"_blank\" rel=\"noopener noreferrer\">DECRETO EXENTO N\u00b03121 de fecha 02-12-2019 , dispone la reapertura del Registro P\u00fablico y aprueba Cronograma de actividades de formaci\u00f3n del Consejo Comunal de Organizaciones de la Sociedad Civil (COSOC)<\/a><\/span><\/li>\n<\/ul>\n<\/div><div class=\"fusion-clearfix\"><\/div><\/div><\/div><\/div><\/div><div class=\"fusion-fullwidth fullwidth-box fusion-builder-row-2 fusion-flex-container nonhundred-percent-fullwidth non-hundred-percent-height-scrolling\" style=\"--awb-border-radius-top-left:0px;--awb-border-radius-top-right:0px;--awb-border-radius-bottom-right:0px;--awb-border-radius-bottom-left:0px;--awb-flex-wrap:wrap;\" ><div class=\"fusion-builder-row fusion-row fusion-flex-align-items-flex-start fusion-flex-content-wrap\" style=\"max-width:1352px;margin-left: calc(-4% \/ 2 );margin-right: calc(-4% \/ 2 );\"><div class=\"fusion-layout-column fusion_builder_column fusion-builder-column-1 fusion_builder_column_1_1 1_1 fusion-flex-column\" style=\"--awb-bg-size:cover;--awb-width-large:100%;--awb-margin-top-large:0px;--awb-spacing-right-large:1.92%;--awb-margin-bottom-large:20px;--awb-spacing-left-large:1.92%;--awb-width-medium:100%;--awb-order-medium:0;--awb-spacing-right-medium:1.92%;--awb-spacing-left-medium:1.92%;--awb-width-small:100%;--awb-order-small:0;--awb-spacing-right-small:1.92%;--awb-spacing-left-small:1.92%;\"><div class=\"fusion-column-wrapper fusion-column-has-shadow fusion-flex-justify-content-flex-start fusion-content-layout-column\"><div class=\"fusion-title title fusion-title-1 fusion-title-center fusion-title-text fusion-title-size-five\"><div class=\"title-sep-container title-sep-container-left\"><div class=\"title-sep sep-double sep-solid\" style=\"border-color:#e2e2e2;\"><\/div><\/div><span class=\"awb-title-spacer\"><\/span><h5 class=\"fusion-title-heading title-heading-center\" style=\"margin:0;\"><p style=\"text-align: center;\"><span style=\"color: #3366ff;\">Actas COSOC<\/span><\/p><\/h5><span class=\"awb-title-spacer\"><\/span><div class=\"title-sep-container title-sep-container-right\"><div class=\"title-sep sep-double sep-solid\" style=\"border-color:#e2e2e2;\"><\/div><\/div><\/div><\/div><\/div><div class=\"fusion-layout-column fusion_builder_column fusion-builder-column-2 fusion_builder_column_1_4 1_4 fusion-flex-column\" style=\"--awb-bg-size:cover;--awb-width-large:25%;--awb-margin-top-large:0px;--awb-spacing-right-large:7.68%;--awb-margin-bottom-large:20px;--awb-spacing-left-large:7.68%;--awb-width-medium:100%;--awb-order-medium:0;--awb-spacing-right-medium:1.92%;--awb-spacing-left-medium:1.92%;--awb-width-small:100%;--awb-order-small:0;--awb-spacing-right-small:1.92%;--awb-spacing-left-small:1.92%;\"><div class=\"fusion-column-wrapper fusion-column-has-shadow fusion-flex-justify-content-flex-start fusion-content-layout-column\"><div style=\"text-align:center;\"><a class=\"fusion-button button-flat fusion-button-default-size button-default fusion-button-default button-1 fusion-button-default-span fusion-button-default-type\" target=\"_self\" href=\"https:\/\/www.portaltransparencia.cl\/PortalPdT\/directorio-de-organismos-regulados\/?org=MU230&amp;pagina=60515207\"><span class=\"fusion-button-text\">Actas COSOC 2024<\/span><\/a><\/div><\/div><\/div><div class=\"fusion-layout-column fusion_builder_column fusion-builder-column-3 fusion_builder_column_1_4 1_4 fusion-flex-column\" style=\"--awb-bg-size:cover;--awb-width-large:25%;--awb-margin-top-large:0px;--awb-spacing-right-large:7.68%;--awb-margin-bottom-large:20px;--awb-spacing-left-large:7.68%;--awb-width-medium:100%;--awb-order-medium:0;--awb-spacing-right-medium:1.92%;--awb-spacing-left-medium:1.92%;--awb-width-small:100%;--awb-order-small:0;--awb-spacing-right-small:1.92%;--awb-spacing-left-small:1.92%;\"><div class=\"fusion-column-wrapper fusion-column-has-shadow fusion-flex-justify-content-flex-start fusion-content-layout-column\"><div style=\"text-align:center;\"><a class=\"fusion-button button-flat fusion-button-default-size button-default fusion-button-default button-2 fusion-button-default-span fusion-button-default-type\" target=\"_self\" href=\"https:\/\/www.portaltransparencia.cl\/PortalPdT\/directorio-de-organismos-regulados\/?org=MU230&amp;pagina=60270629\"><span class=\"fusion-button-text\">Actas COSOC 2023<\/span><\/a><\/div><\/div><\/div><div class=\"fusion-layout-column fusion_builder_column fusion-builder-column-4 fusion_builder_column_1_4 1_4 fusion-flex-column\" style=\"--awb-bg-size:cover;--awb-width-large:25%;--awb-margin-top-large:0px;--awb-spacing-right-large:7.68%;--awb-margin-bottom-large:20px;--awb-spacing-left-large:7.68%;--awb-width-medium:100%;--awb-order-medium:0;--awb-spacing-right-medium:1.92%;--awb-spacing-left-medium:1.92%;--awb-width-small:100%;--awb-order-small:0;--awb-spacing-right-small:1.92%;--awb-spacing-left-small:1.92%;\"><div class=\"fusion-column-wrapper fusion-column-has-shadow fusion-flex-justify-content-flex-start fusion-content-layout-column\"><div style=\"text-align:center;\"><a class=\"fusion-button button-flat fusion-button-default-size button-default fusion-button-default button-3 fusion-button-default-span fusion-button-default-type\" target=\"_self\" href=\"https:\/\/www.portaltransparencia.cl\/PortalPdT\/directorio-de-organismos-regulados\/?org=MU230&amp;pagina=59603281\"><span class=\"fusion-button-text\">Actas COSOC 2022<\/span><\/a><\/div><\/div><\/div><div class=\"fusion-layout-column fusion_builder_column fusion-builder-column-5 fusion_builder_column_1_4 1_4 fusion-flex-column\" style=\"--awb-bg-size:cover;--awb-width-large:25%;--awb-margin-top-large:0px;--awb-spacing-right-large:7.68%;--awb-margin-bottom-large:20px;--awb-spacing-left-large:7.68%;--awb-width-medium:100%;--awb-order-medium:0;--awb-spacing-right-medium:1.92%;--awb-spacing-left-medium:1.92%;--awb-width-small:100%;--awb-order-small:0;--awb-spacing-right-small:1.92%;--awb-spacing-left-small:1.92%;\"><div class=\"fusion-column-wrapper fusion-column-has-shadow fusion-flex-justify-content-flex-start fusion-content-layout-column\"><div style=\"text-align:center;\"><a class=\"fusion-button button-flat fusion-button-default-size button-default fusion-button-default button-4 fusion-button-default-span fusion-button-default-type\" target=\"_self\" href=\"https:\/\/www.portaltransparencia.cl\/PortalPdT\/directorio-de-organismos-regulados\/?org=MU230&amp;pagina=59603184\"><span class=\"fusion-button-text\">Actas COSOC 2021<\/span><\/a><\/div><\/div><\/div><div class=\"fusion-layout-column fusion_builder_column fusion-builder-column-6 fusion_builder_column_1_4 1_4 fusion-flex-column\" style=\"--awb-bg-size:cover;--awb-width-large:25%;--awb-margin-top-large:0px;--awb-spacing-right-large:7.68%;--awb-margin-bottom-large:20px;--awb-spacing-left-large:7.68%;--awb-width-medium:100%;--awb-order-medium:0;--awb-spacing-right-medium:1.92%;--awb-spacing-left-medium:1.92%;--awb-width-small:100%;--awb-order-small:0;--awb-spacing-right-small:1.92%;--awb-spacing-left-small:1.92%;\"><div class=\"fusion-column-wrapper fusion-column-has-shadow fusion-flex-justify-content-flex-start fusion-content-layout-column\"><div style=\"text-align:center;\"><a class=\"fusion-button button-flat fusion-button-default-size button-default fusion-button-default button-5 fusion-button-default-span fusion-button-default-type\" target=\"_self\" href=\"https:\/\/www.portaltransparencia.cl\/PortalPdT\/directorio-de-organismos-regulados\/?org=MU230&amp;pagina=59261672\"><span class=\"fusion-button-text\">Actas COSOC 2020<\/span><\/a><\/div><\/div><\/div><div class=\"fusion-layout-column fusion_builder_column fusion-builder-column-7 fusion_builder_column_1_4 1_4 fusion-flex-column\" style=\"--awb-bg-size:cover;--awb-width-large:25%;--awb-margin-top-large:0px;--awb-spacing-right-large:7.68%;--awb-margin-bottom-large:20px;--awb-spacing-left-large:7.68%;--awb-width-medium:100%;--awb-order-medium:0;--awb-spacing-right-medium:1.92%;--awb-spacing-left-medium:1.92%;--awb-width-small:100%;--awb-order-small:0;--awb-spacing-right-small:1.92%;--awb-spacing-left-small:1.92%;\"><div class=\"fusion-column-wrapper fusion-column-has-shadow fusion-flex-justify-content-flex-start fusion-content-layout-column\"><div style=\"text-align:center;\"><a class=\"fusion-button button-flat fusion-button-default-size button-default fusion-button-default button-6 fusion-button-default-span fusion-button-default-type\" target=\"_self\" href=\"https:\/\/www.portaltransparencia.cl\/PortalPdT\/directorio-de-organismos-regulados\/?org=MU230&amp;pagina=58863898\"><span class=\"fusion-button-text\">Actas COSOC 2019<\/span><\/a><\/div><\/div><\/div><div class=\"fusion-layout-column fusion_builder_column fusion-builder-column-8 fusion_builder_column_1_4 1_4 fusion-flex-column\" style=\"--awb-bg-size:cover;--awb-width-large:25%;--awb-margin-top-large:0px;--awb-spacing-right-large:7.68%;--awb-margin-bottom-large:20px;--awb-spacing-left-large:7.68%;--awb-width-medium:100%;--awb-order-medium:0;--awb-spacing-right-medium:1.92%;--awb-spacing-left-medium:1.92%;--awb-width-small:100%;--awb-order-small:0;--awb-spacing-right-small:1.92%;--awb-spacing-left-small:1.92%;\"><div class=\"fusion-column-wrapper fusion-column-has-shadow fusion-flex-justify-content-flex-start fusion-content-layout-column\"><div style=\"text-align:center;\"><a class=\"fusion-button button-flat fusion-button-default-size button-default fusion-button-default button-7 fusion-button-default-span fusion-button-default-type\" target=\"_self\" href=\"https:\/\/www.portaltransparencia.cl\/PortalPdT\/directorio-de-organismos-regulados\/?org=MU230&amp;pagina=58863897\"><span class=\"fusion-button-text\">Actas COSOC 2018<\/span><\/a><\/div><\/div><\/div><div class=\"fusion-layout-column fusion_builder_column fusion-builder-column-9 fusion_builder_column_1_4 1_4 fusion-flex-column\" style=\"--awb-bg-size:cover;--awb-width-large:25%;--awb-margin-top-large:0px;--awb-spacing-right-large:7.68%;--awb-margin-bottom-large:20px;--awb-spacing-left-large:7.68%;--awb-width-medium:100%;--awb-order-medium:0;--awb-spacing-right-medium:1.92%;--awb-spacing-left-medium:1.92%;--awb-width-small:100%;--awb-order-small:0;--awb-spacing-right-small:1.92%;--awb-spacing-left-small:1.92%;\"><div class=\"fusion-column-wrapper fusion-column-has-shadow fusion-flex-justify-content-flex-start fusion-content-layout-column\"><div style=\"text-align:center;\"><a class=\"fusion-button button-flat fusion-button-default-size button-default fusion-button-default button-8 fusion-button-default-span fusion-button-default-type\" target=\"_self\" href=\"https:\/\/www.portaltransparencia.cl\/PortalPdT\/directorio-de-organismos-regulados\/?org=MU230&amp;pagina=58863899\"><span class=\"fusion-button-text\">Actas COSOC 2017<\/span><\/a><\/div><\/div><\/div><\/div><\/div><\/p>\n","protected":false},"excerpt":{"rendered":"","protected":false},"author":1,"featured_media":0,"parent":0,"menu_order":0,"comment_status":"closed","ping_status":"closed","template":"","meta":[],"_links":{"self":[{"href":"https:\/\/municipalidadpucon.cl\/index.php?rest_route=\/wp\/v2\/pages\/83"}],"collection":[{"href":"https:\/\/municipalidadpucon.cl\/index.php?rest_route=\/wp\/v2\/pages"}],"about":[{"href":"https:\/\/municipalidadpucon.cl\/index.php?rest_route=\/wp\/v2\/types\/page"}],"author":[{"embeddable":true,"href":"https:\/\/municipalidadpucon.cl\/index.php?rest_route=\/wp\/v2\/users\/1"}],"replies":[{"embeddable":true,"href":"https:\/\/municipalidadpucon.cl\/index.php?rest_route=%2Fwp%2Fv2%2Fcomments&post=83"}],"version-history":[{"count":38,"href":"https:\/\/municipalidadpucon.cl\/index.php?rest_route=\/wp\/v2\/pages\/83\/revisions"}],"predecessor-version":[{"id":56781,"href":"https:\/\/municipalidadpucon.cl\/index.php?rest_route=\/wp\/v2\/pages\/83\/revisions\/56781"}],"wp:attachment":[{"href":"https:\/\/municipalidadpucon.cl\/index.php?rest_route=%2Fwp%2Fv2%2Fmedia&parent=83"}],"curies":[{"name":"wp","href":"https:\/\/api.w.org\/{rel}","templated":true}]}}